{"id":6580,"date":"2026-03-12T05:37:51","date_gmt":"2026-03-12T04:37:51","guid":{"rendered":"https:\/\/chloedelaume.net\/?page_id=6580"},"modified":"2026-03-12T05:37:51","modified_gmt":"2026-03-12T04:37:51","slug":"sans-oublier-quen-plus-cest-bien-la-fin-du-monde","status":"publish","type":"page","link":"https:\/\/chloedelaume.net\/?page_id=6580","title":{"rendered":"Sans oublier qu&rsquo;en plus c&rsquo;est bien la fin du monde"},"content":{"rendered":"<p><img loading=\"lazy\" decoding=\"async\" class=\"size-medium wp-image-6555 alignleft\" src=\"https:\/\/chloedelaume.net\/wp-content\/uploads\/2026\/02\/delaumecouv3-copie-325x495-1-197x300.jpg\" alt=\"\" width=\"197\" height=\"300\" srcset=\"https:\/\/chloedelaume.net\/wp-content\/uploads\/2026\/02\/delaumecouv3-copie-325x495-1-197x300.jpg 197w, https:\/\/chloedelaume.net\/wp-content\/uploads\/2026\/02\/delaumecouv3-copie-325x495-1-100x152.jpg 100w, https:\/\/chloedelaume.net\/wp-content\/uploads\/2026\/02\/delaumecouv3-copie-325x495-1.jpg 325w\" sizes=\"auto, (max-width: 197px) 100vw, 197px\" \/>Publi\u00e9 aux \u00e9ditions du Castor Astral, Sans oublier qu&rsquo;en plus c&rsquo;est bien la fin du monde est un recueil po\u00e9tique en six parties, avec des entr\u00e9es th\u00e9matiques, des po\u00e8mes et des paroles de chansons.<\/p>\n<p><em>Aucune \u00e9piphanie ne divertit du deuil<\/em>\u00a0\u2013\u00a0<em>Et de nos pr\u00e9dateurs nous nous ferons des manteaux<\/em>\u00a0\u2013\u00a0<em>Mon ventre m\u2019appartient tout autant que mon c\u0153ur \u2013<\/em>\u00a0<em>Dream Operator,\u00a0<\/em>un ensemble de sonnets\u00a0 \u2013\u00a0\u00a0<em>Peut-\u00eatre ou surtout pas une histoire d\u2019amour,\u00a0<\/em>qui regroupe\u00a0les po\u00e8mes \u00e9crits en marge du roman\u00a0<em><a href=\"https:\/\/chloedelaume.net\/?page_id=6140\" target=\"_blank\" rel=\"noopener\">Pauvre folle<\/a>\u00a0<\/em>\u2013\u00a0<em>Les fabuleuses m\u00e9saventures d\u2019une h\u00e9ro\u00efne contemporaine\u00a0<\/em>avec les textes de l\u2019album miroir au roman\u00a0<a href=\"https:\/\/chloedelaume.net\/?page_id=5720\" target=\"_blank\" rel=\"noopener\"><em>Le c\u0153ur synth\u00e9tique<\/em><\/a>.<\/p>\n<p><img loading=\"lazy\" decoding=\"async\" class=\"alignnone size-medium wp-image-6582\" src=\"https:\/\/chloedelaume.net\/wp-content\/uploads\/2026\/03\/7-240x300.jpg\" alt=\"\" width=\"240\" height=\"300\" srcset=\"https:\/\/chloedelaume.net\/wp-content\/uploads\/2026\/03\/7-240x300.jpg 240w, https:\/\/chloedelaume.net\/wp-content\/uploads\/2026\/03\/7-819x1024.jpg 819w, https:\/\/chloedelaume.net\/wp-content\/uploads\/2026\/03\/7-768x960.jpg 768w, https:\/\/chloedelaume.net\/wp-content\/uploads\/2026\/03\/7-100x125.jpg 100w, https:\/\/chloedelaume.net\/wp-content\/uploads\/2026\/03\/7.jpg 1080w\" sizes=\"auto, (max-width: 240px) 100vw, 240px\" \/><img loading=\"lazy\" decoding=\"async\" class=\"alignnone size-medium wp-image-6581\" src=\"https:\/\/chloedelaume.net\/wp-content\/uploads\/2026\/03\/6-240x300.jpg\" alt=\"\" width=\"240\" height=\"300\" srcset=\"https:\/\/chloedelaume.net\/wp-content\/uploads\/2026\/03\/6-240x300.jpg 240w, https:\/\/chloedelaume.net\/wp-content\/uploads\/2026\/03\/6-819x1024.jpg 819w, https:\/\/chloedelaume.net\/wp-content\/uploads\/2026\/03\/6-768x960.jpg 768w, https:\/\/chloedelaume.net\/wp-content\/uploads\/2026\/03\/6-100x125.jpg 100w, https:\/\/chloedelaume.net\/wp-content\/uploads\/2026\/03\/6.jpg 1080w\" sizes=\"auto, (max-width: 240px) 100vw, 240px\" \/><\/p>\n","protected":false},"excerpt":{"rendered":"<p>Publi\u00e9 aux \u00e9ditions du Castor Astral, Sans oublier qu&rsquo;en plus c&rsquo;est bien la fin du monde est un recueil po\u00e9tique en six parties, avec des entr\u00e9es th\u00e9matiques, des po\u00e8mes et des paroles de chansons. Aucune \u00e9piphanie ne divertit du deuil\u00a0\u2013\u00a0Et &hellip; <a href=\"https:\/\/chloedelaume.net\/?page_id=6580\">Continuer la lecture <span class=\"meta-nav\">&rarr;<\/span><\/a><\/p>\n","protected":false},"author":2,"featured_media":0,"parent":0,"menu_order":0,"comment_status":"closed","ping_status":"closed","template":"","meta":{"jetpack_post_was_ever_published":false,"footnotes":""},"class_list":["post-6580","page","type-page","status-publish","hentry"],"jetpack_sharing_enabled":true,"jetpack_shortlink":"https:\/\/wp.me\/P3Xt8S-1I8","_links":{"self":[{"href":"https:\/\/chloedelaume.net\/index.php?rest_route=\/wp\/v2\/pages\/6580","targetHints":{"allow":["GET"]}}],"collection":[{"href":"https:\/\/chloedelaume.net\/index.php?rest_route=\/wp\/v2\/pages"}],"about":[{"href":"https:\/\/chloedelaume.net\/index.php?rest_route=\/wp\/v2\/types\/page"}],"author":[{"embeddable":true,"href":"https:\/\/chloedelaume.net\/index.php?rest_route=\/wp\/v2\/users\/2"}],"replies":[{"embeddable":true,"href":"https:\/\/chloedelaume.net\/index.php?rest_route=%2Fwp%2Fv2%2Fcomments&post=6580"}],"version-history":[{"count":1,"href":"https:\/\/chloedelaume.net\/index.php?rest_route=\/wp\/v2\/pages\/6580\/revisions"}],"predecessor-version":[{"id":6584,"href":"https:\/\/chloedelaume.net\/index.php?rest_route=\/wp\/v2\/pages\/6580\/revisions\/6584"}],"wp:attachment":[{"href":"https:\/\/chloedelaume.net\/index.php?rest_route=%2Fwp%2Fv2%2Fmedia&parent=6580"}],"curies":[{"name":"wp","href":"https:\/\/api.w.org\/{rel}","templated":true}]}}