{"id":6575,"date":"2026-03-12T05:29:28","date_gmt":"2026-03-12T04:29:28","guid":{"rendered":"https:\/\/chloedelaume.net\/?page_id=6575"},"modified":"2026-03-12T05:45:43","modified_gmt":"2026-03-12T04:45:43","slug":"par-64-fois-jy-ai-cru","status":"publish","type":"page","link":"https:\/\/chloedelaume.net\/?page_id=6575","title":{"rendered":"Par 64 fois j&rsquo;y ai cru"},"content":{"rendered":"<p style=\"text-align: left;\"><img loading=\"lazy\" decoding=\"async\" class=\"size-medium wp-image-6576 alignleft\" src=\"https:\/\/chloedelaume.net\/wp-content\/uploads\/2026\/03\/par-64-fois-j-y-ai-cru-300x300.jpg\" alt=\"\" width=\"300\" height=\"300\" srcset=\"https:\/\/chloedelaume.net\/wp-content\/uploads\/2026\/03\/par-64-fois-j-y-ai-cru-300x300.jpg 300w, https:\/\/chloedelaume.net\/wp-content\/uploads\/2026\/03\/par-64-fois-j-y-ai-cru-150x150.jpg 150w, https:\/\/chloedelaume.net\/wp-content\/uploads\/2026\/03\/par-64-fois-j-y-ai-cru-100x100.jpg 100w, https:\/\/chloedelaume.net\/wp-content\/uploads\/2026\/03\/par-64-fois-j-y-ai-cru.jpg 340w\" sizes=\"auto, (max-width: 300px) 100vw, 300px\" \/>64, c&rsquo;est le nombre de cases sur l&rsquo;\u00e9chiquier. Ainsi on trouvera ici 64 fa\u00e7ons, tant\u00f4t graves, tant\u00f4t l\u00e9g\u00e8res, de mettre l&rsquo;amour \u00e9chec et mat.<\/p>\n<p style=\"text-align: left;\">Dans ce joli petit objet broch\u00e9 toil\u00e9 noir avec un marquage \u00e0 chaud argent, publi\u00e9 aux \u00e9ditions de l&rsquo;Ogre, Chlo\u00e9 Delaume joue avec la langue,\u00a0 les images et les aphorismes de l&rsquo;amour dans une joyeuse danse gothique, entre Boris Vian et Tim Burton, m\u00ealant humour noir et po\u00e9sie.<\/p>\n<p style=\"text-align: left;\">Illustrations et calligraphie de Fran\u00e7ois Alary, du duo D\u00e9vast\u00e9e, avec qui l&rsquo;autrice collabore r\u00e9guli\u00e8rement depuis 2008.<\/p>\n<p><img loading=\"lazy\" decoding=\"async\" class=\"alignnone size-medium wp-image-6587\" src=\"https:\/\/chloedelaume.net\/wp-content\/uploads\/2026\/03\/demain-des-laube-225x300.jpg\" alt=\"\" width=\"225\" height=\"300\" srcset=\"https:\/\/chloedelaume.net\/wp-content\/uploads\/2026\/03\/demain-des-laube-225x300.jpg 225w, https:\/\/chloedelaume.net\/wp-content\/uploads\/2026\/03\/demain-des-laube-768x1024.jpg 768w, https:\/\/chloedelaume.net\/wp-content\/uploads\/2026\/03\/demain-des-laube-100x133.jpg 100w, https:\/\/chloedelaume.net\/wp-content\/uploads\/2026\/03\/demain-des-laube.jpg 1080w\" sizes=\"auto, (max-width: 225px) 100vw, 225px\" \/><\/p>\n<p><img loading=\"lazy\" decoding=\"async\" class=\"wp-image-6577 alignleft\" src=\"https:\/\/chloedelaume.net\/wp-content\/uploads\/2026\/03\/a-quoi-ca-sert-225x300.jpg\" alt=\"\" width=\"269\" height=\"354\" \/><\/p>\n","protected":false},"excerpt":{"rendered":"<p>64, c&rsquo;est le nombre de cases sur l&rsquo;\u00e9chiquier. Ainsi on trouvera ici 64 fa\u00e7ons, tant\u00f4t graves, tant\u00f4t l\u00e9g\u00e8res, de mettre l&rsquo;amour \u00e9chec et mat. Dans ce joli petit objet broch\u00e9 toil\u00e9 noir avec un marquage \u00e0 chaud argent, publi\u00e9 aux &hellip; <a href=\"https:\/\/chloedelaume.net\/?page_id=6575\">Continuer la lecture <span class=\"meta-nav\">&rarr;<\/span><\/a><\/p>\n","protected":false},"author":2,"featured_media":0,"parent":0,"menu_order":0,"comment_status":"closed","ping_status":"closed","template":"","meta":{"jetpack_post_was_ever_published":false,"footnotes":""},"class_list":["post-6575","page","type-page","status-publish","hentry"],"jetpack_sharing_enabled":true,"jetpack_shortlink":"https:\/\/wp.me\/P3Xt8S-1I3","_links":{"self":[{"href":"https:\/\/chloedelaume.net\/index.php?rest_route=\/wp\/v2\/pages\/6575","targetHints":{"allow":["GET"]}}],"collection":[{"href":"https:\/\/chloedelaume.net\/index.php?rest_route=\/wp\/v2\/pages"}],"about":[{"href":"https:\/\/chloedelaume.net\/index.php?rest_route=\/wp\/v2\/types\/page"}],"author":[{"embeddable":true,"href":"https:\/\/chloedelaume.net\/index.php?rest_route=\/wp\/v2\/users\/2"}],"replies":[{"embeddable":true,"href":"https:\/\/chloedelaume.net\/index.php?rest_route=%2Fwp%2Fv2%2Fcomments&post=6575"}],"version-history":[{"count":3,"href":"https:\/\/chloedelaume.net\/index.php?rest_route=\/wp\/v2\/pages\/6575\/revisions"}],"predecessor-version":[{"id":6588,"href":"https:\/\/chloedelaume.net\/index.php?rest_route=\/wp\/v2\/pages\/6575\/revisions\/6588"}],"wp:attachment":[{"href":"https:\/\/chloedelaume.net\/index.php?rest_route=%2Fwp%2Fv2%2Fmedia&parent=6575"}],"curies":[{"name":"wp","href":"https:\/\/api.w.org\/{rel}","templated":true}]}}