{"id":6461,"date":"2025-07-10T13:13:13","date_gmt":"2025-07-10T11:13:13","guid":{"rendered":"https:\/\/chloedelaume.net\/?page_id=6461"},"modified":"2026-03-12T05:13:39","modified_gmt":"2026-03-12T04:13:39","slug":"ateliers-decriture","status":"publish","type":"page","link":"https:\/\/chloedelaume.net\/?page_id=6461","title":{"rendered":"Consultations &amp; suivi de manuscrits"},"content":{"rendered":"\n<p>Chlo\u00e9 Delaume accompagne des <strong>projets litt\u00e9raires<\/strong> : autofictions, romans, textes po\u00e9tiques, formes hybrides. <\/p>\n\n\n\n<p class=\"has-text-align-left\">Il ne s&rsquo;agit ni d&rsquo;un atelier d&rsquo;\u00e9criture, ni d&rsquo;une formation, mais d&rsquo;une<strong> lecture critique<\/strong> permettant d&rsquo;affiner la construction du texte, d&rsquo;en orienter la dynamique, de pr\u00e9ciser les choix narratifs et de travailler la langue.<\/p>\n\n\n\n<p>Cet accompagnement est destin\u00e9 \u00e0 des projets <strong>en d\u00e9but d\u2019\u00e9criture<\/strong> ; il ne concerne pas les manuscrits d\u00e9j\u00e0 largement r\u00e9dig\u00e9s. Un synopsis, une note d&rsquo;intention et un extrait du texte (5 \u00e0 20 pages) sont demand\u00e9s. <\/p>\n\n\n\n<p>L\u2019objectif est d\u2019aider l\u2019auteurice \u00e0 <strong>poser les bases du livre<\/strong> : clarifier le projet, \u00e9laborer le plan,  mettre en place les premiers chapitres, identifier les sc\u00e8nes cl\u00e9s, d\u00e9finir le contenu du dernier chapitre. <strong>Un suivi <\/strong>durant toute l&rsquo;\u00e9criture de l&rsquo;ouvrage est \u00e9galement <strong>possible<\/strong>.<\/p>\n\n\n<div class=\"wp-block-image\">\n<figure class=\"aligncenter size-full is-resized\"><img loading=\"lazy\" decoding=\"async\" width=\"29\" height=\"29\" src=\"https:\/\/chloedelaume.net\/wp-content\/uploads\/2026\/03\/ghost-21.gif\" alt=\"\" class=\"wp-image-6563\" style=\"width:45px;height:auto\"\/><\/figure><\/div>\n\n\n<p>Deux formats sont propos\u00e9s, tous deux exclusivement en visioconf\u00e9rence : <\/p>\n\n\n\n<p><strong>Consultation unique<\/strong> <strong>: <\/strong>Lecture pr\u00e9alable des \u00e9l\u00e9ments transmis, suivie d&rsquo;un entretien d&rsquo;environ <strong>1h30<\/strong>, consacr\u00e9 \u00e0 l\u2019analyse du projet et aux pistes possibles de d\u00e9veloppement. <strong>Tarif : 500 euros<\/strong>. <\/p>\n\n\n\n<p><strong>Suivi de manuscrit : <\/strong>Le suivi prend la forme d\u2019un <strong>cycle de cinq s\u00e9ances<\/strong>, destin\u00e9 \u00e0 accompagner l\u2019\u00e9criture du manuscrit au fil de son \u00e9laboration. Les \u00e9changes permettent de travailler la structure du livre, d&rsquo;ajuster sa progression et de discuter de ce qui vient d&rsquo;\u00eatre \u00e9crit. Chaque s\u00e9ance dure environ <strong>1h \u00e0 1h30<\/strong> et s&rsquo;appuie sur l&rsquo;envoi pr\u00e9alable des pages r\u00e9dig\u00e9es depuis la derni\u00e8re session (30 pages maximum).Les s\u00e9ances doivent se d\u00e9rouler dans un d\u00e9lai maximal de<strong> six mois<\/strong>, ce qui n\u00e9cessite une r\u00e9elle implication et de la rigueur. <strong>Tarif : 2500 euros. <\/strong><\/p>\n\n\n<div class=\"wp-block-image\">\n<figure class=\"aligncenter size-full is-resized\"><img loading=\"lazy\" decoding=\"async\" width=\"29\" height=\"29\" src=\"https:\/\/chloedelaume.net\/wp-content\/uploads\/2026\/03\/ghost-31.gif\" alt=\"\" class=\"wp-image-6569\" style=\"width:43px;height:auto\"\/><\/figure><\/div>\n\n\n<p><strong>Les projets sont s\u00e9lectionn\u00e9s<\/strong> apr\u00e8s lecture des \u00e9l\u00e9ments transmis et le nombre de suivi de manuscrit est volontairement limit\u00e9. Les textes relevant de la litt\u00e9rature \u00e9rotique et les romans policiers ne font pas parti du champ de cet accompagnement. Les manuscrits d\u00e9j\u00e0 achev\u00e9s, les demandes de diagnostic \u00e9ditorial ou de correction de texte ne sont pas concern\u00e9s par ce qui est ici propos\u00e9. <\/p>\n\n\n\n<p><strong>NB : <\/strong>Qu&rsquo;il s&rsquo;agisse d&rsquo;une consultation unique ou d&rsquo;un suivi de manuscrit, des conseils \u00e9ditoriaux pourront \u00eatre prodigu\u00e9s; ils n\u2019impliquent n\u00e9anmoins aucune recommandation aupr\u00e8s d\u2019une maison d\u2019\u00e9dition.<\/p>\n\n\n\n<p><strong>Protocole :<\/strong> Pr\u00e9sentez-vous bri\u00e8vement via la page <a href=\"https:\/\/chloedelaume.net\/?page_id=175\" data-type=\"page\" data-id=\"175\">contact<\/a>, ainsi que votre projet. Pr\u00e9cisez le format d&rsquo;accompagnement. Chlo\u00e9 Delaume vous r\u00e9pondra rapidement.<\/p>\n\n\n\n<p class=\"has-text-align-left\"><\/p>\n\n\n\n<p class=\"has-text-align-left\"><\/p>\n\n\n\n<p><\/p>\n","protected":false},"excerpt":{"rendered":"<p>Chlo\u00e9 Delaume accompagne des projets litt\u00e9raires : autofictions, romans, textes po\u00e9tiques, formes hybrides. Il ne s&rsquo;agit ni d&rsquo;un atelier d&rsquo;\u00e9criture, ni d&rsquo;une formation, mais d&rsquo;une lecture critique permettant d&rsquo;affiner la construction du texte, d&rsquo;en orienter la dynamique, de pr\u00e9ciser les &hellip; <a href=\"https:\/\/chloedelaume.net\/?page_id=6461\">Continuer la lecture <span class=\"meta-nav\">&rarr;<\/span><\/a><\/p>\n","protected":false},"author":2,"featured_media":0,"parent":0,"menu_order":0,"comment_status":"closed","ping_status":"closed","template":"","meta":{"jetpack_post_was_ever_published":false,"footnotes":""},"class_list":["post-6461","page","type-page","status-publish","hentry"],"jetpack_sharing_enabled":true,"jetpack_shortlink":"https:\/\/wp.me\/P3Xt8S-1Gd","_links":{"self":[{"href":"https:\/\/chloedelaume.net\/index.php?rest_route=\/wp\/v2\/pages\/6461","targetHints":{"allow":["GET"]}}],"collection":[{"href":"https:\/\/chloedelaume.net\/index.php?rest_route=\/wp\/v2\/pages"}],"about":[{"href":"https:\/\/chloedelaume.net\/index.php?rest_route=\/wp\/v2\/types\/page"}],"author":[{"embeddable":true,"href":"https:\/\/chloedelaume.net\/index.php?rest_route=\/wp\/v2\/users\/2"}],"replies":[{"embeddable":true,"href":"https:\/\/chloedelaume.net\/index.php?rest_route=%2Fwp%2Fv2%2Fcomments&post=6461"}],"version-history":[{"count":11,"href":"https:\/\/chloedelaume.net\/index.php?rest_route=\/wp\/v2\/pages\/6461\/revisions"}],"predecessor-version":[{"id":6589,"href":"https:\/\/chloedelaume.net\/index.php?rest_route=\/wp\/v2\/pages\/6461\/revisions\/6589"}],"wp:attachment":[{"href":"https:\/\/chloedelaume.net\/index.php?rest_route=%2Fwp%2Fv2%2Fmedia&parent=6461"}],"curies":[{"name":"wp","href":"https:\/\/api.w.org\/{rel}","templated":true}]}}