{"id":5756,"date":"2020-07-14T23:33:43","date_gmt":"2020-07-14T21:33:43","guid":{"rendered":"http:\/\/www.chloedelaume.net\/?page_id=5756"},"modified":"2025-07-10T13:53:11","modified_gmt":"2025-07-10T11:53:11","slug":"cinema","status":"publish","type":"page","link":"https:\/\/chloedelaume.net\/?page_id=5756","title":{"rendered":""},"content":{"rendered":"<p style=\"text-align: center;\"><strong>SC\u00c9NARISTE<\/strong><\/p>\n<p><em>La nuit des reines<\/em>, long m\u00e9trage de Valentin Nouja\u00efm. Co\u00e9criture, en d\u00e9veloppement chez Kometa Films. Laur\u00e9at de la bourse Beaumarchais 2023.<\/p>\n<p><em>3 c\u0153urs et des canines<\/em>, long m\u00e9trage (Com\u00e9die romantique fantastique). En d\u00e9veloppement dans le cadre de la R\u00e9sidence So Film de Genre 2021. Produit par Capricci Films. En partenariat avec Canal+, Cin\u00e9+, Arte, Wild Bunch.<\/p>\n<p><em>Les Contribuants<\/em>, long m\u00e9trage (Com\u00e9die horrifique). En d\u00e9veloppement dans le cadre de la R\u00e9sidence So Film de Genre 2020. Produit par Capricci Films. En partenariat avec Canal+, Cin\u00e9+, Arte, Wild Bunch.<\/p>\n<p><em>M\u00e9mor\u00e9a<\/em>, long m\u00e9trage (SF). En d\u00e9veloppement dans le cadre de la R\u00e9sidence So Film de Genre 2019. Produit par Capricci Films. En partenariat avec Canal+, Cin\u00e9+, Arte, Wild Bunch.<\/p>\n<p style=\"text-align: center;\"><strong>R\u00c9ALISATION<\/strong><\/p>\n<p><em>La Mort a fait un burnout<\/em>, court m\u00e9trage (Com\u00e9die musicale) en d\u00e9veloppement chez Ph\u00e9nom\u00e8nes Films.<\/p>\n<p><a href=\"https:\/\/www.youtube.com\/watch?v=zKz1KYGiJJY\" target=\"_blank\" rel=\"noopener\"><em>Ouin Ouin boogie<\/em><\/a>, clip (5min), cor\u00e9alisation avec Christophe Id\u00e9al, Ph\u00e9nom\u00e8nes Films, 2025.<\/p>\n<p><a href=\"http:\/\/www.chloedelaume.net\/?page_id=4444\" target=\"_blank\" rel=\"noopener noreferrer\"><em>La Contribution<\/em><\/a>, court m\u00e9trage (Dystopie, 12 min), La Collection de Canal +, Manufactura, 2014.<\/p>\n","protected":false},"excerpt":{"rendered":"<p>SC\u00c9NARISTE La nuit des reines, long m\u00e9trage de Valentin Nouja\u00efm. Co\u00e9criture, en d\u00e9veloppement chez Kometa Films. Laur\u00e9at de la bourse Beaumarchais 2023. 3 c\u0153urs et des canines, long m\u00e9trage (Com\u00e9die romantique fantastique). En d\u00e9veloppement dans le cadre de la R\u00e9sidence &hellip; <a href=\"https:\/\/chloedelaume.net\/?page_id=5756\">Continuer la lecture <span class=\"meta-nav\">&rarr;<\/span><\/a><\/p>\n","protected":false},"author":2,"featured_media":0,"parent":4444,"menu_order":0,"comment_status":"closed","ping_status":"closed","template":"","meta":{"jetpack_post_was_ever_published":false,"footnotes":""},"class_list":["post-5756","page","type-page","status-publish","hentry"],"jetpack_sharing_enabled":true,"jetpack_shortlink":"https:\/\/wp.me\/P3Xt8S-1uQ","_links":{"self":[{"href":"https:\/\/chloedelaume.net\/index.php?rest_route=\/wp\/v2\/pages\/5756","targetHints":{"allow":["GET"]}}],"collection":[{"href":"https:\/\/chloedelaume.net\/index.php?rest_route=\/wp\/v2\/pages"}],"about":[{"href":"https:\/\/chloedelaume.net\/index.php?rest_route=\/wp\/v2\/types\/page"}],"author":[{"embeddable":true,"href":"https:\/\/chloedelaume.net\/index.php?rest_route=\/wp\/v2\/users\/2"}],"replies":[{"embeddable":true,"href":"https:\/\/chloedelaume.net\/index.php?rest_route=%2Fwp%2Fv2%2Fcomments&post=5756"}],"version-history":[{"count":17,"href":"https:\/\/chloedelaume.net\/index.php?rest_route=\/wp\/v2\/pages\/5756\/revisions"}],"predecessor-version":[{"id":6467,"href":"https:\/\/chloedelaume.net\/index.php?rest_route=\/wp\/v2\/pages\/5756\/revisions\/6467"}],"up":[{"embeddable":true,"href":"https:\/\/chloedelaume.net\/index.php?rest_route=\/wp\/v2\/pages\/4444"}],"wp:attachment":[{"href":"https:\/\/chloedelaume.net\/index.php?rest_route=%2Fwp%2Fv2%2Fmedia&parent=5756"}],"curies":[{"name":"wp","href":"https:\/\/api.w.org\/{rel}","templated":true}]}}