{"id":5720,"date":"2020-07-22T15:45:21","date_gmt":"2020-07-22T13:45:21","guid":{"rendered":"http:\/\/www.chloedelaume.net\/?page_id=5720"},"modified":"2020-08-08T00:54:10","modified_gmt":"2020-08-07T22:54:10","slug":"le-coeur-synthetique","status":"publish","type":"page","link":"https:\/\/chloedelaume.net\/?page_id=5720","title":{"rendered":"Le coeur synth\u00e9tique"},"content":{"rendered":"\n<div class=\"wp-block-image\"><figure class=\"alignleft size-large is-resized\"><img loading=\"lazy\" decoding=\"async\" src=\"http:\/\/chloedelaume.net\/wp-content\/uploads\/2020\/07\/142545_couverture_hres_0-699x1024.jpg\" alt=\"\" class=\"wp-image-5760\" width=\"175\" height=\"255\" srcset=\"https:\/\/chloedelaume.net\/wp-content\/uploads\/2020\/07\/142545_couverture_hres_0-699x1024.jpg 699w, https:\/\/chloedelaume.net\/wp-content\/uploads\/2020\/07\/142545_couverture_hres_0-205x300.jpg 205w, https:\/\/chloedelaume.net\/wp-content\/uploads\/2020\/07\/142545_couverture_hres_0-768x1124.jpg 768w, https:\/\/chloedelaume.net\/wp-content\/uploads\/2020\/07\/142545_couverture_hres_0.jpg 1366w\" sizes=\"auto, (max-width: 175px) 100vw, 175px\" \/><\/figure><\/div>\n\n\n\n<p class=\"has-text-align-justify\">Ad\u00e9la\u00efde vient de rompre, apr\u00e8s des ann\u00e9es de vie commune. Alors qu&rsquo;elle s&rsquo;\u00e9lance sur le march\u00e9 de l&rsquo;amour, elle d\u00e9couvre avec effroi qu&rsquo;avoir quarante-six ans est un puissant facteur de d\u00e9cote \u00e0 la bourse des sentiments. <\/p>\n\n\n\n<p class=\"has-text-align-justify\">Obnubil\u00e9e par l&rsquo;id\u00e9e de rencontrer un homme et de l&rsquo;\u00e9pouser au plus vite, elle culpabilise de ne pas g\u00e9rer seule sa solitude comme une vraie f\u00e9ministe le devrait. Entour\u00e9e de ses amies elles-m\u00eames emp\u00eatr\u00e9es dans leur crise existentielle, elle tente d&rsquo;apprivoiser le c\u00e9libat, tout en effectuant au mieux son travail d&rsquo;attach\u00e9e de presse au sein d&rsquo;une grande maison d&rsquo;\u00e9dition. <\/p>\n\n\n\n<p class=\"has-text-align-justify\">En seconde partie de vie, une femme seule fait ce qu&rsquo;elle peut. Les statistiques tournent dans sa t\u00eate et ne parlent pas en sa faveur : \u00ab\u00a0Il y a plus de femmes que d&rsquo;hommes, et ils meurent en premier\u00a0\u00bb.<\/p>\n","protected":false},"excerpt":{"rendered":"<p>Ad\u00e9la\u00efde vient de rompre, apr\u00e8s des ann\u00e9es de vie commune. Alors qu&rsquo;elle s&rsquo;\u00e9lance sur le march\u00e9 de l&rsquo;amour, elle d\u00e9couvre avec effroi qu&rsquo;avoir quarante-six ans est un puissant facteur de d\u00e9cote \u00e0 la bourse des sentiments. Obnubil\u00e9e par l&rsquo;id\u00e9e de &hellip; <a href=\"https:\/\/chloedelaume.net\/?page_id=5720\">Continuer la lecture <span class=\"meta-nav\">&rarr;<\/span><\/a><\/p>\n","protected":false},"author":2,"featured_media":0,"parent":0,"menu_order":0,"comment_status":"closed","ping_status":"closed","template":"","meta":{"jetpack_post_was_ever_published":false,"footnotes":""},"class_list":["post-5720","page","type-page","status-publish","hentry"],"jetpack_sharing_enabled":true,"jetpack_shortlink":"https:\/\/wp.me\/P3Xt8S-1ug","_links":{"self":[{"href":"https:\/\/chloedelaume.net\/index.php?rest_route=\/wp\/v2\/pages\/5720","targetHints":{"allow":["GET"]}}],"collection":[{"href":"https:\/\/chloedelaume.net\/index.php?rest_route=\/wp\/v2\/pages"}],"about":[{"href":"https:\/\/chloedelaume.net\/index.php?rest_route=\/wp\/v2\/types\/page"}],"author":[{"embeddable":true,"href":"https:\/\/chloedelaume.net\/index.php?rest_route=\/wp\/v2\/users\/2"}],"replies":[{"embeddable":true,"href":"https:\/\/chloedelaume.net\/index.php?rest_route=%2Fwp%2Fv2%2Fcomments&post=5720"}],"version-history":[{"count":4,"href":"https:\/\/chloedelaume.net\/index.php?rest_route=\/wp\/v2\/pages\/5720\/revisions"}],"predecessor-version":[{"id":5857,"href":"https:\/\/chloedelaume.net\/index.php?rest_route=\/wp\/v2\/pages\/5720\/revisions\/5857"}],"wp:attachment":[{"href":"https:\/\/chloedelaume.net\/index.php?rest_route=%2Fwp%2Fv2%2Fmedia&parent=5720"}],"curies":[{"name":"wp","href":"https:\/\/api.w.org\/{rel}","templated":true}]}}