{"id":5696,"date":"2019-03-25T23:08:01","date_gmt":"2019-03-25T22:08:01","guid":{"rendered":"http:\/\/www.chloedelaume.net\/?page_id=5696"},"modified":"2020-07-14T23:57:46","modified_gmt":"2020-07-14T21:57:46","slug":"mes-bien-cheres-soeurs","status":"publish","type":"page","link":"https:\/\/chloedelaume.net\/?page_id=5696","title":{"rendered":"Mes bien ch\u00e8res soeurs"},"content":{"rendered":"<p style=\"text-align: justify;\"><img loading=\"lazy\" decoding=\"async\" class=\"size-medium wp-image-5687 alignleft\" src=\"http:\/\/www.chloedelaume.net\/wp-content\/uploads\/2019\/02\/bien-cheres-soeurs-1-211x300.jpg\" alt=\"\" width=\"211\" height=\"300\" srcset=\"https:\/\/chloedelaume.net\/wp-content\/uploads\/2019\/02\/bien-cheres-soeurs-1-211x300.jpg 211w, https:\/\/chloedelaume.net\/wp-content\/uploads\/2019\/02\/bien-cheres-soeurs-1-768x1093.jpg 768w, https:\/\/chloedelaume.net\/wp-content\/uploads\/2019\/02\/bien-cheres-soeurs-1-719x1024.jpg 719w, https:\/\/chloedelaume.net\/wp-content\/uploads\/2019\/02\/bien-cheres-soeurs-1.jpg 1535w\" sizes=\"auto, (max-width: 211px) 100vw, 211px\" \/>\u00ab\u00a0Ceci est une adresse. Aux femmes en g\u00e9n\u00e9ral, autant qu\u2019\u00e0 leurs alli\u00e9s. Je vous \u00e9cris d\u2019o\u00f9 je peux. Le priv\u00e9 est politique, l\u2019intime litt\u00e9rature. \u00bb<\/p>\n<p style=\"text-align: justify;\">En France, la quatri\u00e8me vague f\u00e9ministe a fait son entr\u00e9e : non plus des militantes, mais des femmes ordinaires. Qui remettent en cause les us et les coutumes du pays de la gaudriole, o\u00f9 une femme sur dix est viol\u00e9e au cours de sa vie, et o\u00f9 tous les trois jours une femme est assassin\u00e9e par son conjoint.<\/p>\n<p style=\"text-align: justify;\">Dans ce court texte incisif qui pr\u00f4ne la sororit\u00e9 comme outil de puissance virale, Chlo\u00e9 Delaume aborde la question du renouvellement du f\u00e9minisme, de l\u2019extinction en cours du patriarcat, de ce qu\u2019il se passe, et peut se passer, depuis le mouvement #metoo\u00a0\u00bb.<\/p>\n<p style=\"text-align: justify;\">Cet ouvrage a \u00e9t\u00e9 con\u00e7u au terme d&rsquo;une r\u00e9sidence de dix mois \u00e0 la librairie Violette and Co et au Palais de la Femme, dans le cadre du Programme de r\u00e9sidences \u00e9crivains de la R\u00e9gion \u00cele de France. Toutes les rencontres et le livret r\u00e9alis\u00e9 en atelier d&rsquo;\u00e9criture sont <a href=\"https:\/\/remue.net\/Chloe-Delaume-a-la-librairie-Violette-and-Co-Paris-XI\" target=\"_blank\" rel=\"noopener\">ici<\/a>.<\/p>\n","protected":false},"excerpt":{"rendered":"<p>\u00ab\u00a0Ceci est une adresse. Aux femmes en g\u00e9n\u00e9ral, autant qu\u2019\u00e0 leurs alli\u00e9s. Je vous \u00e9cris d\u2019o\u00f9 je peux. Le priv\u00e9 est politique, l\u2019intime litt\u00e9rature. \u00bb En France, la quatri\u00e8me vague f\u00e9ministe a fait son entr\u00e9e : non plus des militantes, &hellip; <a href=\"https:\/\/chloedelaume.net\/?page_id=5696\">Continuer la lecture <span class=\"meta-nav\">&rarr;<\/span><\/a><\/p>\n","protected":false},"author":2,"featured_media":0,"parent":0,"menu_order":0,"comment_status":"closed","ping_status":"closed","template":"","meta":{"jetpack_post_was_ever_published":false,"footnotes":""},"class_list":["post-5696","page","type-page","status-publish","hentry"],"jetpack_sharing_enabled":true,"jetpack_shortlink":"https:\/\/wp.me\/P3Xt8S-1tS","_links":{"self":[{"href":"https:\/\/chloedelaume.net\/index.php?rest_route=\/wp\/v2\/pages\/5696","targetHints":{"allow":["GET"]}}],"collection":[{"href":"https:\/\/chloedelaume.net\/index.php?rest_route=\/wp\/v2\/pages"}],"about":[{"href":"https:\/\/chloedelaume.net\/index.php?rest_route=\/wp\/v2\/types\/page"}],"author":[{"embeddable":true,"href":"https:\/\/chloedelaume.net\/index.php?rest_route=\/wp\/v2\/users\/2"}],"replies":[{"embeddable":true,"href":"https:\/\/chloedelaume.net\/index.php?rest_route=%2Fwp%2Fv2%2Fcomments&post=5696"}],"version-history":[{"count":2,"href":"https:\/\/chloedelaume.net\/index.php?rest_route=\/wp\/v2\/pages\/5696\/revisions"}],"predecessor-version":[{"id":5786,"href":"https:\/\/chloedelaume.net\/index.php?rest_route=\/wp\/v2\/pages\/5696\/revisions\/5786"}],"wp:attachment":[{"href":"https:\/\/chloedelaume.net\/index.php?rest_route=%2Fwp%2Fv2%2Fmedia&parent=5696"}],"curies":[{"name":"wp","href":"https:\/\/api.w.org\/{rel}","templated":true}]}}