{"id":5269,"date":"2017-03-07T12:50:41","date_gmt":"2017-03-07T11:50:41","guid":{"rendered":"http:\/\/www.chloedelaume.net\/?page_id=5269"},"modified":"2026-03-12T05:38:35","modified_gmt":"2026-03-12T04:38:35","slug":"publications-cie","status":"publish","type":"page","link":"https:\/\/chloedelaume.net\/?page_id=5269","title":{"rendered":"Livres"},"content":{"rendered":"\n<p><\/p>\n\n\n\n<p><em><strong><a href=\"https:\/\/chloedelaume.net\/?page_id=6580\" data-type=\"page\" data-id=\"6580\">Sans oublier qu&rsquo;en plus c&rsquo;est bien la fin du monde<\/a><\/strong><\/em> &#8211; Recueil po\u00e9tique &#8211; \u00e9ditions du Castor Astral &#8211; 2026 &#8211; #Maisilyalapo\u00e9sie<\/p>\n\n\n\n<p><em><strong><a href=\"https:\/\/chloedelaume.net\/?page_id=6575\" data-type=\"page\" data-id=\"6575\">Par 64 fois j&rsquo;y ai cru<\/a><\/strong><\/em> &#8211; Aphorismes calligraphi\u00e9s et dessins &#8211; avec Fran\u00e7ois Alary &#8211; \u00e9ditions de L&rsquo;Ogre &#8211; 2025 &#8211; #lamourestenfantdecar\u00eame<\/p>\n\n\n\n<p><a href=\"https:\/\/chloedelaume.net\/?page_id=6442\" data-type=\"page\" data-id=\"6442\"><em><strong>Ils appellent \u00e7a l&rsquo;amour<\/strong><\/em> <\/a>&#8211; Roman &#8211; Fiction &amp; Cie &#8211; Editions du Seuil &#8211; 2025 &#8211; #lahontedoitchangerdecamp<\/p>\n\n\n\n<p><a href=\"https:\/\/chloedelaume.net\/?page_id=6362\" data-type=\"URL\" data-id=\"https:\/\/chloedelaume.net\/?page_id=6362\" target=\"_blank\" rel=\"noreferrer noopener\"><strong><em>Phallers<\/em><\/strong><\/a> &#8211; Roman &#8211; Collection Points f\u00e9minismes -2024 &#8211; #fable #blaguemisandre #catharisis<\/p>\n\n\n\n<p><em><strong><a href=\"https:\/\/chloedelaume.net\/?page_id=6140\" target=\"_blank\" rel=\"noreferrer noopener\">Pauvre folle<\/a><\/strong><\/em> &#8211; Roman &#8211; Collection Fiction &amp; Cie -Editions du Seuil &#8211; 2023 &#8211; #unehistoiredamourimpossible<\/p>\n\n\n\n<p><a rel=\"noreferrer noopener\" href=\"http:\/\/chloedelaume.net\/?page_id=5720\" target=\"_blank\"><em><strong>Le c\u0153ur synth\u00e9tique<\/strong><\/em><\/a>&nbsp;\u2013 Roman \u2013 Collection Fiction &amp; Cie \u2013 Editions du Seuil \u2013 2020 \u2013 #com\u00e9die #loosesentimentale #PrixM\u00e9dicis2020<\/p>\n\n\n\n<p><a href=\"http:\/\/chloedelaume.net\/?page_id=5696\" target=\"_blank\" rel=\"noreferrer noopener\"><em><strong>Mes bien ch\u00e8res&nbsp;<\/strong><\/em><strong><em>s\u0153urs&nbsp;<\/em><\/strong><\/a>\u2013 Lettre ouverte \u2013 Collection Fiction &amp; Cie \u2013 Editions du Seuil \u2013 2019 \u2013 #Sororit\u00e9<\/p>\n\n\n\n<p><a href=\"http:\/\/www.chloedelaume.net\/?page_id=5004\" target=\"_blank\" rel=\"noreferrer noopener\"><strong><em>Les sorci\u00e8res de la R\u00e9publique&nbsp;<\/em><\/strong><\/a>\u2013 Roman \u2013 Collection Fiction &amp; Cie \u2013 Editions du Seuil \u2013 2016 \u2013 #Dystopie #Magie&amp;Politique<\/p>\n\n\n\n<p><em><a href=\"http:\/\/www.chloedelaume.net\/?page_id=4596\" target=\"_blank\" rel=\"noreferrer noopener\"><strong>Alienare<\/strong>&nbsp;<\/a>\u2013&nbsp;<\/em>Texte de Chlo\u00e9 Delaume \u2013 Animations &amp; vid\u00e9os de&nbsp;<a href=\"http:\/\/www.franckdion.net\/\" target=\"_blank\" rel=\"noreferrer noopener\">Franck Dion<\/a>&nbsp;\u2013 Cr\u00e9ation sonore de Sophie Couronne. Fiction sous forme d\u2019appli \u2013 Editions du Seuil \u2013 2015 \u2013 #FictionNum\u00e9rique<\/p>\n\n\n\n<p><strong><em><a href=\"http:\/\/www.chloedelaume.net\/?page_id=4564\" target=\"_blank\" rel=\"noreferrer noopener\">Vous aimez beaucoup voyager<\/a><\/em><\/strong>&nbsp;\u2013 Avec Oph\u00e9lie Klere &amp; Fran\u00e7ois Alary \u2013 Les \u00e9ditions du cimeti\u00e8re&nbsp;\u2013&nbsp;2015 \u2013 #Dessins #Po\u00e9sie #L\u00e9gendes #D\u00e9vast\u00e9e<\/p>\n\n\n\n<p><strong><em><a href=\"http:\/\/www.chloedelaume.net\/?page_id=1966\" target=\"_blank\" rel=\"noreferrer noopener\">O\u00f9 le sang nous appelle<\/a><\/em><\/strong>&nbsp;\u2013 &nbsp;Avec Daniel Schneidermann \u2013 Collection Fiction &amp; Cie \u2013 Editions du Seuil \u2013 2013 \u2013 #Roman #Autofiction #Ecriture\u00e04mains #Liban #Findecycle<\/p>\n\n\n\n<p><strong><em><a href=\"http:\/\/www.chloedelaume.net\/?page_id=319\" target=\"_blank\" rel=\"noreferrer noopener\">Perceptions<\/a><\/em>&nbsp;\u2013<\/strong>&nbsp;Avec Fran\u00e7ois Alary &amp; Oph\u00e9lie Klere \u2013 Editions Joca Seria \u2013 2013 \u2013 #R\u00e9cit fragmentaire #Dessins #Po\u00e9sie #D\u00e9vast\u00e9eSS13<\/p>\n\n\n\n<p><strong><em><a href=\"http:\/\/www.chloedelaume.net\/?page_id=195\" target=\"_blank\" rel=\"noreferrer noopener\">Une femme avec personne dedans<\/a><\/em><\/strong>&nbsp;\u2013 Collection Fiction &amp; Cie \u2013 Editions du Seuil \u2013 2012 \u2013 Points Seuil 2014 \u2013 #Roman #Autofiction #Nullipare<\/p>\n\n\n\n<p><strong><em><a href=\"http:\/\/www.chloedelaume.net\/?page_id=238\" target=\"_blank\" rel=\"noreferrer noopener\">Le deuil des deux syllabes<\/a><\/em>&nbsp;<\/strong>\u2013&nbsp;Editions l\u2019Une &amp; l\u2019autre \u2013 2011 \u2013 #CourtR\u00e9cit &nbsp;#Autofiction &nbsp;#LemotMaman<\/p>\n\n\n\n<p><strong><em><a href=\"http:\/\/www.chloedelaume.net\/?page_id=247\" target=\"_blank\" rel=\"noreferrer noopener\">La r\u00e8gle du Je<\/a><\/em>&nbsp;<\/strong>\u2013 Collection Travaux Pratiques \u2013 PUF \u2013 2010 \u2013 #Essai &nbsp;#Autofictionenquestion<\/p>\n\n\n\n<p><strong><a href=\"http:\/\/www.chloedelaume.net\/?page_id=255\"><em>Au commencement \u00e9tait l\u2019adverbe<\/em>&nbsp;+&nbsp;<em>Le retour de Charlie Orphan<\/em><\/a><\/strong>&nbsp;\u2013 Editions Joca Seria \u2013 2010 \u2013 #Th\u00e9\u00e2tre #Autonomisationdespersonnagesdefiction<\/p>\n\n\n\n<p><strong><em><a href=\"http:\/\/www.chloedelaume.net\/?page_id=259\" target=\"_blank\" rel=\"noreferrer noopener\">Narcisse et ses aiguilles<\/a><\/em><\/strong>&nbsp;-Editions l\u2019Une &amp; l\u2019autre \u2013 2009 \u2013 #R\u00e9cit #Autofiction #Stiletto #Episodemaniaque<\/p>\n\n\n\n<p><strong><em><a href=\"http:\/\/www.chloedelaume.net\/?page_id=262\" target=\"_blank\" rel=\"noreferrer noopener\">Eden matin midi et soir<\/a><\/em>&nbsp;<\/strong>\u2013 Editions Joca Seria \u2013 2009 \u2013 #Th\u00e9\u00e2tre &nbsp;#Monologue &nbsp;#Thanatopathie<\/p>\n\n\n\n<p><strong><a rel=\"noreferrer noopener\" href=\"http:\/\/www.chloedelaume.net\/?page_id=269\" target=\"_blank\"><em>Dans ma maison sous terre<\/em>&nbsp;<\/a><\/strong>\u2013 Collection Fiction &amp; Cie \u2013 Editions du Seuil \u2013 2009- #Roman #Autofiction #Magie noire&nbsp;#BO<\/p>\n\n\n\n<p><strong><em><a href=\"http:\/\/librairie.publie.net\/fr\/ebook\/9782814501522\/s-ecrire-mode-d-emploi\">S\u2019\u00e9crire, mode d\u2019emploi<\/a><\/em>&nbsp;<\/strong>\u2013&nbsp;<a href=\"http:\/\/www.publie.net\/\">publie.net<\/a>&nbsp;\u2013 2008 \u2013 #Autofiction #Conf\u00e9rence #ColloquedeCerisy<\/p>\n\n\n\n<p><strong><em><a href=\"http:\/\/www.chloedelaume.net\/?page_id=278\" target=\"_blank\" rel=\"noreferrer noopener\">La derni\u00e8re fille avant la guerre<\/a><\/em>&nbsp;<\/strong>\u2013 Editions Na\u00efve \u2013 2007 \u2013 #Roman #Autofiction #Indochine #Adolescence #houhou<\/p>\n\n\n\n<p><strong><em><a href=\"http:\/\/www.chloedelaume.net\/?page_id=275\" target=\"_blank\" rel=\"noreferrer noopener\">Transhumances<\/a><\/em><\/strong>&nbsp;\u2013&nbsp;Editions \u00e8\u00aee \u2013 2007 \u2013 #Th\u00e9\u00e2tre #FictionRadiophonique #Anticipation #Recyclage<\/p>\n\n\n\n<p><strong><em><a href=\"http:\/\/www.chloedelaume.net\/?page_id=282\" target=\"_blank\" rel=\"noreferrer noopener\">Chanson de geste &amp; Opinions<\/a><\/em>&nbsp;<\/strong>\u2013 Mac\/Val \u2013 2007 \u2013 #PascalPinaudPeintre #FableP\u00e9dagogique #M\u00e9thodeQueneau<\/p>\n\n\n\n<p><strong><em><a href=\"http:\/\/www.chloedelaume.net\/?page_id=272\" target=\"_blank\" rel=\"noreferrer noopener\">La nuit je suis Buffy Summers<\/a><\/em><\/strong>&nbsp;\u2013 Editions \u00e8\u00aee \u2013 2007 \u2013 Editions JOU 2020 #Livredontvous\u00eatesleh\u00e9ros #FanFiction #BuffyS6E17<\/p>\n\n\n\n<p><strong><em>Fiscal Paradize Digest<\/em><\/strong>&nbsp;\u2013 Avec Fran\u00e7ois Curlet \u2013 2007 \u2013 #ArtContemporain #EvasionFiscale #GuideParodique<\/p>\n\n\n\n<p><strong><em><a href=\"http:\/\/www.chloedelaume.net\/?page_id=285\" target=\"_blank\" rel=\"noreferrer noopener\">J\u2019habite dans la t\u00e9l\u00e9vision<\/a><\/em>&nbsp;<\/strong>\u2013 Editions Verticales \u2013 2006 \u2013 J\u2019ai lu \u2013 2008 \u2013 #Roman #Autofiction #Exp\u00e9riencearchilimite #TempsdeCerveauDisponible<\/p>\n\n\n\n<p><strong><em><a href=\"http:\/\/www.chloedelaume.net\/?page_id=288\" target=\"_blank\" rel=\"noreferrer noopener\">Les juins ont tous la m\u00eame peau<\/a><\/em><\/strong>&nbsp;\u2013 La Chasse au Snarck \u2013 2005 \u2013 Points Seuil 2009&nbsp; #Roman #Autofiction #BorisVian #Etsoudainlalitt\u00e9rature<\/p>\n\n\n\n<p><strong><em><a href=\"http:\/\/www.chloedelaume.net\/?page_id=291\" target=\"_blank\" rel=\"noreferrer noopener\">Certainement pas<\/a><\/em>&nbsp;<\/strong>\u2013 Verticales \u2013 2004 \u2013 #Roman #Cluedo #Lejouro\u00f9chacunabascul\u00e9 #Autofictionaussimaisdiscr\u00e8tement<\/p>\n\n\n\n<p><strong><em><a href=\"http:\/\/www.chloedelaume.net\/?page_id=294\" target=\"_blank\" rel=\"noreferrer noopener\">Corpus Simsi<\/a><\/em>&nbsp;<\/strong>\u2013 Editions L\u00e9o Scheer \u2013 2003 \u2013 #Texte&amp;Images #JeuVid\u00e9o #Autofiction<\/p>\n\n\n\n<p><strong><em><a href=\"http:\/\/www.chloedelaume.net\/?page_id=298\" target=\"_blank\" rel=\"noreferrer noopener\">Monologue pour \u00e9pluchures d\u2019Atrides<\/a><\/em>&nbsp;<\/strong>\u2013 CIPM \u2013 2003 -#Po\u00e9sie&nbsp;#Autofiction #EnR\u00e9sidence<\/p>\n\n\n\n<p><strong><em><a href=\"http:\/\/www.chloedelaume.net\/?page_id=301\" target=\"_blank\" rel=\"noreferrer noopener\">La Vanit\u00e9 des Somnambules<\/a><\/em>&nbsp;<\/strong>\u2013 Farrago \/ L\u00e9o Scheer \u2013 2003 \u2013 #Roman #Autofiction #R\u00e9cit\u00e9nia<\/p>\n\n\n\n<p><strong><em><a href=\"http:\/\/www.chloedelaume.net\/?page_id=304\" target=\"_blank\" rel=\"noreferrer noopener\">Mes week-ends sont pires que les v\u00f4tres<\/a><\/em>&nbsp;<\/strong>\u2013 Editions N\u00e9ant \u2013 2001 \u2013 #R\u00e9cit #Autofiction #Lilith<\/p>\n\n\n\n<p><strong><em><a href=\"http:\/\/www.chloedelaume.net\/?page_id=307\" target=\"_blank\" rel=\"noreferrer noopener\">Le Cri du Sablier<\/a><\/em><\/strong>&nbsp;\u2013 Farrago \/ L\u00e9o Scheer \u2013 2001 \u2013 Folio 2002 \u2013 Prix D\u00e9cembre 2001 \u2013 #Roman #Autofiction<\/p>\n\n\n\n<p><em><strong><a rel=\"noreferrer noopener\" href=\"http:\/\/www.chloedelaume.net\/?page_id=313\" target=\"_blank\">Les Mouflettes d\u2019Atropos<\/a><\/strong>&nbsp;\u2013&nbsp;<\/em>Editions&nbsp;Farrago \u2013 2000 \u2013 Folio 2002 \u2013 #PremierRoman #Autofiction<\/p>\n\n\n\n<p><\/p>\n\n\n\n<p class=\"has-text-align-center\">TEXTES COURTS<\/p>\n\n\n<div class=\"wp-block-image\">\n<figure class=\"aligncenter is-resized\"><a href=\"http:\/\/www.chloedelaume.net\/?page_id=4510\"><img loading=\"lazy\" decoding=\"async\" width=\"300\" height=\"169\" src=\"http:\/\/www.chloedelaume.net\/wp-content\/uploads\/2017\/03\/600x337_queneau-300x169.jpg\" alt=\"\" class=\"wp-image-5278\" style=\"width:165px;height:93px\" title=\"REVUES &amp; COLLECTIFS\" srcset=\"https:\/\/chloedelaume.net\/wp-content\/uploads\/2017\/03\/600x337_queneau-300x169.jpg 300w, https:\/\/chloedelaume.net\/wp-content\/uploads\/2017\/03\/600x337_queneau-500x281.jpg 500w, https:\/\/chloedelaume.net\/wp-content\/uploads\/2017\/03\/600x337_queneau.jpg 600w\" sizes=\"auto, (max-width: 300px) 100vw, 300px\" \/><\/a><\/figure><\/div>","protected":false},"excerpt":{"rendered":"<p>Sans oublier qu&rsquo;en plus c&rsquo;est bien la fin du monde &#8211; Recueil po\u00e9tique &#8211; \u00e9ditions du Castor Astral &#8211; 2026 &#8211; #Maisilyalapo\u00e9sie Par 64 fois j&rsquo;y ai cru &#8211; Aphorismes calligraphi\u00e9s et dessins &#8211; avec Fran\u00e7ois Alary &#8211; \u00e9ditions de &hellip; <a href=\"https:\/\/chloedelaume.net\/?page_id=5269\">Continuer la lecture <span class=\"meta-nav\">&rarr;<\/span><\/a><\/p>\n","protected":false},"author":2,"featured_media":0,"parent":0,"menu_order":0,"comment_status":"closed","ping_status":"closed","template":"","meta":{"jetpack_post_was_ever_published":false,"footnotes":""},"class_list":["post-5269","page","type-page","status-publish","hentry"],"jetpack_sharing_enabled":true,"jetpack_shortlink":"https:\/\/wp.me\/P3Xt8S-1mZ","_links":{"self":[{"href":"https:\/\/chloedelaume.net\/index.php?rest_route=\/wp\/v2\/pages\/5269","targetHints":{"allow":["GET"]}}],"collection":[{"href":"https:\/\/chloedelaume.net\/index.php?rest_route=\/wp\/v2\/pages"}],"about":[{"href":"https:\/\/chloedelaume.net\/index.php?rest_route=\/wp\/v2\/types\/page"}],"author":[{"embeddable":true,"href":"https:\/\/chloedelaume.net\/index.php?rest_route=\/wp\/v2\/users\/2"}],"replies":[{"embeddable":true,"href":"https:\/\/chloedelaume.net\/index.php?rest_route=%2Fwp%2Fv2%2Fcomments&post=5269"}],"version-history":[{"count":29,"href":"https:\/\/chloedelaume.net\/index.php?rest_route=\/wp\/v2\/pages\/5269\/revisions"}],"predecessor-version":[{"id":6585,"href":"https:\/\/chloedelaume.net\/index.php?rest_route=\/wp\/v2\/pages\/5269\/revisions\/6585"}],"wp:attachment":[{"href":"https:\/\/chloedelaume.net\/index.php?rest_route=%2Fwp%2Fv2%2Fmedia&parent=5269"}],"curies":[{"name":"wp","href":"https:\/\/api.w.org\/{rel}","templated":true}]}}