{"id":5004,"date":"2016-08-17T17:23:53","date_gmt":"2016-08-17T15:23:53","guid":{"rendered":"http:\/\/www.chloedelaume.net\/?page_id=5004"},"modified":"2019-03-25T23:07:38","modified_gmt":"2019-03-25T22:07:38","slug":"les-sorcieres-de-la-republique","status":"publish","type":"page","link":"https:\/\/chloedelaume.net\/?page_id=5004","title":{"rendered":"Les sorci\u00e8res de la R\u00e9publique"},"content":{"rendered":"<p style=\"text-align: justify;\"><a href=\"http:\/\/www.chloedelaume.net\/wp-content\/uploads\/2016\/08\/Sorcieres-Republique-002.jpg\"><img loading=\"lazy\" decoding=\"async\" class=\"alignleft size-medium wp-image-5697\" src=\"http:\/\/www.chloedelaume.net\/wp-content\/uploads\/2016\/08\/sorcieres-republique-002-182x300.jpg\" alt=\"\" width=\"182\" height=\"300\" srcset=\"https:\/\/chloedelaume.net\/wp-content\/uploads\/2016\/08\/sorcieres-republique-002-182x300.jpg 182w, https:\/\/chloedelaume.net\/wp-content\/uploads\/2016\/08\/sorcieres-republique-002-768x1265.jpg 768w, https:\/\/chloedelaume.net\/wp-content\/uploads\/2016\/08\/sorcieres-republique-002-622x1024.jpg 622w, https:\/\/chloedelaume.net\/wp-content\/uploads\/2016\/08\/sorcieres-republique-002.jpg 1276w\" sizes=\"auto, (max-width: 182px) 100vw, 182px\" \/><\/a>Des choses, pas belles, se sont pass\u00e9es, en France, entre 2017 et 2020. Les femmes, par la main de d\u00e9esses grecques surgies de l\u2019Olympe, ont pris le pouvoir d\u00e9tenu par les hommes depuis des mill\u00e9naires. L\u2019Apocalypse, pr\u00e9dite pour d\u00e9cembre 2012, n\u2019a pas eu lieu. Les d\u00e9esses sont venues se m\u00e9langer \u00e0 la soci\u00e9t\u00e9 fran\u00e7aise. Le Parti du Cercle a impos\u00e9 ses r\u00e8gles. L\u2019exp\u00e9rience a tr\u00e8s mal tourn\u00e9. Mais comment faire la lumi\u00e8re sur ce r\u00e8gne \u00e9ph\u00e9m\u00e8re et probablement sanglant, alors qu\u2019une amn\u00e9sie collective a \u00e9t\u00e9 d\u00e9cid\u00e9e par r\u00e9f\u00e9rendum au terme de cette page d\u2019histoire, en 2020\u00a0? Une amn\u00e9sie appel\u00e9e le Grand Blanc, approuv\u00e9e \u00e0 l\u2019unanimit\u00e9 par la population. C\u2019est pour juger cette douloureuse parenth\u00e8se que s\u2019ouvre un maxi-proc\u00e8s dans ce qui fut longtemps le Stade de France et qui abrite d\u00e9sormais le Tribunal du Grand Paris. Nous sommes en 2062. \u00c0 la barre, la Sibylle, proph\u00e9tesse de la r\u00e9volution des femmes. Pi\u00e8ces \u00e0 conviction \u00e0 l\u2019appui, elle d\u00e9roule le fil de sa m\u00e9moire, et la g\u00e9n\u00e9alogie des \u00e9v\u00e9nements. Petit \u00e0 petit, on d\u00e9couvre la r\u00e9alit\u00e9 de ces ann\u00e9es tr\u00e8s sp\u00e9ciales, o\u00f9 sans sororit\u00e9 la catastrophe est advenue.<\/p>\n<p>&nbsp;<\/p>\n<p><a href=\"http:\/\/www.chloedelaume.net\/?page_id=3207\" target=\"_blank\" rel=\"noopener\">Cycle de performances Le Parti du Cercle.\u00a0<\/a><\/p>\n","protected":false},"excerpt":{"rendered":"<p>Des choses, pas belles, se sont pass\u00e9es, en France, entre 2017 et 2020. Les femmes, par la main de d\u00e9esses grecques surgies de l\u2019Olympe, ont pris le pouvoir d\u00e9tenu par les hommes depuis des mill\u00e9naires. L\u2019Apocalypse, pr\u00e9dite pour d\u00e9cembre 2012, &hellip; <a href=\"https:\/\/chloedelaume.net\/?page_id=5004\">Continuer la lecture <span class=\"meta-nav\">&rarr;<\/span><\/a><\/p>\n","protected":false},"author":2,"featured_media":0,"parent":0,"menu_order":0,"comment_status":"closed","ping_status":"closed","template":"","meta":{"jetpack_post_was_ever_published":false,"footnotes":""},"class_list":["post-5004","page","type-page","status-publish","hentry"],"jetpack_sharing_enabled":true,"jetpack_shortlink":"https:\/\/wp.me\/P3Xt8S-1iI","_links":{"self":[{"href":"https:\/\/chloedelaume.net\/index.php?rest_route=\/wp\/v2\/pages\/5004","targetHints":{"allow":["GET"]}}],"collection":[{"href":"https:\/\/chloedelaume.net\/index.php?rest_route=\/wp\/v2\/pages"}],"about":[{"href":"https:\/\/chloedelaume.net\/index.php?rest_route=\/wp\/v2\/types\/page"}],"author":[{"embeddable":true,"href":"https:\/\/chloedelaume.net\/index.php?rest_route=\/wp\/v2\/users\/2"}],"replies":[{"embeddable":true,"href":"https:\/\/chloedelaume.net\/index.php?rest_route=%2Fwp%2Fv2%2Fcomments&post=5004"}],"version-history":[{"count":3,"href":"https:\/\/chloedelaume.net\/index.php?rest_route=\/wp\/v2\/pages\/5004\/revisions"}],"predecessor-version":[{"id":5698,"href":"https:\/\/chloedelaume.net\/index.php?rest_route=\/wp\/v2\/pages\/5004\/revisions\/5698"}],"wp:attachment":[{"href":"https:\/\/chloedelaume.net\/index.php?rest_route=%2Fwp%2Fv2%2Fmedia&parent=5004"}],"curies":[{"name":"wp","href":"https:\/\/api.w.org\/{rel}","templated":true}]}}