{"id":4596,"date":"2015-07-06T13:34:29","date_gmt":"2015-07-06T11:34:29","guid":{"rendered":"http:\/\/www.chloedelaume.net\/?page_id=4596"},"modified":"2015-08-24T06:27:12","modified_gmt":"2015-08-24T04:27:12","slug":"alienare","status":"publish","type":"page","link":"https:\/\/chloedelaume.net\/?page_id=4596","title":{"rendered":""},"content":{"rendered":"<p style=\"text-align: justify;\"><strong><em><a href=\"http:\/\/www.chloedelaume.net\/wp-content\/uploads\/2015\/07\/logo-alienare.png\"><img loading=\"lazy\" decoding=\"async\" class=\"wp-image-4598 alignleft\" src=\"http:\/\/www.chloedelaume.net\/wp-content\/uploads\/2015\/07\/logo-alienare.png\" alt=\"logo-alienare\" width=\"40\" height=\"40\" srcset=\"https:\/\/chloedelaume.net\/wp-content\/uploads\/2015\/07\/logo-alienare.png 300w, https:\/\/chloedelaume.net\/wp-content\/uploads\/2015\/07\/logo-alienare-150x150.png 150w\" sizes=\"auto, (max-width: 40px) 100vw, 40px\" \/><\/a>Alienare<\/em> est une fiction num\u00e9rique<\/strong>.\u00a0Une cr\u00e9ation litt\u00e9raire, visuelle et sonore, r\u00e9alis\u00e9e par Chlo\u00e9 Delaume, <a href=\"http:\/\/www.franckdion.net\/\" target=\"_blank\">Franck Dion<\/a> et Sophie Couronne.\u00a0L&rsquo;objet a \u00e9t\u00e9 con\u00e7u pour lu sur tablettes et smartphones, sa forme est une <a href=\"https:\/\/itunes.apple.com\/fr\/app\/alienare\/id973271654?l=en&amp;mt=8\" target=\"_blank\">appli t\u00e9l\u00e9chargeable<\/a> sur Itunes. Publi\u00e9 aux Editions du Seuil, dans sa collection num\u00e9rique dirig\u00e9e par Flore Roumens, Alienare a \u00e9t\u00e9 d\u00e9velopp\u00e9 par ABM Studio.<\/p>\n<p style=\"text-align: justify;\"><em>Alienare<\/em> n&rsquo;est pas un jeu, m\u00eame s&rsquo;il en d\u00e9tourne les codes. L&rsquo;histoire n&rsquo;est pas interactive, ce qui s&rsquo;y raconte et s&rsquo;y joue ne peut pas \u00eatre modifi\u00e9. Le pacte de lecture est ailleurs. Des states, des fragments, un puzzle.<\/p>\n<p style=\"text-align: justify;\"><strong><em><a href=\"http:\/\/www.chloedelaume.net\/wp-content\/uploads\/2015\/07\/logo-alienare.png\"><img loading=\"lazy\" decoding=\"async\" class=\"wp-image-4598 alignleft\" src=\"http:\/\/www.chloedelaume.net\/wp-content\/uploads\/2015\/07\/logo-alienare.png\" alt=\"logo-alienare\" width=\"40\" height=\"40\" srcset=\"https:\/\/chloedelaume.net\/wp-content\/uploads\/2015\/07\/logo-alienare.png 300w, https:\/\/chloedelaume.net\/wp-content\/uploads\/2015\/07\/logo-alienare-150x150.png 150w\" sizes=\"auto, (max-width: 40px) 100vw, 40px\" \/><\/a><\/em>Minist\u00e8re du Redressement Productif Mondial,\u00a0d\u00e9partement des archives. <\/strong>Vous \u00eates au poste de visionnage et vous consultez un dossier.\u00a0C&rsquo;est un dossier class\u00e9 secret, qui rapporte des faits, une mission et des \u00e9v\u00e9nements.<\/p>\n<p style=\"text-align: justify;\">Dans un futur qui se pourrait proche, apr\u00e8s tout un tas de catastrophes, une fiction d&rsquo;anticipation. Une mission \u00e0 hauts risques. Equipe mixte, sept personnes envoy\u00e9es en zone blanche.\u00a0Objectif : destruction de l&rsquo;unit\u00e9 centrale. Ni cartes, ni GPS : juste 48h.<\/p>\n<p style=\"text-align: justify;\">L\u00e9onard Rizen, H\u00e9lo\u00efse Sterne, Corn\u00e9lius Lemili\u00e8me, Agathe Chester; Major_42, Isolde von Valmut, Jean-Priam Despraves. De certains il subsiste des traces, captations et journaux internes. Quelques retranscriptions, des enregistrements, des fragments, des \u00e9chos. Ce qu&rsquo;ils ont travers\u00e9 durant 48h, des souvenirs, des d\u00e9bris de vid\u00e9o-surveillance.<\/p>\n<p><iframe loading=\"lazy\" title=\"&quot;Alienare&quot;, une fiction de Chlo\u00e9 Delaume et Franck Dion\" width=\"584\" height=\"329\" src=\"https:\/\/www.youtube.com\/embed\/zYIlaMtFF5s?feature=oembed\" frameborder=\"0\" allow=\"accelerometer; autoplay; clipboard-write; encrypted-media; gyroscope; picture-in-picture; web-share\" referrerpolicy=\"strict-origin-when-cross-origin\" allowfullscreen><\/iframe><\/p>\n<p style=\"text-align: justify;\">Dans ce futur qui se pourrait proche, la gestion des ressources humaines est aux mains de la psychiatrie et de l&rsquo;industrie pharmaceutique. L&rsquo;orientation de chaque citoyen d\u00e9pend de son \u00e9valuation psychique, diagnostique &amp; sympt\u00f4mes.\u00a0Le programme a \u00e9t\u00e9 con\u00e7u suivant le dernier Manuel de classification des troubles mentaux.\u00a0Les tests sont sans cesse mis \u00e0 jour, leurs r\u00e9sultats centralis\u00e9s. Des fichiers, une matrice. Un virus qui la ronge, un parasite vivant, semble-t-il, la d\u00e9r\u00e8gle.<\/p>\n<p style=\"text-align: justify;\">Au poste de visionnage, le contenu du dossier, le cheminement derri\u00e8re les grilles.\u00a0L\u00e9onard Rizen, H\u00e9lo\u00efse Sterne, Corn\u00e9lius Lemili\u00e8me, Agathe Chester; Major_42, Isolde von Valmut, Jean-Priam Despraves. Leur pr\u00e9sence n&rsquo;est pas un hasard. Derri\u00e8re les grilles, la neige et un parc infini. Un b\u00e2timent hant\u00e9, un asile d&rsquo;ali\u00e9n\u00e9s, des couloirs, des salles, des l\u00e9gendes. Les fant\u00f4mes des victimes. Un virus, la vengeance. Un parasite vivant, une matrice affol\u00e9e. La gestion de la m\u00e9moire humaine.<\/p>\n<p><iframe loading=\"lazy\" title=\"TEASER &quot;Alienare&quot;, Chlo\u00e9 Delaume et Franck Dion\" width=\"584\" height=\"329\" src=\"https:\/\/www.youtube.com\/embed\/1UMSBNJYNn0?feature=oembed\" frameborder=\"0\" allow=\"accelerometer; autoplay; clipboard-write; encrypted-media; gyroscope; picture-in-picture; web-share\" referrerpolicy=\"strict-origin-when-cross-origin\" allowfullscreen><\/iframe><\/p>\n<p style=\"text-align: justify;\"><em><a href=\"http:\/\/www.chloedelaume.net\/wp-content\/uploads\/2015\/07\/logo-alienare.png\"><img loading=\"lazy\" decoding=\"async\" class=\"wp-image-4598 aligncenter\" src=\"http:\/\/www.chloedelaume.net\/wp-content\/uploads\/2015\/07\/logo-alienare.png\" alt=\"logo-alienare\" width=\"40\" height=\"40\" srcset=\"https:\/\/chloedelaume.net\/wp-content\/uploads\/2015\/07\/logo-alienare.png 300w, https:\/\/chloedelaume.net\/wp-content\/uploads\/2015\/07\/logo-alienare-150x150.png 150w\" sizes=\"auto, (max-width: 40px) 100vw, 40px\" \/><\/a><\/em><\/p>\n<p style=\"text-align: justify;\"><em>Alienare<\/em> vient du latin<em>,<\/em> en langue morte : <em>\u00d4ter la raison<\/em>. Dans un pass\u00e9 qui reste tr\u00e8s proche, la gestion des asiles, le sort des ali\u00e9n\u00e9s. Les traitements, les m\u00e9thodes, la souffrance et la place des ali\u00e9n\u00e9s dans la cit\u00e9.\u00a0Durant la seconde guerre mondiale, 40 000 intern\u00e9s sont morts de faim dans les asiles fran\u00e7ais. Les traitements, les paroles, les camisoles, les mol\u00e9cules. Aujourd&rsquo;hui, le traitement par \u00e9lectrochocs est encore pratiqu\u00e9.<\/p>\n<p>&nbsp;<\/p>\n<p>&nbsp;<\/p>\n<p>&nbsp;<\/p>\n","protected":false},"excerpt":{"rendered":"<p>Alienare est une fiction num\u00e9rique.\u00a0Une cr\u00e9ation litt\u00e9raire, visuelle et sonore, r\u00e9alis\u00e9e par Chlo\u00e9 Delaume, Franck Dion et Sophie Couronne.\u00a0L&rsquo;objet a \u00e9t\u00e9 con\u00e7u pour lu sur tablettes et smartphones, sa forme est une appli t\u00e9l\u00e9chargeable sur Itunes. Publi\u00e9 aux Editions du &hellip; <a href=\"https:\/\/chloedelaume.net\/?page_id=4596\">Continuer la lecture <span class=\"meta-nav\">&rarr;<\/span><\/a><\/p>\n","protected":false},"author":2,"featured_media":0,"parent":111,"menu_order":0,"comment_status":"closed","ping_status":"closed","template":"","meta":{"jetpack_post_was_ever_published":false,"footnotes":""},"class_list":["post-4596","page","type-page","status-publish","hentry"],"jetpack_sharing_enabled":true,"jetpack_shortlink":"https:\/\/wp.me\/P3Xt8S-1c8","_links":{"self":[{"href":"https:\/\/chloedelaume.net\/index.php?rest_route=\/wp\/v2\/pages\/4596","targetHints":{"allow":["GET"]}}],"collection":[{"href":"https:\/\/chloedelaume.net\/index.php?rest_route=\/wp\/v2\/pages"}],"about":[{"href":"https:\/\/chloedelaume.net\/index.php?rest_route=\/wp\/v2\/types\/page"}],"author":[{"embeddable":true,"href":"https:\/\/chloedelaume.net\/index.php?rest_route=\/wp\/v2\/users\/2"}],"replies":[{"embeddable":true,"href":"https:\/\/chloedelaume.net\/index.php?rest_route=%2Fwp%2Fv2%2Fcomments&post=4596"}],"version-history":[{"count":20,"href":"https:\/\/chloedelaume.net\/index.php?rest_route=\/wp\/v2\/pages\/4596\/revisions"}],"predecessor-version":[{"id":4627,"href":"https:\/\/chloedelaume.net\/index.php?rest_route=\/wp\/v2\/pages\/4596\/revisions\/4627"}],"up":[{"embeddable":true,"href":"https:\/\/chloedelaume.net\/index.php?rest_route=\/wp\/v2\/pages\/111"}],"wp:attachment":[{"href":"https:\/\/chloedelaume.net\/index.php?rest_route=%2Fwp%2Fv2%2Fmedia&parent=4596"}],"curies":[{"name":"wp","href":"https:\/\/api.w.org\/{rel}","templated":true}]}}