{"id":4564,"date":"2015-07-05T19:19:16","date_gmt":"2015-07-05T17:19:16","guid":{"rendered":"http:\/\/www.chloedelaume.net\/?page_id=4564"},"modified":"2015-07-06T11:18:39","modified_gmt":"2015-07-06T09:18:39","slug":"_vous-aimez-beaucoup-voyager","status":"publish","type":"page","link":"https:\/\/chloedelaume.net\/?page_id=4564","title":{"rendered":"Vous aimez beaucoup voyager"},"content":{"rendered":"<p style=\"text-align: justify;\"><img loading=\"lazy\" decoding=\"async\" class=\" size-medium wp-image-4570 alignleft\" src=\"http:\/\/www.chloedelaume.net\/wp-content\/uploads\/2015\/07\/10955766_10155152983365246_1356542114259899523_n-300x195.jpg\" alt=\"10955766_10155152983365246_1356542114259899523_n\" width=\"300\" height=\"195\" srcset=\"https:\/\/chloedelaume.net\/wp-content\/uploads\/2015\/07\/10955766_10155152983365246_1356542114259899523_n-300x195.jpg 300w, https:\/\/chloedelaume.net\/wp-content\/uploads\/2015\/07\/10955766_10155152983365246_1356542114259899523_n-462x300.jpg 462w, https:\/\/chloedelaume.net\/wp-content\/uploads\/2015\/07\/10955766_10155152983365246_1356542114259899523_n.jpg 850w\" sizes=\"auto, (max-width: 300px) 100vw, 300px\" \/><\/p>\n<p style=\"text-align: justify;\">Un peu comme un livre pour enfant, une petite aventure, au milieu des cypr\u00e8s et des tombeaux souriants.<\/p>\n<p style=\"text-align: justify;\">Plut\u00f4t comme un beau-livre, des dessins au graphite, des l\u00e9gendes po\u00e9tiques. Un objet cartonn\u00e9.<\/p>\n<p>&nbsp;<\/p>\n<p style=\"text-align: justify;\">Dessins : Fran\u00e7ois Alary &#8211; Design : Oph\u00e9lie Klere &#8211; Texte Chlo\u00e9 Delaume<\/p>\n<p style=\"text-align: justify;\"><a href=\"http:\/\/www.chloedelaume.net\/wp-content\/uploads\/2015\/07\/10858603_10155152983260246_3444530169192359751_n.jpg\"><img loading=\"lazy\" decoding=\"async\" class=\" size-medium wp-image-4569 alignright\" src=\"http:\/\/www.chloedelaume.net\/wp-content\/uploads\/2015\/07\/10858603_10155152983260246_3444530169192359751_n-300x230.jpg\" alt=\"10858603_10155152983260246_3444530169192359751_n\" width=\"300\" height=\"230\" srcset=\"https:\/\/chloedelaume.net\/wp-content\/uploads\/2015\/07\/10858603_10155152983260246_3444530169192359751_n-300x230.jpg 300w, https:\/\/chloedelaume.net\/wp-content\/uploads\/2015\/07\/10858603_10155152983260246_3444530169192359751_n-392x300.jpg 392w, https:\/\/chloedelaume.net\/wp-content\/uploads\/2015\/07\/10858603_10155152983260246_3444530169192359751_n.jpg 850w\" sizes=\"auto, (max-width: 300px) 100vw, 300px\" \/><\/a><\/p>\n<p>&nbsp;<\/p>\n<p>Editions du cimeti\u00e8re, 2015.<\/p>\n<p>Traduction japonaise int\u00e9gr\u00e9e.<\/p>\n<p>&nbsp;<\/p>\n<p>&nbsp;<\/p>\n<p>&nbsp;<\/p>\n","protected":false},"excerpt":{"rendered":"<p>Un peu comme un livre pour enfant, une petite aventure, au milieu des cypr\u00e8s et des tombeaux souriants. Plut\u00f4t comme un beau-livre, des dessins au graphite, des l\u00e9gendes po\u00e9tiques. Un objet cartonn\u00e9. &nbsp; Dessins : Fran\u00e7ois Alary &#8211; Design : &hellip; <a href=\"https:\/\/chloedelaume.net\/?page_id=4564\">Continuer la lecture <span class=\"meta-nav\">&rarr;<\/span><\/a><\/p>\n","protected":false},"author":2,"featured_media":0,"parent":111,"menu_order":0,"comment_status":"closed","ping_status":"closed","template":"","meta":{"jetpack_post_was_ever_published":false,"footnotes":""},"class_list":["post-4564","page","type-page","status-publish","hentry"],"jetpack_sharing_enabled":true,"jetpack_shortlink":"https:\/\/wp.me\/P3Xt8S-1bC","_links":{"self":[{"href":"https:\/\/chloedelaume.net\/index.php?rest_route=\/wp\/v2\/pages\/4564","targetHints":{"allow":["GET"]}}],"collection":[{"href":"https:\/\/chloedelaume.net\/index.php?rest_route=\/wp\/v2\/pages"}],"about":[{"href":"https:\/\/chloedelaume.net\/index.php?rest_route=\/wp\/v2\/types\/page"}],"author":[{"embeddable":true,"href":"https:\/\/chloedelaume.net\/index.php?rest_route=\/wp\/v2\/users\/2"}],"replies":[{"embeddable":true,"href":"https:\/\/chloedelaume.net\/index.php?rest_route=%2Fwp%2Fv2%2Fcomments&post=4564"}],"version-history":[{"count":8,"href":"https:\/\/chloedelaume.net\/index.php?rest_route=\/wp\/v2\/pages\/4564\/revisions"}],"predecessor-version":[{"id":4576,"href":"https:\/\/chloedelaume.net\/index.php?rest_route=\/wp\/v2\/pages\/4564\/revisions\/4576"}],"up":[{"embeddable":true,"href":"https:\/\/chloedelaume.net\/index.php?rest_route=\/wp\/v2\/pages\/111"}],"wp:attachment":[{"href":"https:\/\/chloedelaume.net\/index.php?rest_route=%2Fwp%2Fv2%2Fmedia&parent=4564"}],"curies":[{"name":"wp","href":"https:\/\/api.w.org\/{rel}","templated":true}]}}