{"id":4444,"date":"2015-05-28T08:04:08","date_gmt":"2015-05-28T06:04:08","guid":{"rendered":"http:\/\/www.chloedelaume.net\/?page_id=4444"},"modified":"2020-07-12T23:31:05","modified_gmt":"2020-07-12T21:31:05","slug":"la-contribution","status":"publish","type":"page","link":"https:\/\/chloedelaume.net\/?page_id=4444","title":{"rendered":"La Contribution"},"content":{"rendered":"<p><strong><br \/>\n<img loading=\"lazy\" decoding=\"async\" class=\"alignleft\" title=\"affiche-la-contribution\" src=\"http:\/\/www.chloedelaume.net\/wp-content\/uploads\/2014\/09\/affiche-la-contribution_sem32-224x300.jpg\" alt=\"\" width=\"224\" height=\"300\" \/><\/strong><\/p>\n<p style=\"text-align: justify;\"><strong><em><strong>La Contribution<\/strong><\/em>\u00a0<\/strong>est le premier court m\u00e9trage de Chlo\u00e9 Delaume, r\u00e9alis\u00e9 en 2014 dans le cadre de la Collection\u00a0\u00ab\u00a0ECRIRE POUR\u00a0\u00bb de Canal+. Le th\u00e8me \u00e9tait la trentaine.<\/p>\n<p style=\"text-align: justify;\"><em>La Contribution<\/em> a \u00e9t\u00e9 projet\u00e9 \u00e0 Cannes durant la semaine de la critique en 2014, ainsi qu\u2019\u00e0 la Cin\u00e9math\u00e8que, \u00e0 la SACEM, au Festival International du Court M\u00e9trage (Clermont-Ferrand, 2015), au\u00a0 #Panorama 8 du\u00a0<a href=\"http:\/\/www.cotecourt.org\/\" target=\"_blank\" rel=\"noopener\">Festival C\u00f4t\u00e9 Court\u00a0<\/a>(Pantin \u00a02015) et au Festival Cin\u00e9ma en Libert\u00e9 (Toulouse, 2015). Le court-m\u00e9trage a \u00e9galement \u00e9t\u00e9 diffus\u00e9 sur Canal+.<\/p>\n<p><strong><img loading=\"lazy\" decoding=\"async\" title=\"La Contribution-174\" src=\"http:\/\/www.chloedelaume.net\/wp-content\/uploads\/2014\/09\/la-contribution-174-150x150.jpg\" alt=\"\" width=\"150\" height=\"150\" \/>\u00a0 \u00a0 \u00a0 \u00a0 \u00a0\u00a0<\/strong><strong><img loading=\"lazy\" decoding=\"async\" title=\"La Contribution-14\" src=\"http:\/\/www.chloedelaume.net\/wp-content\/uploads\/2014\/09\/La-Contribution-14-150x150.jpg\" alt=\"\" width=\"150\" height=\"150\" \/>\u00a0 \u00a0 \u00a0 \u00a0 \u00a0\u00a0<img loading=\"lazy\" decoding=\"async\" title=\"La Contribution-109\" src=\"http:\/\/www.chloedelaume.net\/wp-content\/uploads\/2014\/09\/La-Contribution-109-150x150.jpg\" alt=\"\" width=\"150\" height=\"150\" \/><\/strong><\/p>\n<p><strong>&#8211; La Contribution est un film d\u2019anticipation-\u00a0<\/strong><a href=\"http:\/\/www.sombrero.fr\/fiche_news.php?fiche=69\" target=\"_blank\" rel=\"noopener\"><br \/>\n<\/a><\/p>\n<p style=\"text-align: justify;\"><strong><a href=\"http:\/\/www.chloedelaume.net\/wp-content\/uploads\/2014\/09\/La-Contribution-163.jpg\"><img loading=\"lazy\" decoding=\"async\" class=\"alignleft size-medium wp-image-4105\" src=\"http:\/\/www.chloedelaume.net\/wp-content\/uploads\/2014\/09\/La-Contribution-163-300x200.jpg\" alt=\"\" width=\"300\" height=\"200\" srcset=\"https:\/\/chloedelaume.net\/wp-content\/uploads\/2014\/09\/La-Contribution-163-300x200.jpg 300w, https:\/\/chloedelaume.net\/wp-content\/uploads\/2014\/09\/La-Contribution-163-449x300.jpg 449w, https:\/\/chloedelaume.net\/wp-content\/uploads\/2014\/09\/La-Contribution-163.jpg 709w\" sizes=\"auto, (max-width: 300px) 100vw, 300px\" \/><\/a><\/strong>2084. La crise \u00e9conomique mondiale, les catastrophes \u00e9cologiques, l\u2019\u00e9puisement des ressources naturelles, la d\u00e9mographie qui explose. 10 milliards d&rsquo;humains \u00e0 ce jour.<\/p>\n<p style=\"text-align: justify;\">L\u2019Organisation Mondiale des Nations Conscientes du Probl\u00e8me applique donc la Contribution. Chaque fin d\u2019ann\u00e9e un pays tir\u00e9 au sort doit \u00e9liminer tous les individus \u00e2g\u00e9s de 30 ans.Aucun passe droit n&rsquo;est tol\u00e9r\u00e9, tous les pays sont concern\u00e9s. La France incluse, et c&rsquo;est son tour.<\/p>\n<p style=\"text-align: justify;\"><a href=\"http:\/\/www.chloedelaume.net\/wp-content\/uploads\/2014\/09\/La-Contribution-4.jpg\"><img loading=\"lazy\" decoding=\"async\" class=\"size-medium wp-image-4124 alignright\" src=\"http:\/\/www.chloedelaume.net\/wp-content\/uploads\/2014\/09\/La-Contribution-4-300x200.jpg\" alt=\"\" width=\"300\" height=\"200\" srcset=\"https:\/\/chloedelaume.net\/wp-content\/uploads\/2014\/09\/La-Contribution-4-300x200.jpg 300w, https:\/\/chloedelaume.net\/wp-content\/uploads\/2014\/09\/La-Contribution-4-449x300.jpg 449w, https:\/\/chloedelaume.net\/wp-content\/uploads\/2014\/09\/La-Contribution-4.jpg 709w\" sizes=\"auto, (max-width: 300px) 100vw, 300px\" \/><\/a><\/p>\n<p style=\"text-align: justify;\">Louise et Ivan, jeunes mari\u00e9s, sont convi\u00e9s \u00e0 leur dernier r\u00e9veillon. Louise aimerait \u00eatre libre, encore un tout petit peu.<\/p>\n<p style=\"text-align: justify;\">Comme dans n\u2019importe quel conte qui se passe une nuit de pleine lune, \u00e7a risque de mal tourner.<\/p>\n<p style=\"text-align: justify;\"><a href=\"http:\/\/www.chloedelaume.net\/wp-content\/uploads\/2014\/09\/27009.jpg\"><img loading=\"lazy\" decoding=\"async\" class=\"alignleft size-medium wp-image-4107\" src=\"http:\/\/www.chloedelaume.net\/wp-content\/uploads\/2014\/09\/27009-221x300.jpg\" alt=\"\" width=\"221\" height=\"300\" srcset=\"https:\/\/chloedelaume.net\/wp-content\/uploads\/2014\/09\/27009-221x300.jpg 221w, https:\/\/chloedelaume.net\/wp-content\/uploads\/2014\/09\/27009.jpg 244w\" sizes=\"auto, (max-width: 221px) 100vw, 221px\" \/><\/a><\/p>\n<p>&nbsp;<\/p>\n<p style=\"text-align: justify;\">Louise est interpr\u00e9t\u00e9e par Anne Steffens, Ivan par Milan Mauger, Rebecca par Milo McMullen.<\/p>\n<p style=\"text-align: justify;\">Suzanne Finet, Mady et Monette Malroux,\u00a0Max Ollivier et Bernard Pag\u00e8s jouent l\u2019\u00e9trange staff r\u00e9publicain.<\/p>\n<p style=\"text-align: justify;\">Les Contribuants sont habill\u00e9s par <a href=\"http:\/\/devastee.free.fr\/\">D\u00e9vast\u00e9e<\/a>; l\u2019int\u00e9gralit\u00e9 de la BO a \u00e9t\u00e9 compos\u00e9e par <a href=\"http:\/\/www.thepenelopes.com\/\">The Penelopes<\/a>.-<\/p>\n<p>&nbsp;<\/p>\n<p style=\"text-align: justify;\"><a href=\"http:\/\/www.chloedelaume.net\/wp-content\/uploads\/2014\/09\/La-Contribution-30.jpg\"><img loading=\"lazy\" decoding=\"async\" class=\"size-medium wp-image-4116 alignright\" src=\"http:\/\/www.chloedelaume.net\/wp-content\/uploads\/2014\/09\/La-Contribution-30-300x200.jpg\" alt=\"\" width=\"300\" height=\"200\" srcset=\"https:\/\/chloedelaume.net\/wp-content\/uploads\/2014\/09\/La-Contribution-30-300x200.jpg 300w, https:\/\/chloedelaume.net\/wp-content\/uploads\/2014\/09\/La-Contribution-30-449x300.jpg 449w, https:\/\/chloedelaume.net\/wp-content\/uploads\/2014\/09\/La-Contribution-30.jpg 709w\" sizes=\"auto, (max-width: 300px) 100vw, 300px\" \/><\/a><\/p>\n<p style=\"text-align: justify;\">Chef op\u00e9rateur : Gr\u00e9goire De Calignon &#8211; Son : Xavier R\u00e9my, Raphael Mouterde &#8211; Monteur : Thomas Marchand &#8211;\u00a0<a href=\"http:\/\/www.sombrero.fr\/fiche_news.php?fiche=69\" target=\"_blank\" rel=\"noopener\">Produit par Manufactura<\/a>\u00a0:\u00a0Alain Benguigui, Thomas Verhaeghe, Nicolas Lepr\u00eatre.<\/p>\n<p>&nbsp;<\/p>\n<p>&nbsp;<\/p>\n<p>&nbsp;<\/p>\n<p>&nbsp;<\/p>\n","protected":false},"excerpt":{"rendered":"<p>La Contribution\u00a0est le premier court m\u00e9trage de Chlo\u00e9 Delaume, r\u00e9alis\u00e9 en 2014 dans le cadre de la Collection\u00a0\u00ab\u00a0ECRIRE POUR\u00a0\u00bb de Canal+. Le th\u00e8me \u00e9tait la trentaine. La Contribution a \u00e9t\u00e9 projet\u00e9 \u00e0 Cannes durant la semaine de la critique en &hellip; <a href=\"https:\/\/chloedelaume.net\/?page_id=4444\">Continuer la lecture <span class=\"meta-nav\">&rarr;<\/span><\/a><\/p>\n","protected":false},"author":2,"featured_media":0,"parent":3041,"menu_order":0,"comment_status":"closed","ping_status":"closed","template":"","meta":{"jetpack_post_was_ever_published":false,"footnotes":""},"class_list":["post-4444","page","type-page","status-publish","hentry"],"jetpack_sharing_enabled":true,"jetpack_shortlink":"https:\/\/wp.me\/P3Xt8S-19G","_links":{"self":[{"href":"https:\/\/chloedelaume.net\/index.php?rest_route=\/wp\/v2\/pages\/4444","targetHints":{"allow":["GET"]}}],"collection":[{"href":"https:\/\/chloedelaume.net\/index.php?rest_route=\/wp\/v2\/pages"}],"about":[{"href":"https:\/\/chloedelaume.net\/index.php?rest_route=\/wp\/v2\/types\/page"}],"author":[{"embeddable":true,"href":"https:\/\/chloedelaume.net\/index.php?rest_route=\/wp\/v2\/users\/2"}],"replies":[{"embeddable":true,"href":"https:\/\/chloedelaume.net\/index.php?rest_route=%2Fwp%2Fv2%2Fcomments&post=4444"}],"version-history":[{"count":8,"href":"https:\/\/chloedelaume.net\/index.php?rest_route=\/wp\/v2\/pages\/4444\/revisions"}],"predecessor-version":[{"id":5731,"href":"https:\/\/chloedelaume.net\/index.php?rest_route=\/wp\/v2\/pages\/4444\/revisions\/5731"}],"up":[{"embeddable":true,"href":"https:\/\/chloedelaume.net\/index.php?rest_route=\/wp\/v2\/pages\/3041"}],"wp:attachment":[{"href":"https:\/\/chloedelaume.net\/index.php?rest_route=%2Fwp%2Fv2%2Fmedia&parent=4444"}],"curies":[{"name":"wp","href":"https:\/\/api.w.org\/{rel}","templated":true}]}}