{"id":319,"date":"2012-12-12T05:12:04","date_gmt":"2012-12-12T04:12:04","guid":{"rendered":"http:\/\/wp.chloedelaume.r3zo.net\/?page_id=319"},"modified":"2015-07-06T11:30:55","modified_gmt":"2015-07-06T09:30:55","slug":"perceptions","status":"publish","type":"page","link":"https:\/\/chloedelaume.net\/?page_id=319","title":{"rendered":"Perceptions"},"content":{"rendered":"<p><a href=\"http:\/\/www.jocaseria.fr\/\" target=\"_blank\">Joca Seria<\/a>, sept<span style=\"font-size: 14px;\">embre 2012.<\/span><\/p>\n<p style=\"text-align: justify;\"><a href=\"http:\/\/www.chloedelaume.net\/wp-content\/uploads\/2012\/12\/stacks_image_87501.jpg\"><img loading=\"lazy\" decoding=\"async\" class=\" size-medium wp-image-4578 alignleft\" src=\"http:\/\/www.chloedelaume.net\/wp-content\/uploads\/2012\/12\/stacks_image_875011-244x300.jpg\" alt=\"stacks_image_8750\" width=\"244\" height=\"300\" \/><\/a>Cr\u00e9ateurs de la marque <a href=\"http:\/\/devastee.com\/\" target=\"_blank\">D\u00e9vast\u00e9e<\/a>, Oph\u00e9lie Kl\u00e8re et Fran\u00e7ois Alary ont con\u00e7u avec Chlo\u00e9 Delaume\u00a0ce livre en parall\u00e8le de leur collection <em>SS13.\u00a0<\/em>Certaines pi\u00e8ces allaient d&rsquo;ailleurs jusqu&rsquo;\u00e0 imprimer le texte \u00e0 pleine soie.<\/p>\n<p style=\"text-align: justify;\">R\u00e9alis\u00e9 \u00e0 partir de quarante-six dessins au graphite et de fragments textuels, <em>Perceptions<\/em> est une d\u00e9rive po\u00e9tique et intimiste o\u00f9 le cimeti\u00e8re se fait paysage.<img loading=\"lazy\" decoding=\"async\" class=\"alignright\" title=\"devLook-20\" src=\"http:\/\/wp.chloedelaume.r3zo.net\/wp-content\/uploads\/2012\/12\/devlook-20-150x150.jpg\" alt=\"\" width=\"150\" height=\"150\" \/><\/p>\n<p style=\"text-align: justify;\">A travers les pierres \u00e9rod\u00e9es, les statues et les herbes s\u00e8ches, une voix f\u00e9minine interroge son propre rapport \u00e0 la mort, et consigne de fa\u00e7on faussement innocente son ressenti. Ici, plus d&rsquo;un secret repose.<\/p>\n<p>Le r\u00e9el, saisi de mani\u00e8re quasi-photographique, se d\u00e9lite parfois jusqu\u2019\u00e0 l\u2019abstraction dans les visuels, au gr\u00e9 des sinuosit\u00e9s de la narration. Car si les tombes ici sourient, c\u2019est peut-\u00eatre que la mort sait \u00eatre lumineuse.<\/p>\n<p>Pr\u00e9sentation <a href=\"http:\/\/www.jocaseria.fr\/Catalogue\/Livres\/Fiche%20livre\/perceptions.html\" target=\"_blank\">sur le site de l&rsquo;\u00e9diteur ici<\/a>.<\/p>\n<p>&nbsp;<\/p>\n<p><strong>Extrait\u00a0<\/strong><\/p>\n<p><strong><br \/>\n<img loading=\"lazy\" decoding=\"async\" class=\"alignleft\" title=\"dessin Fran\u00e7ois Alary\" src=\"http:\/\/wp.chloedelaume.r3zo.net\/wp-content\/uploads\/2012\/12\/lr3-150x150.jpg\" alt=\"\" width=\"150\" height=\"150\" \/><\/strong><\/p>\n<blockquote><p><em>Dans ces clairi\u00e8res, tresses et couronnes<\/em><\/p>\n<p><em>Un laurier rose sous le noyer<\/em><\/p>\n<p><em>Dans ces clairi\u00e8res<\/em><\/p>\n<p><em>Entre autres<\/em><\/p>\n<p><em>C\u2019est pour \u00e7a qu\u2019il vaut mieux ne pas fermer les yeux<\/em><\/p>\n<p>&nbsp;<\/p>\n<p><em>\u00a0<\/em><\/p>\n<p><em>La fa\u00efence<\/em><\/p>\n<p><em>Le miroir se refuse<\/em><\/p>\n<p><em>La fa\u00efence, les \u00e9clats de fa\u00efence<\/em><\/p>\n<p><em>Au loin un chien aboie peut-\u00eatre<\/em><\/p>\n<p><em>\u00a0<\/em><\/p>\n<p><em>L\u2019oubli<\/em><\/p>\n<p><em>Ca r\u00e2pe un peu la langue<\/em><\/p>\n<p><em>A moins que ce ne soit les ronces<\/em><\/p>\n<p><em>Pr\u00e9server les souvenirs implique la pose de barbel\u00e9<br \/>\n<\/em><\/p><\/blockquote>\n<p><em>\u00a0<\/em><\/p>\n<p>&nbsp;<\/p>\n<div><\/div>\n","protected":false},"excerpt":{"rendered":"<p>Joca Seria, septembre 2012. Cr\u00e9ateurs de la marque D\u00e9vast\u00e9e, Oph\u00e9lie Kl\u00e8re et Fran\u00e7ois Alary ont con\u00e7u avec Chlo\u00e9 Delaume\u00a0ce livre en parall\u00e8le de leur collection SS13.\u00a0Certaines pi\u00e8ces allaient d&rsquo;ailleurs jusqu&rsquo;\u00e0 imprimer le texte \u00e0 pleine soie. R\u00e9alis\u00e9 \u00e0 partir de &hellip; <a href=\"https:\/\/chloedelaume.net\/?page_id=319\">Continuer la lecture <span class=\"meta-nav\">&rarr;<\/span><\/a><\/p>\n","protected":false},"author":2,"featured_media":0,"parent":111,"menu_order":0,"comment_status":"closed","ping_status":"open","template":"","meta":{"jetpack_post_was_ever_published":false,"footnotes":""},"class_list":["post-319","page","type-page","status-publish","hentry"],"jetpack_sharing_enabled":true,"jetpack_shortlink":"https:\/\/wp.me\/P3Xt8S-59","_links":{"self":[{"href":"https:\/\/chloedelaume.net\/index.php?rest_route=\/wp\/v2\/pages\/319","targetHints":{"allow":["GET"]}}],"collection":[{"href":"https:\/\/chloedelaume.net\/index.php?rest_route=\/wp\/v2\/pages"}],"about":[{"href":"https:\/\/chloedelaume.net\/index.php?rest_route=\/wp\/v2\/types\/page"}],"author":[{"embeddable":true,"href":"https:\/\/chloedelaume.net\/index.php?rest_route=\/wp\/v2\/users\/2"}],"replies":[{"embeddable":true,"href":"https:\/\/chloedelaume.net\/index.php?rest_route=%2Fwp%2Fv2%2Fcomments&post=319"}],"version-history":[{"count":25,"href":"https:\/\/chloedelaume.net\/index.php?rest_route=\/wp\/v2\/pages\/319\/revisions"}],"predecessor-version":[{"id":4580,"href":"https:\/\/chloedelaume.net\/index.php?rest_route=\/wp\/v2\/pages\/319\/revisions\/4580"}],"up":[{"embeddable":true,"href":"https:\/\/chloedelaume.net\/index.php?rest_route=\/wp\/v2\/pages\/111"}],"wp:attachment":[{"href":"https:\/\/chloedelaume.net\/index.php?rest_route=%2Fwp%2Fv2%2Fmedia&parent=319"}],"curies":[{"name":"wp","href":"https:\/\/api.w.org\/{rel}","templated":true}]}}