{"id":3100,"date":"2014-09-18T11:14:21","date_gmt":"2014-09-18T09:14:21","guid":{"rendered":"http:\/\/www.chloedelaume.net\/?page_id=3100"},"modified":"2025-07-10T08:41:02","modified_gmt":"2025-07-10T06:41:02","slug":"revues-collectifs","status":"publish","type":"page","link":"https:\/\/chloedelaume.net\/?page_id=3100","title":{"rendered":""},"content":{"rendered":"<p style=\"text-align: justify;\">Chlo\u00e9 Delaume travaille le son et s&rsquo;entoure de personnes comp\u00e9tentes depuis les ann\u00e9es 2000. Outre les performances, il en reste parfois des objets. Pi\u00e8ces sonores, bandes son de livre, chansons, fiction sous forme d&rsquo;appli. Des disques, des formats en digital, des clips, aussi.<\/p>\n<p style=\"text-align: center;\"><strong>LES PHALLERS EN CLIP<\/strong><\/p>\n<p><iframe loading=\"lazy\" title=\"Chlo\u00e9 Delaume - Ouin Ouin Boogie\" width=\"584\" height=\"329\" src=\"https:\/\/www.youtube.com\/embed\/zKz1KYGiJJY?feature=oembed\" frameborder=\"0\" allow=\"accelerometer; autoplay; clipboard-write; encrypted-media; gyroscope; picture-in-picture; web-share\" referrerpolicy=\"strict-origin-when-cross-origin\" allowfullscreen><\/iframe><\/p>\n<p style=\"text-align: center;\"><strong>MINIMAL WAVE<\/strong><\/p>\n<p><a href=\"https:\/\/dokidoki.bandcamp.com\/album\/sentiments-n-gatifs\" target=\"_blank\" rel=\"noopener\"><em><img loading=\"lazy\" decoding=\"async\" class=\"size-medium wp-image-6373 alignleft\" src=\"https:\/\/chloedelaume.net\/wp-content\/uploads\/2024\/03\/sentiments-negatifs-300x296.jpg\" alt=\"\" width=\"300\" height=\"296\" srcset=\"https:\/\/chloedelaume.net\/wp-content\/uploads\/2024\/03\/sentiments-negatifs-300x296.jpg 300w, https:\/\/chloedelaume.net\/wp-content\/uploads\/2024\/03\/sentiments-negatifs-304x300.jpg 304w, https:\/\/chloedelaume.net\/wp-content\/uploads\/2024\/03\/sentiments-negatifs.jpg 750w\" sizes=\"auto, (max-width: 300px) 100vw, 300px\" \/>Sentiments n\u00e9gatifs<\/em><\/a> est le deuxi\u00e8me album de Chlo\u00e9 Delaume, sorti en 2024 sur le label Dokidoki. Musique : Patrick Bouvet et Eric \u00ab\u00a0Elvis\u00a0\u00bb Simonet; paroles et voix : Chlo\u00e9.<\/p>\n<p>Dix morceaux o\u00f9 se c\u00f4toient humour noir et f\u00e9minisme radical. Un duo avec Henriette rend hommage \u00e0 Sarah Kane, un autre avec Eric \u00ab\u00a0Elvis\u00a0\u00bb Simonet ironise sur la fin de l&rsquo;amour. Les lecteurices de <a href=\"https:\/\/chloedelaume.net\/?page_id=6362\" target=\"_blank\" rel=\"noopener\"><em>Phallers<\/em><\/a>, publi\u00e9 chez Points f\u00e9minismes, pourront reconna\u00eetre quatre chansons pr\u00e9sentes dans le roman : <em>Examen conjugal<\/em>, <em>Purple Fuckers<\/em>, <em>Ouin Ouin Boogie<\/em> et <em>Phallers Song<\/em>.<\/p>\n<p>L&rsquo;album est disponible en version digitale, en CD et K7 (design Oph\u00e9lie &amp; Fran\u00e7ois Alary). <a href=\"https:\/\/dokidoki.bandcamp.com\/album\/sentiments-n-gatifs\" target=\"_blank\" rel=\"noopener\">Pour l&rsquo;\u00e9couter o\u00f9 l&rsquo;acqu\u00e9rir, c&rsquo;est ici<\/a>.<\/p>\n<p style=\"text-align: center;\"><b>SYNTH-POP<\/b><\/p>\n<p style=\"text-align: justify;\"><em><img loading=\"lazy\" decoding=\"async\" class=\"size-medium wp-image-5894 alignleft\" src=\"http:\/\/chloedelaume.net\/wp-content\/uploads\/2020\/08\/mesaventures-compresse-300x300.jpg\" alt=\"\" width=\"300\" height=\"300\" srcset=\"https:\/\/chloedelaume.net\/wp-content\/uploads\/2020\/08\/mesaventures-compresse-300x300.jpg 300w, https:\/\/chloedelaume.net\/wp-content\/uploads\/2020\/08\/mesaventures-compresse-1024x1024.jpg 1024w, https:\/\/chloedelaume.net\/wp-content\/uploads\/2020\/08\/mesaventures-compresse-150x150.jpg 150w, https:\/\/chloedelaume.net\/wp-content\/uploads\/2020\/08\/mesaventures-compresse-768x768.jpg 768w, https:\/\/chloedelaume.net\/wp-content\/uploads\/2020\/08\/mesaventures-compresse-1536x1536.jpg 1536w, https:\/\/chloedelaume.net\/wp-content\/uploads\/2020\/08\/mesaventures-compresse-2048x2048.jpg 2048w\" sizes=\"auto, (max-width: 300px) 100vw, 300px\" \/><a href=\"https:\/\/dokidoki.bandcamp.com\/album\/les-fabuleuses-m-saventures-dune-h-ro-ne-contemporaine\" target=\"_blank\" rel=\"noopener\">Les fabuleuses m\u00e9saventures d&rsquo;une h\u00e9ro\u00efne contemporaine<\/a><\/em> est le premier album de Chlo\u00e9 Delaume, sorti en 2020. Les musiques ont \u00e9t\u00e9 compos\u00e9es par Eric \u00ab\u00a0Elvis\u00a0\u00bb Simonet et Patrick Bouvet, Chlo\u00e9 Delaume est aux textes et aux voix.<\/p>\n<p style=\"text-align: justify;\">Le disque fait \u00e9cho au roman <em>Le coeur synth\u00e9tique<\/em>, c&rsquo;est un album concept. On y retrouve le personnage d&rsquo;Ad\u00e9la\u00efde, des sc\u00e8nes de lose sentimentale, la peur de vieillir, et des hommages \u00e0 la sc\u00e8ne fran\u00e7aise des 80&rsquo;s.<\/p>\n<p style=\"text-align: justify;\">Il est disponible sur le label <a href=\"https:\/\/dokidoki.bandcamp.com\/\">Dokidoki<\/a>, avec le soutien d&rsquo;Agn\u00e8s b. En version digitale, et en vinyle (design Oph\u00e9lie &amp; Fran\u00e7ois Alary, 33 tours transparent, 10 titres, \u00e9puis\u00e9). <a href=\"https:\/\/dokidoki.bandcamp.com\/album\/les-fabuleuses-m-saventures-dune-h-ro-ne-contemporaine\" target=\"_blank\" rel=\"noopener noreferrer\">Pour l&rsquo;acqu\u00e9rir ou l&rsquo;\u00e9couter, c&rsquo;est ici<\/a>.<\/p>\n<p><iframe loading=\"lazy\" title=\"Chlo\u00e9 Delaume - En Chien\" width=\"584\" height=\"329\" src=\"https:\/\/www.youtube.com\/embed\/YkGzsfW0LS8?feature=oembed\" frameborder=\"0\" allow=\"accelerometer; autoplay; clipboard-write; encrypted-media; gyroscope; picture-in-picture; web-share\" referrerpolicy=\"strict-origin-when-cross-origin\" allowfullscreen><\/iframe><\/p>\n<p><iframe loading=\"lazy\" title=\"Chlo\u00e9 Delaume - Cartomancie &amp; Cie (The Penelopes Remix)\" width=\"584\" height=\"329\" src=\"https:\/\/www.youtube.com\/embed\/jVHoa9ItZaQ?feature=oembed\" frameborder=\"0\" allow=\"accelerometer; autoplay; clipboard-write; encrypted-media; gyroscope; picture-in-picture; web-share\" referrerpolicy=\"strict-origin-when-cross-origin\" allowfullscreen><\/iframe><\/p>\n<p><iframe loading=\"lazy\" title=\"Chlo\u00e9 Delaume - RTT \u00e0 Trastevere\" width=\"584\" height=\"329\" src=\"https:\/\/www.youtube.com\/embed\/gVZkACvIOuI?feature=oembed\" frameborder=\"0\" allow=\"accelerometer; autoplay; clipboard-write; encrypted-media; gyroscope; picture-in-picture; web-share\" referrerpolicy=\"strict-origin-when-cross-origin\" allowfullscreen><\/iframe><\/p>\n<p>*<\/p>\n<p style=\"text-align: center;\"><strong>B.O. DE LIVRES<\/strong><\/p>\n<p><img loading=\"lazy\" decoding=\"async\" class=\" wp-image-6268 alignleft\" src=\"https:\/\/chloedelaume.net\/wp-content\/uploads\/2023\/12\/la-noyade-v2-300x300.jpg\" alt=\"\" width=\"157\" height=\"157\" srcset=\"https:\/\/chloedelaume.net\/wp-content\/uploads\/2023\/12\/la-noyade-v2-300x300.jpg 300w, https:\/\/chloedelaume.net\/wp-content\/uploads\/2023\/12\/la-noyade-v2-1024x1024.jpg 1024w, https:\/\/chloedelaume.net\/wp-content\/uploads\/2023\/12\/la-noyade-v2-150x150.jpg 150w, https:\/\/chloedelaume.net\/wp-content\/uploads\/2023\/12\/la-noyade-v2-768x768.jpg 768w\" sizes=\"auto, (max-width: 157px) 100vw, 157px\" \/><\/p>\n<p>*<\/p>\n<p><a href=\"https:\/\/www.youtube.com\/watch?v=XXU639snR_c\" target=\"_blank\" rel=\"noopener\"><em>La Noyade<\/em><\/a> est la chanson de Clotilde dans <a href=\"https:\/\/chloedelaume.net\/?page_id=6140\" target=\"_blank\" rel=\"noopener\"><em>Pauvre folle<\/em><\/a>, roman publi\u00e9 au Seuil en 2023. Elle a \u00e9t\u00e9 compos\u00e9e par <a href=\"https:\/\/www.thepenelopes.com\/\" target=\"_blank\" rel=\"noopener\">The Penelopes. <\/a>Son illustration est de Fran\u00e7ois et Oph\u00e9lie Alary.<\/p>\n<p>*<\/p>\n<p><img loading=\"lazy\" decoding=\"async\" class=\"wp-image-5740 alignleft\" src=\"http:\/\/www.chloedelaume.net\/wp-content\/uploads\/2014\/09\/alienare-648146-264-432-222x300.jpg\" alt=\"\" width=\"118\" height=\"160\" srcset=\"https:\/\/chloedelaume.net\/wp-content\/uploads\/2014\/09\/alienare-648146-264-432-222x300.jpg 222w, https:\/\/chloedelaume.net\/wp-content\/uploads\/2014\/09\/alienare-648146-264-432.jpg 264w\" sizes=\"auto, (max-width: 118px) 100vw, 118px\" \/><\/p>\n<p>*<\/p>\n<p><a href=\"http:\/\/www.chloedelaume.net\/?page_id=4596\" target=\"_blank\" rel=\"noopener noreferrer\"><em>Alienare<\/em><\/a> est une fiction augment\u00e9e d&rsquo;animations r\u00e9alis\u00e9es par Franck Dion et d&rsquo;une cr\u00e9ation sonore de Sophie Couronne (2015).<\/p>\n<p>*<\/p>\n<p>*<\/p>\n<p><img loading=\"lazy\" decoding=\"async\" class=\" wp-image-5741 alignleft\" src=\"http:\/\/www.chloedelaume.net\/wp-content\/uploads\/2014\/09\/512ptjzkjl-203x300.jpg\" alt=\"\" width=\"118\" height=\"174\" srcset=\"https:\/\/chloedelaume.net\/wp-content\/uploads\/2014\/09\/512ptjzkjl-203x300.jpg 203w, https:\/\/chloedelaume.net\/wp-content\/uploads\/2014\/09\/512ptjzkjl-768x1135.jpg 768w, https:\/\/chloedelaume.net\/wp-content\/uploads\/2014\/09\/512ptjzkjl-693x1024.jpg 693w, https:\/\/chloedelaume.net\/wp-content\/uploads\/2014\/09\/512ptjzkjl.jpg 800w\" sizes=\"auto, (max-width: 118px) 100vw, 118px\" \/><\/p>\n<p>*<\/p>\n<p>La B.O. du roman <a href=\"http:\/\/www.chloedelaume.net\/?page_id=269\" target=\"_blank\" rel=\"noopener noreferrer\"><em>Dans ma maison sous terre<\/em><\/a> a \u00e9t\u00e9 r\u00e9alis\u00e9e par Aur\u00e9lie Sfez en 2009. Pi\u00e8ces sonores, piano pr\u00e9par\u00e9, ritournelles exp\u00e9rimentales.<\/p>\n<p>*<\/p>\n<p>*<\/p>\n<p style=\"text-align: center;\"><strong>DUOS<\/strong><\/p>\n<p><img loading=\"lazy\" decoding=\"async\" class=\"wp-image-5738 alignleft\" src=\"http:\/\/www.chloedelaume.net\/wp-content\/uploads\/2014\/09\/r-1210442-1201031973jpeg-1-300x283.jpg\" alt=\"\" width=\"191\" height=\"181\" srcset=\"https:\/\/chloedelaume.net\/wp-content\/uploads\/2014\/09\/r-1210442-1201031973jpeg-1-300x283.jpg 300w, https:\/\/chloedelaume.net\/wp-content\/uploads\/2014\/09\/r-1210442-1201031973jpeg-1-317x300.jpg 317w, https:\/\/chloedelaume.net\/wp-content\/uploads\/2014\/09\/r-1210442-1201031973jpeg-1.jpg 472w\" sizes=\"auto, (max-width: 191px) 100vw, 191px\" \/><\/p>\n<p style=\"text-align: justify;\">Avec\u00a0<a href=\"http:\/\/wilfriedparis.blogspot.fr\/\" target=\"_blank\" rel=\"noopener noreferrer\">Wilfried Paris<\/a>, sur son album\u00a0<em><a href=\"http:\/\/wilfried.bandcamp.com\/album\/matrice\" target=\"_blank\" rel=\"noopener noreferrer\">Matrice\u00a0<\/a>:\u00a0<\/em><em><a href=\"http:\/\/wilfried.bandcamp.com\/track\/dexterine\" target=\"_blank\" rel=\"noopener noreferrer\">Dexterine<\/a><\/em>\u00a0(2014).<\/p>\n<p style=\"text-align: justify;\">Avec Dorine_Muraille, sur la compile Dokidoki<span class=\"toctext\"><em>\u00a0<\/em><\/span><span class=\"toctext\"><em>I Regret Not Having Kissed you :<\/em>\u00a0<em><a href=\"http:\/\/editions.dokidoki.fr\/disques\/disque_doki03.htm\" target=\"_blank\" rel=\"noopener noreferrer\">Le Trip\u00a0<\/a><\/em>\u00a0(2008). <\/span><\/p>\n<p style=\"text-align: justify;\"><span class=\"toctext\">Avec Sylvain Courtoux :\u00a0<em>Num\u00e9ro Vert<\/em> et <em>25 D\u00e9cembre\u00a0<\/em>(2008).<\/span><\/p>\n<p style=\"text-align: justify;\"><img loading=\"lazy\" decoding=\"async\" class=\"wp-image-5743 alignright\" src=\"http:\/\/www.chloedelaume.net\/wp-content\/uploads\/2014\/09\/61ik3aac8el_sy355-300x300.jpg\" alt=\"\" width=\"202\" height=\"202\" srcset=\"https:\/\/chloedelaume.net\/wp-content\/uploads\/2014\/09\/61ik3aac8el_sy355-300x300.jpg 300w, https:\/\/chloedelaume.net\/wp-content\/uploads\/2014\/09\/61ik3aac8el_sy355-150x150.jpg 150w, https:\/\/chloedelaume.net\/wp-content\/uploads\/2014\/09\/61ik3aac8el_sy355.jpg 355w\" sizes=\"auto, (max-width: 202px) 100vw, 202px\" \/>Avec <a href=\"http:\/\/www.thepenelopes.com\/\">The Penelopes<\/a>, sur la compile <em>Des jeunes gens m\u00f6dernes<\/em>, cover de <em><a href=\"https:\/\/www.youtube.com\/watch?v=csO2Qt8QZiU\">Je t&rsquo;aime tant<\/a><\/em> (2008).<\/p>\n<p style=\"text-align: justify;\"><span class=\"toctext\">Avec Jean- Luc Le T\u00e9nia, <a href=\"https:\/\/www.youtube.com\/watch?v=dyb7mQepPP4\" target=\"_blank\" rel=\"noopener noreferrer\"><em>Du haut\u00a0<\/em><\/a>(2007).<\/span><\/p>\n<p style=\"text-align: justify;\"><span class=\"toctext\">.Avec\u00a0Dorine_Muraille, sur <em>Mani,<\/em><\/span>:\u00a0<em><a href=\"https:\/\/www.youtube.com\/watch?v=fkjSZMWzwEc&amp;list=PL758B614B323753EE&amp;index=5\" target=\"_blank\" rel=\"noopener noreferrer\">Le supplice de la baignoire<\/a>, <a href=\"https:\/\/www.youtube.com\/watch?v=mxYgoSC9fQ0\" target=\"_blank\" rel=\"noopener noreferrer\">Techniques du Lexo<\/a>,<\/em>\u00a0et<em>\u00a0<a href=\"https:\/\/www.youtube.com\/watch?v=78As--M9sxg\" target=\"_blank\" rel=\"noopener noreferrer\">Madrague, retour<\/a>.<\/em><\/p>\n<p>*<\/p>\n<p style=\"text-align: center;\"><strong>PAROLES<\/strong><\/p>\n<p style=\"text-align: justify;\"><img loading=\"lazy\" decoding=\"async\" class=\"wp-image-5747 alignleft\" src=\"http:\/\/www.chloedelaume.net\/wp-content\/uploads\/2014\/09\/13-edition-standard-digisleeve-300x300.jpg\" alt=\"\" width=\"207\" height=\"207\" srcset=\"https:\/\/chloedelaume.net\/wp-content\/uploads\/2014\/09\/13-edition-standard-digisleeve-300x300.jpg 300w, https:\/\/chloedelaume.net\/wp-content\/uploads\/2014\/09\/13-edition-standard-digisleeve-150x150.jpg 150w, https:\/\/chloedelaume.net\/wp-content\/uploads\/2014\/09\/13-edition-standard-digisleeve.jpg 500w\" sizes=\"auto, (max-width: 207px) 100vw, 207px\" \/>Pour <a href=\"http:\/\/www.indo.fr\/accueil\/\" target=\"_blank\" rel=\"noopener noreferrer\">Indochine<\/a>, paroles de <a href=\"https:\/\/www.deezer.com\/fr\/album\/47487942\" target=\"_blank\" rel=\"noopener noreferrer\"><em>Suffragettes BB<\/em><\/a> co-\u00e9crites avec Nicola Sirkis, album <em>13\u00a0<\/em>(2017).<\/p>\n<p style=\"text-align: justify;\">Pour\u00a0<a href=\"http:\/\/www.nicolascomment.com\/\" target=\"_blank\" rel=\"noopener noreferrer\">Nicolas Comment<\/a>, sur\u00a0<em>Rose plan\u00e8te<\/em>, paroles de <em><a href=\"https:\/\/www.youtube.com\/watch?v=nsVdmkNRTUw\" target=\"_blank\" rel=\"noopener noreferrer\">Amaurose\u00a0<\/a><\/em>(2015)\u00a0&#8211;<\/p>\n<p style=\"text-align: justify;\">Pour\u00a0<a href=\"http:\/\/www.indo.fr\/\" target=\"_blank\" rel=\"noopener noreferrer\">Indochine<\/a><em>, <\/em>sur<em> La R\u00e9publique des M\u00e9t\u00e9ors, <\/em>paroles de<em>\u00a0<a href=\"https:\/\/www.youtube.com\/watch?v=E_nQXZ1Tvx0\" target=\"_blank\" rel=\"noopener noreferrer\">Les aubes sont mortes<\/a><\/em>, (2009)<\/p>\n<p style=\"text-align: justify;\">Pour\u00a0<a href=\"http:\/\/www.thepenelopes.com\/\" target=\"_blank\" rel=\"noopener noreferrer\">The Penelopes<\/a>, sur\u00a0<span class=\"toctext\"><i>Priceless Concrete Echoes<\/i>, paroles de <a href=\"https:\/\/www.youtube.com\/watch?v=w59K8PHCLG8\" target=\"_blank\" rel=\"noopener noreferrer\"><em>4&rsquo;47 <\/em><\/a>\u00a0et <em><a href=\"http:\/\/www.shazam.com\/fr\/track\/69939100\/stains-bonus-track\" target=\"_blank\" rel=\"noopener noreferrer\">Stains<\/a>\u00a0<\/em>(2009)\u00a0<em>&#8211;\u00a0<\/em><\/span><\/p>\n<p>*<\/p>\n<p style=\"text-align: center;\"><b>CR\u00c9ATIONS<\/b><strong>\u00a0RADIOPHONIQUES<\/strong><\/p>\n<p><em><strong><img loading=\"lazy\" decoding=\"async\" class=\"wp-image-4948 alignleft\" src=\"http:\/\/www.chloedelaume.net\/wp-content\/uploads\/2014\/09\/510_chat2.jpg\" alt=\"510_chat2\" width=\"212\" height=\"212\" srcset=\"https:\/\/chloedelaume.net\/wp-content\/uploads\/2014\/09\/510_chat2.jpg 510w, https:\/\/chloedelaume.net\/wp-content\/uploads\/2014\/09\/510_chat2-150x150.jpg 150w, https:\/\/chloedelaume.net\/wp-content\/uploads\/2014\/09\/510_chat2-300x300.jpg 300w\" sizes=\"auto, (max-width: 212px) 100vw, 212px\" \/><\/strong><\/em><\/p>\n<p><em>Les fabuleuses m\u00e9saventures d&rsquo;une h\u00e9ro\u00efne contemporaine<\/em>, avec Patrick Bouvet et Eric Elvis Simonet, France Culture (2020).<\/p>\n<p><em><a href=\"https:\/\/www.franceculture.fr\/emissions\/lexperience\/sororisation-generale\">Sororisation g\u00e9n\u00e9rale<\/a><\/em>, avec Elisa Monteil. Musique : Sophie Couronne, France Culture (2019).<\/p>\n<p><em>D\u00e9claration en arc de cercle<\/em>, France Culture, (2015).<\/p>\n<p><em><a href=\"http:\/\/www.franceculture.fr\/emissions\/fictions-theatre-et-cie\/cycle-voix-nouvelles-pour-le-theatre-et-la-radio-transhumance-de\" target=\"_blank\" rel=\"noopener noreferrer\">Transhumances<\/a><\/em>, fiction pour France Culture (2007).<\/p>\n<p><a href=\"http:\/\/arteradio.com\/son\/8399\/chloe_delaume\" target=\"_blank\" rel=\"noopener noreferrer\"><em>Oiseaux morts<\/em><\/a>, single pour Arte radio (2004).<\/p>\n<p><em><a href=\"http:\/\/www.franceculture.fr\/emissions\/latelier-de-la-creation-14-15\/jai-le-souffle-trop-court-pour-31-bougies-r\" target=\"_blank\" rel=\"noopener noreferrer\">J&rsquo;ai le souffle trop court pour 31 bougies<\/a><\/em>. Musique : Dorine_Muraille. Atelier de Cr\u00e9ation Radiophonique, France Culture (2004).<\/p>\n<p><em>Le Syndrome de la F\u00e9e Clochette<\/em>. Musique : Dorine_Muraille.\u00a0Enregistrement en direct du Festival d&rsquo;Avignon pour France Culture (2004).<\/p>\n<p><em>Les revues de po\u00e9sie contemporaine<\/em>, documentaire pour <em>Du jour au lendemain<\/em>, France Culture (2001).<\/p>\n<p style=\"text-align: justify;\">\n","protected":false},"excerpt":{"rendered":"<p>Chlo\u00e9 Delaume travaille le son et s&rsquo;entoure de personnes comp\u00e9tentes depuis les ann\u00e9es 2000. Outre les performances, il en reste parfois des objets. Pi\u00e8ces sonores, bandes son de livre, chansons, fiction sous forme d&rsquo;appli. Des disques, des formats en digital, &hellip; <a href=\"https:\/\/chloedelaume.net\/?page_id=3100\">Continuer la lecture <span class=\"meta-nav\">&rarr;<\/span><\/a><\/p>\n","protected":false},"author":2,"featured_media":0,"parent":0,"menu_order":0,"comment_status":"closed","ping_status":"closed","template":"","meta":{"jetpack_post_was_ever_published":false,"footnotes":""},"class_list":["post-3100","page","type-page","status-publish","hentry"],"jetpack_sharing_enabled":true,"jetpack_shortlink":"https:\/\/wp.me\/P3Xt8S-O0","_links":{"self":[{"href":"https:\/\/chloedelaume.net\/index.php?rest_route=\/wp\/v2\/pages\/3100","targetHints":{"allow":["GET"]}}],"collection":[{"href":"https:\/\/chloedelaume.net\/index.php?rest_route=\/wp\/v2\/pages"}],"about":[{"href":"https:\/\/chloedelaume.net\/index.php?rest_route=\/wp\/v2\/types\/page"}],"author":[{"embeddable":true,"href":"https:\/\/chloedelaume.net\/index.php?rest_route=\/wp\/v2\/users\/2"}],"replies":[{"embeddable":true,"href":"https:\/\/chloedelaume.net\/index.php?rest_route=%2Fwp%2Fv2%2Fcomments&post=3100"}],"version-history":[{"count":306,"href":"https:\/\/chloedelaume.net\/index.php?rest_route=\/wp\/v2\/pages\/3100\/revisions"}],"predecessor-version":[{"id":6449,"href":"https:\/\/chloedelaume.net\/index.php?rest_route=\/wp\/v2\/pages\/3100\/revisions\/6449"}],"wp:attachment":[{"href":"https:\/\/chloedelaume.net\/index.php?rest_route=%2Fwp%2Fv2%2Fmedia&parent=3100"}],"curies":[{"name":"wp","href":"https:\/\/api.w.org\/{rel}","templated":true}]}}