{"id":298,"date":"2012-12-12T04:05:17","date_gmt":"2012-12-12T03:05:17","guid":{"rendered":"http:\/\/wp.chloedelaume.r3zo.net\/?page_id=298"},"modified":"2015-07-06T11:44:15","modified_gmt":"2015-07-06T09:44:15","slug":"monologue-pour-epluchures-datrides","status":"publish","type":"page","link":"https:\/\/chloedelaume.net\/?page_id=298","title":{"rendered":"Monologue pour \u00e9pluchures d&rsquo;Atrides"},"content":{"rendered":"<p>Ecrit \u00e0 l&rsquo;automne 2001, durant une r\u00e9sidence de trois mois au Centre International de Po\u00e9sie \u00a0de Marseille (CIP<em>m<\/em>). Publi\u00e9 en octobre 2003,\u00a0<span style=\"font-size: 14px;\">CIPm \/ Spectres Familliers. Ce petit livre est un texte po\u00e9tique, tr\u00e8s fragment\u00e9, o\u00f9 il est question d&rsquo;amours d\u00e9chus \u00e0 renfort de chansons de Barbara.\u00a0<\/span><\/p>\n<p>&nbsp;<\/p>\n<h1 style=\"text-align: center;\">Extrait : Premi\u00e8res pages<\/h1>\n<p>&nbsp;<\/p>\n<p><img loading=\"lazy\" decoding=\"async\" class=\"size-full wp-image-1728 alignleft\" title=\"9782909097480\" src=\"http:\/\/wp.chloedelaume.r3zo.net\/wp-content\/uploads\/2012\/12\/9782909097480.jpg\" alt=\"\" width=\"278\" height=\"391\" srcset=\"https:\/\/chloedelaume.net\/wp-content\/uploads\/2012\/12\/9782909097480.jpg 278w, https:\/\/chloedelaume.net\/wp-content\/uploads\/2012\/12\/9782909097480-213x300.jpg 213w\" sizes=\"auto, (max-width: 278px) 100vw, 278px\" \/><\/p>\n<p style=\"text-align: justify;\">\u00a0La barbare achev\u00e9e \u00e0 quel saint volatile devrais-je me d\u00e9pecer. A quel ouvroir bleut\u00e9 orchid\u00e9e potentielle. Quel chant\u00a0<em>une petite cantate<\/em>\u00a0entendras-tu\u00a0<em>du bout des doigts<\/em>\u00a0si me voil\u00e0\u00a0<em>obs\u00e9dante et maladroite<\/em>\u00a0aphone.<\/p>\n<p style=\"text-align: justify;\">Quel chant\u00a0<em>monte vers toi<\/em>\u00a0quel sale filet\u00a0<em>une petite cantate<\/em>\u00a0oui j&rsquo;ai perdu ma voix\u00a0<em>que nous jouions<\/em>\u00a0\u00e0 trop l&rsquo;avoir\u00a0<em>autrefois<\/em>\u00a0harp\u00e9e\u00a0<em>seule<\/em>\u00a0la corde\u00a0<em>je la joue maladroite<\/em>\u00a0s&rsquo;effiloche.<\/p>\n<p style=\"text-align: justify;\">A d\u00e9faut de l&rsquo;entendre\u00a0<em>si mi la r\u00e9<\/em>\u00a0r\u00e9ponds-moi le sais-tu\u00a0<em>sol do fa\u00a0<\/em>l&rsquo;amour des mendigotes les escaliers je butte. La suite. Partisans mis\u00e9reux\u00a0<em>cette petite cantate<\/em>\u00a0le temps\u00a0<em>fa sol do fa<\/em>\u00a0des cerises.<\/p>\n<p style=\"text-align: justify;\">Fin ao\u00fbt d\u00e9but septembre. Jusqu&rsquo;\u00e0 quand oseras-tu garder la plaie<em>n&rsquo;\u00e9tait pas<\/em>\u00a0divine\u00a0<em>si maladroite<\/em>\u00a0jusqu&rsquo;au\u00a0<em>quand c&rsquo;\u00e9tait toi<\/em>\u00a0panier d&rsquo;osier\u00a0<em>les notes couraient faciles<\/em>\u00a0la partition\u00a0<em>heureuses<\/em>\u00a0du Nil\u00a0<em>au bout de tes doigts<\/em>\u00a0jusqu&rsquo;aux os enneig\u00e9s\u00a0<em>moi j&rsquo;\u00e9tais<\/em>\u00a0ta moelle est-elle\u00a0<em>l\u00e0 malhabile<\/em>\u00a0c\u00e2line et tes\u00a0<em>si mi la r\u00e9<\/em>\u00a0nerfs\u00a0<em>sol do fa<\/em>\u00a0oxyd\u00e9s. La barbaque\u00a0<em>mais tu es partie<\/em>\u00a0dessal\u00e9e\u00a0<em>fragile<\/em>\u00a0le long des sanglots clairs a des reflets\u00a0<em>vers l&rsquo;au-del\u00e0<\/em>\u00a0changeant jusqu&rsquo;au regard port\u00e9\u00a0<em>et je reste malhabile<\/em>\u00a0m&rsquo;aimeras tu\u00a0<em>fa sol do fa<\/em>\u00a0encore\u00a0<em>je te revois souriante<\/em>\u00a0promets-moi un chouia\u00a0<em>assise<\/em>\u00a0si les mouchoirs s&rsquo;agitent\u00a0<em>\u00e0 ce piano l\u00e0<\/em>\u00a0pourtant sans \u00e9ponger\u00a0<em>disant bon<\/em>\u00a0si les stigmates palpitent\u00a0<em>je joue tu chantes<\/em>\u00a0sans plus pouvoir suinter.<\/p>\n<p style=\"text-align: justify;\">Ma ritournelle est feule et ma peur serpentaire. Saturne as-tu du c\u0153ur ou bien l&rsquo;as-tu mang\u00e9. Ma ritournelle est veule et ma peur lapidaire. V\u00e9nus as-tu l&rsquo;aspic pourquoi l&rsquo;as-tu l\u00e2ch\u00e9. Te souviens-tu mon ange chante lundi endimanch\u00e9\u00a0<em>chante-la<\/em>\u00a0comme tarda\u00a0<em>pour moi<\/em>\u00a0le solstice\u00a0<em>si mi la r\u00e9<\/em>\u00a0au glas des\u00a0<em>si mi la r\u00e9<\/em>\u00a0fruits\u00a0<em>si sol do fa<\/em>confits.<\/p>\n<p style=\"text-align: justify;\">Qui\u00a0<em>si mi<\/em>\u00a0culbuta\u00a0<em>la r\u00e9<\/em>\u00a0l&rsquo;aurore\u00a0<em>si mi<\/em>\u00a0je suis\u00a0<em>la<\/em>\u00a0morte \u00e0\u00a0<em>r\u00e9 si<\/em>\u00a0demi. Si la\u00a0<em>sol do fa<\/em>\u00a0scansion est rauque\u00a0<em>oh mon amie<\/em>\u00a0que la glotte\u00a0<em>oh ma douce<\/em>\u00a0se tarit\u00a0<em>oh ma si<\/em>\u00a0y occire\u00a0<em>petite<\/em>\u00a0mon larynx\u00a0<em>\u00e0 moi<\/em>\u00a0me sera-t-il permis\u00a0<em>mon Dieu<\/em>\u00a0si s&rsquo;\u00e9meut la jach\u00e8re\u00a0<em>qu&rsquo;elle est difficile<\/em>\u00a0aux veinures sinistr\u00e9es\u00a0<em>cette cantate<\/em>\u00a0que les grelots mitaines\u00a0<em>sans toi\u00a0<\/em>tout est st\u00e9rilis\u00e9. Tu pardonneras peut-\u00eatre par piti\u00e9 dis-le moi\u00a0<em>une petite pri\u00e8re<\/em>\u00a0la clef perdue en mer la sir\u00e8ne kleptomane les excuses de butane si \u00e7a ne\u00a0<em>lala lala<\/em>\u00a0revient pas.<\/p>\n<p style=\"text-align: justify;\">Elle est bien trop ardue\u00a0<em>avec mon c\u0153ur<\/em>\u00a0la chanson\u00a0<em>pour la faire<\/em>\u00a0des trois Parques\u00a0<em>et mes dix doigts<\/em>\u00a0elle est bien trop t\u00eatue ma s\u00e8ve\u00a0<em>une petite pri\u00e8re<\/em>\u00a0se carapate mais je crains qu&rsquo;aucun couplet\u00a0<em>sans un signe de croix<\/em>\u00a0ne revienne pour\u00a0<em>qu&rsquo;elle offense<\/em>\u00a0la P\u00e2ques\u00a0<em>Dieu le p\u00e8re<\/em>\u00a0ni pour la Trinit\u00e9. Si jamais le refrain s&rsquo;est \u00e9gar\u00e9 aussi\u00a0<em>il me le pardonnera<\/em>\u00a0je pr\u00e9f\u00e8re c\u00e9cit\u00e9 le mensonge engourdi. Si jamais\u00a0<em>si mi la r\u00e9<\/em>\u00a0le chagrin\u00a0<em>si mi la r\u00e9<\/em>\u00a0se pelotonne\u00a0<em>si sol do fa<\/em>\u00a0dans un cri\u00a0<em>si mi la r\u00e9<\/em>\u00a0je pr\u00e9f\u00e8re\u00a0<em>si mi la r\u00e9<\/em>\u00a0camisole\u00a0<em>si sol do fa<\/em>\u00a0le vertige\u00a0<em>les anges avec<\/em>\u00a0de l&rsquo;oubli\u00a0<em>leurs trompettes<\/em>\u00a0au virus d\u00e9ception\u00a0<em>la joueront<\/em>\u00a0qui garrottera\u00a0<em>joueront pour toi<\/em>\u00a0ton pouls. Sur le pav\u00e9\u00a0<em>cette petite cantate<\/em>\u00a0d&rsquo;en moi\u00a0<em>que nous jouions<\/em>\u00a0les fillettes\u00a0<em>autrefois<\/em>\u00a0\u00e0 la craie\u00a0<em>les anges<\/em>\u00a0ont dress\u00e9\u00a0<em>avec leurs trompettes<\/em>\u00a0la marelle. Dis-moi si mes jupons\u00a0<em>la joueront joueront<\/em>\u00a0ont perdus leurs dentelles l&rsquo;arsenic est fi\u00e9vreux\u00a0<em>pour toi<\/em>\u00a0je bois le th\u00e9 sans\u00a0<em>cette petite cantate<\/em>\u00a0sucre et le reste\u00a0<em>qui monte vers toi<\/em>\u00a0sans di\u00e8se ni Fabulon.<\/p>\n","protected":false},"excerpt":{"rendered":"<p>Ecrit \u00e0 l&rsquo;automne 2001, durant une r\u00e9sidence de trois mois au Centre International de Po\u00e9sie \u00a0de Marseille (CIPm). Publi\u00e9 en octobre 2003,\u00a0CIPm \/ Spectres Familliers. Ce petit livre est un texte po\u00e9tique, tr\u00e8s fragment\u00e9, o\u00f9 il est question d&rsquo;amours d\u00e9chus &hellip; <a href=\"https:\/\/chloedelaume.net\/?page_id=298\">Continuer la lecture <span class=\"meta-nav\">&rarr;<\/span><\/a><\/p>\n","protected":false},"author":2,"featured_media":0,"parent":111,"menu_order":0,"comment_status":"closed","ping_status":"open","template":"","meta":{"jetpack_post_was_ever_published":false,"footnotes":""},"class_list":["post-298","page","type-page","status-publish","hentry"],"jetpack_sharing_enabled":true,"jetpack_shortlink":"https:\/\/wp.me\/P3Xt8S-4O","_links":{"self":[{"href":"https:\/\/chloedelaume.net\/index.php?rest_route=\/wp\/v2\/pages\/298","targetHints":{"allow":["GET"]}}],"collection":[{"href":"https:\/\/chloedelaume.net\/index.php?rest_route=\/wp\/v2\/pages"}],"about":[{"href":"https:\/\/chloedelaume.net\/index.php?rest_route=\/wp\/v2\/types\/page"}],"author":[{"embeddable":true,"href":"https:\/\/chloedelaume.net\/index.php?rest_route=\/wp\/v2\/users\/2"}],"replies":[{"embeddable":true,"href":"https:\/\/chloedelaume.net\/index.php?rest_route=%2Fwp%2Fv2%2Fcomments&post=298"}],"version-history":[{"count":9,"href":"https:\/\/chloedelaume.net\/index.php?rest_route=\/wp\/v2\/pages\/298\/revisions"}],"predecessor-version":[{"id":4589,"href":"https:\/\/chloedelaume.net\/index.php?rest_route=\/wp\/v2\/pages\/298\/revisions\/4589"}],"up":[{"embeddable":true,"href":"https:\/\/chloedelaume.net\/index.php?rest_route=\/wp\/v2\/pages\/111"}],"wp:attachment":[{"href":"https:\/\/chloedelaume.net\/index.php?rest_route=%2Fwp%2Fv2%2Fmedia&parent=298"}],"curies":[{"name":"wp","href":"https:\/\/api.w.org\/{rel}","templated":true}]}}