{"id":285,"date":"2012-12-12T03:44:44","date_gmt":"2012-12-12T02:44:44","guid":{"rendered":"http:\/\/wp.chloedelaume.r3zo.net\/?page_id=285"},"modified":"2013-09-17T17:44:56","modified_gmt":"2013-09-17T15:44:56","slug":"jhabite-dans-la-television","status":"publish","type":"page","link":"https:\/\/chloedelaume.net\/?page_id=285","title":{"rendered":"J&rsquo;habite dans la t\u00e9l\u00e9vision"},"content":{"rendered":"<h5 style=\"text-align: justify;\"><\/h5>\n<p style=\"text-align: justify;\"><img loading=\"lazy\" decoding=\"async\" class=\"alignleft size-full wp-image-2103\" title=\"j'habite\" src=\"http:\/\/wp.chloedelaume.r3zo.net\/wp-content\/uploads\/2012\/12\/arton88.jpg\" alt=\"\" width=\"250\" height=\"366\" srcset=\"https:\/\/chloedelaume.net\/wp-content\/uploads\/2012\/12\/arton88.jpg 250w, https:\/\/chloedelaume.net\/wp-content\/uploads\/2012\/12\/arton88-204x300.jpg 204w\" sizes=\"auto, (max-width: 250px) 100vw, 250px\" \/><\/p>\n<p style=\"text-align: justify;\">Durant deux ans, le cycle\u00a0<em>J&rsquo;habite dans la t\u00e9l\u00e9vision<\/em>\u00a0a \u00e9t\u00e9 d\u00e9velopp\u00e9 \u00e0 travers des performances et des chroniques tenues pour\u00a0<em>Le Matricule des Anges<\/em>. Le livre a \u00e9t\u00e9 publi\u00e9 en septembre 2006 aux Editions Verticales. \u00a0R\u00e9\u00e9dition poche en J&rsquo;ai Lu Nouvelle G\u00e9n\u00e9ration; traduit en roumain aux Editions ART.<\/p>\n<p style=\"text-align: justify;\">\u00abCe que nous vendons \u00e0 Coca-Cola c&rsquo;est du temps de cerveau humain disponible\u00bb.<\/p>\n<p style=\"text-align: justify;\">Partant de la phrase de Patrick Lelay, alors PDG de TF1,\u00a0Chlo\u00e9 Delaume a voulu comprendre en quoi consistait cette mise en disponibilit\u00e9 mentale des t\u00e9l\u00e9spectateurs.<\/p>\n<p style=\"text-align: justify;\">Durant 22 mois, du lever au coucher, elle s&rsquo;est faite \u00absentinelle\u00bb de la t\u00e9l\u00e9vision, devenant son propre sujet d&rsquo;\u00e9tude, se soumettant aux flux des messages m\u00e9diatiques et publicitaires, ingurgitant le maximum de programmes de divertissement, t\u00e9l\u00e9r\u00e9alit\u00e9 surtout, pour en ramener \u00ab des informations du r\u00e9el \u00bb.<\/p>\n<p style=\"text-align: justify;\">\u00c0 travers cette exp\u00e9rience limite, la narratrice d\u00e9crypte sa mutation en cours : cerveau et corps se modifient in\u00e9luctablement. Quand l&rsquo;humain n&rsquo;est plus qu&rsquo;un outil au service de \u00a0la fiction collective.<\/p>\n<p style=\"text-align: justify;\">Le roman se pr\u00e9sente sous la forme d&rsquo;un dossier du Minist\u00e8re de\u00a0la Culture &amp; du Divertissement\u2122, et est compos\u00e9 de 27 pi\u00e8ces.<\/p>\n<p style=\"text-align: justify;\">\n<p>&nbsp;<\/p>\n<p>&nbsp;<\/p>\n<p><strong>Premi\u00e8res pages<\/strong><\/p>\n<p>&nbsp;<\/p>\n<address>Minist\u00e8re de la Culture &amp; du Divertissement\u2122<\/address>\n<address>D\u00e9partement de la Fiction sur support Papier<\/address>\n<address>Service des Archives<\/address>\n<p>\u00a0<strong style=\"text-align: justify;\">N\u00b0Dossier :<\/strong><span style=\"text-align: justify;\">\u00a006176NSDA<\/span><\/p>\n<p style=\"text-align: justify;\"><strong>Cat\u00e9gorie :<\/strong>\u00a0Narration Type 3.2<br \/>\n<strong>Calibre :<\/strong>\u00a0191 732 signes<br \/>\n<strong>Phase :<\/strong>\u00a0Terminale<\/p>\n<p style=\"text-align: justify;\">\n<p style=\"text-align: justify;\"><strong>Note du comit\u00e9 :<\/strong><br \/>\nInt\u00e9gr\u00e9 au Lot 0048932 apr\u00e8s transfert.<br \/>\nEvaluation de degr\u00e9 12 exig\u00e9e par la proc\u00e9dure, conform\u00e9ment \u00e0 l&rsquo;article 78.4 du code de protection des producteurs de fiction. Bon pour \u00e9tude.<\/p>\n<p style=\"text-align: justify;\">\n<p style=\"text-align: justify;\">\n<p><strong><img loading=\"lazy\" decoding=\"async\" class=\"alignleft\" title=\"Poche\" src=\"http:\/\/wp.chloedelaume.r3zo.net\/wp-content\/uploads\/2012\/12\/9782290013922-98x150.jpg\" alt=\"\" width=\"98\" height=\"150\" \/>Pi\u00e8ce 1 \/ 27<\/strong><\/p>\n<p style=\"text-align: justify;\">Vous n&rsquo;\u00eates pas ici par hasard. Le hasard n&rsquo;existe jamais, un jour prochain vous comprendrez. Je ne sais pas qui vous \u00eates ni pourquoi vous \u00eates l\u00e0. Encore moins si vous resterez ici, entre ces lignes. Ou si vous \u00eates d\u00e9j\u00e0 partis. Je ne sais pas grand-chose et encore moins sur vous mais ce dont je suis certaine c&rsquo;est que vous \u00eates capables de recevoir des informations. Des informations du r\u00e9el. Du r\u00e9el de l\u00e0 o\u00f9 je suis.<\/p>\n<p style=\"text-align: justify;\">En ce moment vous \u00eates ici en ce moment vous \u00eates debout. L&rsquo;humain se doit d&rsquo;\u00eatre vertical. Avec l&rsquo;\u00e2ge on se vo\u00fbte, il faut y prendre garde, les torts comme les neurones \u00e7a ne se redresse pas.<\/p>\n<p style=\"text-align: justify;\">En ce moment vous \u00eates ici et \u00e7a veut dire des choses, des choses tr\u00e8s importantes. Que vous \u00eates vivants par exemple encore vivants, peut-\u00eatre pas pour tr\u00e8s longtemps mais un petit peu vivants quand m\u00eame. Et puis aussi, surtout, qu&rsquo;\u00e0 cet instant pr\u00e9cis vous ne regardez pas la t\u00e9l\u00e9vision.<\/p>\n<p style=\"text-align: justify;\">Vous \u00eates l&rsquo;\u00e9lite n&rsquo;est-ce pas. Ou pire. Un tibia fractur\u00e9 social qui feint la cicatrisation, vaudou cataplasme culturel. Vous n&rsquo;\u00eates plus partisans de rien, si ce n&rsquo;est de l&rsquo;optimisation. Des glaucomes cl\u00e9matites s&rsquo;\u00e9panouissent pleines fissures, h\u00e9las la moelle h\u00e9las se niait d&rsquo;\u00eatre infect\u00e9e. Alors \u00e9videmment. La t\u00e9l\u00e9vision du r\u00e9el, du r\u00e9el de l\u00e0 o\u00f9 je suis, \u00e7a ne vous int\u00e9resse pas tellement. D&rsquo;ailleurs vous ne la regardez jamais, la t\u00e9l\u00e9vision, jamais vraiment. Sinon vous comprendriez mieux ce qu&rsquo;il s&rsquo;y passe. Ce qu&rsquo;il s&rsquo;y passe exactement.<\/p>\n<p style=\"text-align: justify;\">Vous pensez : rester droit c&rsquo;est ne pas s&rsquo;abaisser \u00e0 la t\u00e9l\u00e9vision. Vous croyez que les courbatures sont inh\u00e9rentes aux faux mouvements. Vous dites : je ne suis pas concern\u00e9 par la t\u00e9l\u00e9vision ; vous dites : la t\u00e9l\u00e9vision \u00e7a ne me concerne pas. Le Petit Robert d\u00e9finit : Etre concern\u00e9 : \u00eatre int\u00e9ress\u00e9, touch\u00e9 par. Concerner : avoir un rapport \u00e0, appliquer \u00e0. Vous feriez mieux de l&rsquo;\u00e9couter, c&rsquo;est un conseil que je vous donne.<\/p>\n<p style=\"text-align: justify;\">Vous affirmez : je me refuse aux statistiques. Trop singulier, vous, l&rsquo;exception. Attendu que la moyenne d&rsquo;esp\u00e9rance de vie des Fran\u00e7ais est de 78,6 ans. Vous cyniquez : j&rsquo;ai su me pr\u00e9server de la t\u00e9l\u00e9vision. Attendu que la moyenne de temps pass\u00e9e par les Fran\u00e7ais devant la t\u00e9l\u00e9vision est de 3h30 par jour. Vous assurez : je suis dans le r\u00e9el et le r\u00e9el est tout sauf la t\u00e9l\u00e9vision. Il a \u00e9t\u00e9 convenu que les Fran\u00e7ais ont pour esp\u00e9rance 11 ans et 4 mois de vie dans la t\u00e9l\u00e9vision. J&rsquo;ai dit : onze ans et quatre mois plein temps les paupi\u00e8res \u00e9veil permanent, soit un peu moins du double pour rester rationnel.<\/p>\n<p style=\"text-align: justify;\">Vous vous dites au r\u00e9el et surtout au village, parfois m\u00eame au ch\u00e2teau mais toujours appr\u00e9ciant votre panorama. Vous vous dites au r\u00e9el moi l&rsquo;idiote du village, elle a eu comme une crise elle est rest\u00e9e bloqu\u00e9e elle se rejoue Eleusis version T\u00e9l\u00e9rama. Depuis.<\/p>\n<p style=\"text-align: justify;\">Vous dites : je suis dans la vie, la vie n&rsquo;est pas la t\u00e9l\u00e9vision. Parce que chacun en ses r\u00e9gions s&rsquo;y rend trois heures trente par jour mais que vous tellement moins. Parce que chacun s&rsquo;y rend vingt-quatre heures trente par semaine, quatre jours et neuf heures par mois, soit mille deux cent soixante heures par an et que vous pas du tout. Parce que tant qu&rsquo;\u00e0 aller quelque part pendant cinquante deux jours et douze heures cette ann\u00e9e, vous pr\u00e9f\u00e9rez de loin une \u00eele ou sa simple possibilit\u00e9, juste sa simple possibilit\u00e9, au bondage bor\u00e9al de la t\u00e9l\u00e9vision.<\/p>\n<p style=\"text-align: justify;\">Alanguis fauteuil \u00e0 oreilles, vous dites : je poss\u00e8de une t\u00e9l\u00e9vision. Vous avez beaucoup de mal avec les transitifs et la passivit\u00e9 p\u00e9n\u00e8tre principe actif au creux de votre peau. Cr\u00e2neurs vous ajoutez : j&rsquo;ai une t\u00e9l\u00e9vision chez moi mais en fait je ne l&rsquo;allume jamais. Vous avez \u00e0 l&rsquo;espace un rapport peu concluant, j&rsquo;ai v\u00e9cu o\u00f9 vous \u00eates, tout y est invers\u00e9, ce n&rsquo;est pas votre faute, pour socle une naus\u00e9e d&rsquo;ange d&rsquo;avoir trop toupin\u00e9.<\/p>\n<p style=\"text-align: justify;\">Avachis canap\u00e9 mythes \u00e9lim\u00e9s, vous dites : chez moi la t\u00e9l\u00e9vision c&rsquo;est comme si elle n&rsquo;existait pas. Je vous aurai pr\u00e9venu. La technique des tenailles exfoliantes, c&rsquo;est tout sauf une tr\u00e8s bonne id\u00e9e. Ca n&rsquo;extirpe pas que les com\u00e9dons, \u00e7a r\u00e2pe l&rsquo;\u00e2me en miroir sans tain. Vous suintez le n\u00e9gationniste, vos pores s\u00e9cr\u00e8tent le jus de l&rsquo;oubli, vous vous faites masque d&rsquo;une amn\u00e9sie qui vous dess\u00e8che de claustration, vous vous extrayez du r\u00e9el, du r\u00e9el de l\u00e0 o\u00f9 vous \u00eates. Le s\u00e9bum cireux d&rsquo;amaurose vous ronge les nerfs saindoux optique, votre esprit se complet au gras.<\/p>\n<p style=\"text-align: justify;\">Patrick Lelay dit : Il y a beaucoup de fa\u00e7ons de parler de la t\u00e9l\u00e9vision. Mais dans une perspective business, soyons r\u00e9aliste : \u00e0 la base, le m\u00e9tier de TF1, c&rsquo;est d&rsquo;aider Coca-Cola, par exemple, \u00e0 vendre son produit.<\/p>\n<p style=\"text-align: justify;\">Vous ne regardez pas alors vous ne voyez pas, je crois que \u00e7a tombe sous le sens. Le vrai du vrai, non impossible, m\u00eame quand vous essayez la c\u00e9cit\u00e9 perdure. Alors vous retournez aussit\u00f4t dans le faux, on conna\u00eet du mensonge le confort obs\u00e9quieux.<\/p>\n<p style=\"text-align: justify;\">Patrick Lelay dit : Pour qu&rsquo;un message publicitaire soit per\u00e7u, il faut que le cerveau du t\u00e9l\u00e9spectateur soit disponible. Nos \u00e9missions ont pour vocation de le rendre disponible, c&rsquo;est-\u00e0-dire de le divertir, de le d\u00e9tendre, de le pr\u00e9parer entre deux messages. Ce que nous vendons \u00e0 Coca-Cola c&rsquo;est du temps de cerveau disponible.<\/p>\n<p style=\"text-align: justify;\">Vous savez, le probl\u00e8me, c&rsquo;est que votre t\u00eate est pleine d&rsquo;oiseaux morts. Il y en a vraiment beaucoup. Des tas d&rsquo;oiseaux morts dans vos t\u00eates alors que moi, non, pas du tout. Il n&rsquo;y a absolument aucun oiseau mort dans ma t\u00eate. Aucun. Parce que moi on m&rsquo;a d\u00e9j\u00e0 tu\u00e9e, \u00e7a remonte \u00e0 un sacr\u00e9 bail et l&rsquo;ornithologie n&rsquo;a rien \u00e0 voir l\u00e0-dedans.<\/p>\n<p style=\"text-align: justify;\">Je sais que vous ne comprenez pas. Que vous ne comprenez pas l&rsquo;enjeu, le jeu ni l&rsquo;int\u00e9r\u00eat. Vous ne pouvez pas comprendre. Huit heures par jour vous sous-louez votre corps \u00e0 l&rsquo;entreprise Y, vous louez vos comp\u00e9tences et donc votre cervelle \u00e0 un groupe quelconque. Et encore, je dis louer. Ce n&rsquo;est pas un loyer, il n&rsquo;y a pas de quittance. Patrick Le Lay ne dit pas : bail, caution, F3 meubl\u00e9. Patrick Le Lay dit : Ce que nous vendons \u00e0 Coca-Cola c&rsquo;est du temps de cerveau disponible. Votre cerveau est achet\u00e9. Votre cerveau n&rsquo;a plus de temps. Votre t\u00eate est pleine d&rsquo;oiseaux morts.<\/p>\n<p style=\"text-align: justify;\">Patrick Le Lay dit : Rien n&rsquo;est plus difficile que d&rsquo;obtenir cette disponibilit\u00e9.<\/p>\n<p style=\"text-align: justify;\"><img loading=\"lazy\" decoding=\"async\" class=\"alignleft size-full wp-image-2110\" title=\"j'habite ART\" src=\"http:\/\/wp.chloedelaume.r3zo.net\/wp-content\/uploads\/2012\/12\/image_small.jpg\" alt=\"\" width=\"82\" height=\"118\" \/>La t\u00e9l\u00e9vision propose avec ses programmes de t\u00e9l\u00e9-r\u00e9alit\u00e9 juste des divertissements, r\u00eavez-vous. Juste des divertissements que l&rsquo;on sait l\u00e9nifiants. Vos devriez vous inqui\u00e9ter d&rsquo;un songe empoiss\u00e9 glue euph\u00e9mistique. Mieux vaut encore un oracle b\u00e8gue que l&rsquo;\u00e9chine d&rsquo;un fils de cyclope.<\/p>\n<p style=\"text-align: justify;\">Le Petit Robert dit : Divertir : 1. D\u00e9tourner, \u00e9loigner. Soustraire \u00e0 son profit. 2. D\u00e9tourner de ce qui occupe. D\u00e9tourner d&rsquo;une pr\u00e9occupation dominante, essentielle, ou jug\u00e9e telle. 3. Distraire en s&rsquo;amusant.<\/p>\n<p style=\"text-align: justify;\">Le Petit Robert ajoute : Distraire : I.1. S\u00e9parer d&rsquo;un ensemble. 2. D\u00e9tourner quelqu&rsquo;un d&rsquo;un projet, d&rsquo;une r\u00e9solution. II.1. D\u00e9tourner quelqu&rsquo;un de l&rsquo;objet sur lequel ils s&rsquo;applique, de ce dont il est occup\u00e9. 2. Faire passer le temps agr\u00e9ablement \u00e0 quelqu&rsquo;un.<\/p>\n<p style=\"text-align: justify;\">A quoi bon s&rsquo;exposer \u00e0 la d\u00e9gradation, radotez-vous sans cesse l&rsquo;haleine encore charg\u00e9e de votre surclassement, \u00e0 quoi bon s&rsquo;imposer ce vulgaire narcotique alors qu&rsquo;est n\u00f4tre l&rsquo;acc\u00e8s sybarites d\u00e9lassements, snobinez-vous sans cesse juch\u00e9s montres \u00e0 gousset. Et puis surtout. Evidemment. Votre planning ne vous laisse gu\u00e8re de temps disponible, aussi votre cerveau vous voulez l&rsquo;\u00e9pargner. Surtout ne pas g\u00e2cher. User de votre temps de cerveau disponible pour plus utile et plus rentable qu&rsquo;un divertissement l\u00e9nifiant.<\/p>\n<p style=\"text-align: justify;\">Pour plus utile et plus rentable, pour une narration sur support papier, par exemple, n&rsquo;importe quelle narration, mais reli\u00e9e. Peu vous chaut la m\u00e9thode du traitement appliqu\u00e9e, artisanale, industrielle, l&rsquo;important c&rsquo;est l&rsquo;objet, chez vous toujours l&rsquo;objet. Vous baptisez Salon du Livre sans sentir en vos paumes les \u00e9chardes du manche, alors qu&rsquo;avide la pelle mordait d\u00e9j\u00e0 pleines mottes jusqu&rsquo;\u00e0 la fosse. Vous \u00eates tant obs\u00e9d\u00e9s par le rendement de votre temps de cerveau disponible que vous n&rsquo;avez rien fait aux germes mutation. La terre \u00e9tait bonne, trouviez-vous. Friable et riche apr\u00e8s jach\u00e8re. Vous avez enterr\u00e9 le mot litt\u00e9rature.<\/p>\n<p style=\"text-align: justify;\">Vous ne lisez pas des textes mais vous achetez des livres. Vous \u00eates \u00e0 l&rsquo;\u00e9picentre de ce qui vous poursuivra. Mais ce n&rsquo;est pas le probl\u00e8me. Pour vous ce n&rsquo;en est pas un et pour moi \u00e7a ne l&rsquo;est plus. Ca fait longtemps d\u00e9j\u00e0. Ce n&rsquo;est pas un probl\u00e8me, d&rsquo;ailleurs vous \u00eates partis et \u00e7a ne me d\u00e9range pas. Le soliloque c&rsquo;est tout ce qui me reste et je sais que c&rsquo;est d\u00e9j\u00e0 beaucoup.<\/p>\n<p style=\"text-align: justify;\">J&rsquo;ai dit : User de votre temps de cerveau disponible pour plus utile et plus rentable qu&rsquo;un divertissement l\u00e9nifiant. Pour un film autre exemple, pour un film, qu&rsquo;importe lequel mais un film. Une fiction authentique, agr\u00e9\u00e9e. Rituel moelleux d\u00e9fection corporelle aux caveaux de velours, r\u00e9tine captive cervelle lascive grille de lecture enclench\u00e9e ceci est une histoire encodage familier et c&rsquo;est pas pour de vrai.\u00a0<em>De la fiction comme loisir culturel dans la premi\u00e8re moiti\u00e9 du XXIe si\u00e8cle<\/em>.<\/p>\n<p>&nbsp;<\/p>\n","protected":false},"excerpt":{"rendered":"<p>Durant deux ans, le cycle\u00a0J&rsquo;habite dans la t\u00e9l\u00e9vision\u00a0a \u00e9t\u00e9 d\u00e9velopp\u00e9 \u00e0 travers des performances et des chroniques tenues pour\u00a0Le Matricule des Anges. Le livre a \u00e9t\u00e9 publi\u00e9 en septembre 2006 aux Editions Verticales. \u00a0R\u00e9\u00e9dition poche en J&rsquo;ai Lu Nouvelle G\u00e9n\u00e9ration; &hellip; <a href=\"https:\/\/chloedelaume.net\/?page_id=285\">Continuer la lecture <span class=\"meta-nav\">&rarr;<\/span><\/a><\/p>\n","protected":false},"author":2,"featured_media":0,"parent":111,"menu_order":0,"comment_status":"closed","ping_status":"open","template":"","meta":{"jetpack_post_was_ever_published":false,"footnotes":""},"class_list":["post-285","page","type-page","status-publish","hentry"],"jetpack_sharing_enabled":true,"jetpack_shortlink":"https:\/\/wp.me\/P3Xt8S-4B","_links":{"self":[{"href":"https:\/\/chloedelaume.net\/index.php?rest_route=\/wp\/v2\/pages\/285","targetHints":{"allow":["GET"]}}],"collection":[{"href":"https:\/\/chloedelaume.net\/index.php?rest_route=\/wp\/v2\/pages"}],"about":[{"href":"https:\/\/chloedelaume.net\/index.php?rest_route=\/wp\/v2\/types\/page"}],"author":[{"embeddable":true,"href":"https:\/\/chloedelaume.net\/index.php?rest_route=\/wp\/v2\/users\/2"}],"replies":[{"embeddable":true,"href":"https:\/\/chloedelaume.net\/index.php?rest_route=%2Fwp%2Fv2%2Fcomments&post=285"}],"version-history":[{"count":13,"href":"https:\/\/chloedelaume.net\/index.php?rest_route=\/wp\/v2\/pages\/285\/revisions"}],"predecessor-version":[{"id":2102,"href":"https:\/\/chloedelaume.net\/index.php?rest_route=\/wp\/v2\/pages\/285\/revisions\/2102"}],"up":[{"embeddable":true,"href":"https:\/\/chloedelaume.net\/index.php?rest_route=\/wp\/v2\/pages\/111"}],"wp:attachment":[{"href":"https:\/\/chloedelaume.net\/index.php?rest_route=%2Fwp%2Fv2%2Fmedia&parent=285"}],"curies":[{"name":"wp","href":"https:\/\/api.w.org\/{rel}","templated":true}]}}