{"id":269,"date":"2012-12-12T01:55:19","date_gmt":"2012-12-12T00:55:19","guid":{"rendered":"http:\/\/wp.chloedelaume.r3zo.net\/?page_id=269"},"modified":"2023-12-18T09:12:45","modified_gmt":"2023-12-18T08:12:45","slug":"dans-ma-maison-sous-terre","status":"publish","type":"page","link":"https:\/\/chloedelaume.net\/?page_id=269","title":{"rendered":"Dans ma maison sous terre"},"content":{"rendered":"<p>Fiction &amp; Cie (Le Seuil), j<span style=\"font-size: 14px;\">anvier 2009.\u00a0<\/span><\/p>\n<p style=\"text-align: justify;\"><img loading=\"lazy\" decoding=\"async\" class=\"alignleft size-full wp-image-2143\" title=\"dans_ma_maison_sous_terre\" src=\"http:\/\/wp.chloedelaume.r3zo.net\/wp-content\/uploads\/2012\/12\/dans_ma_maison_sous_terre.jpg\" alt=\"\" width=\"200\" height=\"306\" srcset=\"https:\/\/chloedelaume.net\/wp-content\/uploads\/2012\/12\/dans_ma_maison_sous_terre.jpg 200w, https:\/\/chloedelaume.net\/wp-content\/uploads\/2012\/12\/dans_ma_maison_sous_terre-196x300.jpg 196w\" sizes=\"auto, (max-width: 200px) 100vw, 200px\" \/>C&rsquo;est un cimeti\u00e8re. O\u00f9 Chlo\u00e9 tente d&rsquo;\u00e9crire un livre de vengeance, un livre qui pourrait tuer. Sa cible, c&rsquo;est la grand-m\u00e8re, femme d\u00e9nu\u00e9e d&#8217;empathie, qui lui a r\u00e9v\u00e9l\u00e9 par une tierce personne un secret de famille. De ces secrets qui d\u00e9vastent et ruinent l&rsquo;identit\u00e9.<\/p>\n<p style=\"text-align: justify;\">Appara\u00eet Th\u00e9ophile, un personnage \u00e9trange, grand habitu\u00e9 des lieux. A ses c\u00f4t\u00e9s Chlo\u00e9 va visiter les tombes, et entendre les morts un \u00e0 un se confier. Chacun a son histoire, sa musique, sa chanson. Et sa le\u00e7on, peut-\u00eatre. Qui pourrait \u00eatre utile \u00e0 la reconstruction de ce Moi saccag\u00e9.<\/p>\n<p style=\"text-align: justify;\">Entrela\u00e7ant qu\u00eate personnelle et voix des disparus,\u00a0<em>Dans ma maison sous terre<\/em>\u00a0est un roman qui interroge notre rapport \u00e0 la mort, \u00e0 la litt\u00e9rature et \u00e0 la psychanalyse. Il est accompagn\u00e9 d&rsquo;une bande son, r\u00e9alis\u00e9e par Aur\u00e9lie Sfez.<\/p>\n<p style=\"text-align: center;\"><strong>BANDE ORIGINALE DU LIVRE<\/strong><\/p>\n<p>1.Clotilde M\u00e9lisse<\/p>\n<!--[if lt IE 9]><script>document.createElement('audio');<\/script><![endif]-->\n<audio class=\"wp-audio-shortcode\" id=\"audio-269-1\" preload=\"none\" style=\"width: 100%;\" controls=\"controls\"><source type=\"audio\/mpeg\" src=\"https:\/\/chloedelaume.net\/wp-content\/uploads\/2023\/12\/DMMST-01-Clotilde_Melisse.mp3?_=1\" \/><a href=\"https:\/\/chloedelaume.net\/wp-content\/uploads\/2023\/12\/DMMST-01-Clotilde_Melisse.mp3\">https:\/\/chloedelaume.net\/wp-content\/uploads\/2023\/12\/DMMST-01-Clotilde_Melisse.mp3<\/a><\/audio>\n<p>*<\/p>\n<p>2. Mourir, dit-elle<\/p>\n<audio class=\"wp-audio-shortcode\" id=\"audio-269-2\" preload=\"none\" style=\"width: 100%;\" controls=\"controls\"><source type=\"audio\/mpeg\" src=\"https:\/\/chloedelaume.net\/wp-content\/uploads\/2023\/12\/DMMST-02-Mourir_dit-elle.mp3?_=2\" \/><a href=\"https:\/\/chloedelaume.net\/wp-content\/uploads\/2023\/12\/DMMST-02-Mourir_dit-elle.mp3\">https:\/\/chloedelaume.net\/wp-content\/uploads\/2023\/12\/DMMST-02-Mourir_dit-elle.mp3<\/a><\/audio>\n<p>*<\/p>\n<p>3. Mademoiselle B. (Chlo\u00e9 Delaume)<\/p>\n<audio class=\"wp-audio-shortcode\" id=\"audio-269-3\" preload=\"none\" style=\"width: 100%;\" controls=\"controls\"><source type=\"audio\/mpeg\" src=\"https:\/\/chloedelaume.net\/wp-content\/uploads\/2023\/12\/DMMST-03-Mlle_B.mp3?_=3\" \/><a href=\"https:\/\/chloedelaume.net\/wp-content\/uploads\/2023\/12\/DMMST-03-Mlle_B.mp3\">https:\/\/chloedelaume.net\/wp-content\/uploads\/2023\/12\/DMMST-03-Mlle_B.mp3<\/a><\/audio>\n<p>*<\/p>\n<p>4. Eponyme<\/p>\n<audio class=\"wp-audio-shortcode\" id=\"audio-269-4\" preload=\"none\" style=\"width: 100%;\" controls=\"controls\"><source type=\"audio\/mpeg\" src=\"https:\/\/chloedelaume.net\/wp-content\/uploads\/2023\/12\/DMMST-04-Eponyme.mp3?_=4\" \/><a href=\"https:\/\/chloedelaume.net\/wp-content\/uploads\/2023\/12\/DMMST-04-Eponyme.mp3\">https:\/\/chloedelaume.net\/wp-content\/uploads\/2023\/12\/DMMST-04-Eponyme.mp3<\/a><\/audio>\n<p>*<\/p>\n<p>5. Sacha<\/p>\n<audio class=\"wp-audio-shortcode\" id=\"audio-269-5\" preload=\"none\" style=\"width: 100%;\" controls=\"controls\"><source type=\"audio\/mpeg\" src=\"https:\/\/chloedelaume.net\/wp-content\/uploads\/2023\/12\/DMMST-05-Sacha.mp3?_=5\" \/><a href=\"https:\/\/chloedelaume.net\/wp-content\/uploads\/2023\/12\/DMMST-05-Sacha.mp3\">https:\/\/chloedelaume.net\/wp-content\/uploads\/2023\/12\/DMMST-05-Sacha.mp3<\/a><\/audio>\n<p>*<\/p>\n<p>6. Parque \u00e0 th\u00e8me NA<\/p>\n<audio class=\"wp-audio-shortcode\" id=\"audio-269-6\" preload=\"none\" style=\"width: 100%;\" controls=\"controls\"><source type=\"audio\/mpeg\" src=\"https:\/\/chloedelaume.net\/wp-content\/uploads\/2023\/12\/DMMST-06-Parque_a_theme_NA.mp3?_=6\" \/><a href=\"https:\/\/chloedelaume.net\/wp-content\/uploads\/2023\/12\/DMMST-06-Parque_a_theme_NA.mp3\">https:\/\/chloedelaume.net\/wp-content\/uploads\/2023\/12\/DMMST-06-Parque_a_theme_NA.mp3<\/a><\/audio>\n<p>*<\/p>\n<p>7. \u00e0 la morgue_1<\/p>\n<audio class=\"wp-audio-shortcode\" id=\"audio-269-7\" preload=\"none\" style=\"width: 100%;\" controls=\"controls\"><source type=\"audio\/mpeg\" src=\"https:\/\/chloedelaume.net\/wp-content\/uploads\/2023\/12\/DMMST-07-A_la_morgue_1.mp3?_=7\" \/><a href=\"https:\/\/chloedelaume.net\/wp-content\/uploads\/2023\/12\/DMMST-07-A_la_morgue_1.mp3\">https:\/\/chloedelaume.net\/wp-content\/uploads\/2023\/12\/DMMST-07-A_la_morgue_1.mp3<\/a><\/audio>\n<p>*<\/p>\n<p>8. Tom<\/p>\n<audio class=\"wp-audio-shortcode\" id=\"audio-269-8\" preload=\"none\" style=\"width: 100%;\" controls=\"controls\"><source type=\"audio\/mpeg\" src=\"https:\/\/chloedelaume.net\/wp-content\/uploads\/2023\/12\/DMMST-08-Tom.mp3?_=8\" \/><a href=\"https:\/\/chloedelaume.net\/wp-content\/uploads\/2023\/12\/DMMST-08-Tom.mp3\">https:\/\/chloedelaume.net\/wp-content\/uploads\/2023\/12\/DMMST-08-Tom.mp3<\/a><\/audio>\n<p>*<\/p>\n<p>9. Eponyme_bis<\/p>\n<audio class=\"wp-audio-shortcode\" id=\"audio-269-9\" preload=\"none\" style=\"width: 100%;\" controls=\"controls\"><source type=\"audio\/mpeg\" src=\"https:\/\/chloedelaume.net\/wp-content\/uploads\/2023\/12\/DMMST-09-Eponyme_bis.mp3?_=9\" \/><a href=\"https:\/\/chloedelaume.net\/wp-content\/uploads\/2023\/12\/DMMST-09-Eponyme_bis.mp3\">https:\/\/chloedelaume.net\/wp-content\/uploads\/2023\/12\/DMMST-09-Eponyme_bis.mp3<\/a><\/audio>\n<p>*<\/p>\n<p>10. \u00e0 la morgue_2<\/p>\n<audio class=\"wp-audio-shortcode\" id=\"audio-269-10\" preload=\"none\" style=\"width: 100%;\" controls=\"controls\"><source type=\"audio\/mpeg\" src=\"https:\/\/chloedelaume.net\/wp-content\/uploads\/2023\/12\/DMMST-10-A_la_morgue_2.mp3?_=10\" \/><a href=\"https:\/\/chloedelaume.net\/wp-content\/uploads\/2023\/12\/DMMST-10-A_la_morgue_2.mp3\">https:\/\/chloedelaume.net\/wp-content\/uploads\/2023\/12\/DMMST-10-A_la_morgue_2.mp3<\/a><\/audio>\n<p>*<\/p>\n<p>11. M\u00e9r\u00e9dith (Chlo\u00e9 Delaume)<\/p>\n<audio class=\"wp-audio-shortcode\" id=\"audio-269-11\" preload=\"none\" style=\"width: 100%;\" controls=\"controls\"><source type=\"audio\/mpeg\" src=\"https:\/\/chloedelaume.net\/wp-content\/uploads\/2023\/12\/DMMST-11-Meredith.mp3?_=11\" \/><a href=\"https:\/\/chloedelaume.net\/wp-content\/uploads\/2023\/12\/DMMST-11-Meredith.mp3\">https:\/\/chloedelaume.net\/wp-content\/uploads\/2023\/12\/DMMST-11-Meredith.mp3<\/a><\/audio>\n<p>*<\/p>\n<p>12. Une femme, un homme, une possibilit\u00e9<\/p>\n<audio class=\"wp-audio-shortcode\" id=\"audio-269-12\" preload=\"none\" style=\"width: 100%;\" controls=\"controls\"><source type=\"audio\/mpeg\" src=\"https:\/\/chloedelaume.net\/wp-content\/uploads\/2023\/12\/DMMST-12-Une_femme_un_homme_une_possibilite.mp3?_=12\" \/><a href=\"https:\/\/chloedelaume.net\/wp-content\/uploads\/2023\/12\/DMMST-12-Une_femme_un_homme_une_possibilite.mp3\">https:\/\/chloedelaume.net\/wp-content\/uploads\/2023\/12\/DMMST-12-Une_femme_un_homme_une_possibilite.mp3<\/a><\/audio>\n<p>*<\/p>\n<p>13. Parque \u00e0 th\u00e8me ND<\/p>\n<audio class=\"wp-audio-shortcode\" id=\"audio-269-13\" preload=\"none\" style=\"width: 100%;\" controls=\"controls\"><source type=\"audio\/mpeg\" src=\"https:\/\/chloedelaume.net\/wp-content\/uploads\/2023\/12\/DMMST-13-Parque_a_theme_ND.mp3?_=13\" \/><a href=\"https:\/\/chloedelaume.net\/wp-content\/uploads\/2023\/12\/DMMST-13-Parque_a_theme_ND.mp3\">https:\/\/chloedelaume.net\/wp-content\/uploads\/2023\/12\/DMMST-13-Parque_a_theme_ND.mp3<\/a><\/audio>\n<p>*<\/p>\n<p>14. Marguerite et Ursula<\/p>\n<audio class=\"wp-audio-shortcode\" id=\"audio-269-14\" preload=\"none\" style=\"width: 100%;\" controls=\"controls\"><source type=\"audio\/mpeg\" src=\"https:\/\/chloedelaume.net\/wp-content\/uploads\/2023\/12\/DMMST-14-Marguerite_et_Ursula.mp3?_=14\" \/><a href=\"https:\/\/chloedelaume.net\/wp-content\/uploads\/2023\/12\/DMMST-14-Marguerite_et_Ursula.mp3\">https:\/\/chloedelaume.net\/wp-content\/uploads\/2023\/12\/DMMST-14-Marguerite_et_Ursula.mp3<\/a><\/audio>\n<p>*<\/p>\n<p>15. Parque \u00e0 th\u00e8me CD<\/p>\n<audio class=\"wp-audio-shortcode\" id=\"audio-269-15\" preload=\"none\" style=\"width: 100%;\" controls=\"controls\"><source type=\"audio\/mpeg\" src=\"https:\/\/chloedelaume.net\/wp-content\/uploads\/2023\/12\/DMMST-15-Parque_a_theme_CD.mp3?_=15\" \/><a href=\"https:\/\/chloedelaume.net\/wp-content\/uploads\/2023\/12\/DMMST-15-Parque_a_theme_CD.mp3\">https:\/\/chloedelaume.net\/wp-content\/uploads\/2023\/12\/DMMST-15-Parque_a_theme_CD.mp3<\/a><\/audio>\n<p>*<\/p>\n<p>16. \u00e0 la morgue_3<\/p>\n<audio class=\"wp-audio-shortcode\" id=\"audio-269-16\" preload=\"none\" style=\"width: 100%;\" controls=\"controls\"><source type=\"audio\/mpeg\" src=\"https:\/\/chloedelaume.net\/wp-content\/uploads\/2023\/12\/DMMST-16-A_la_morgue_3.mp3?_=16\" \/><a href=\"https:\/\/chloedelaume.net\/wp-content\/uploads\/2023\/12\/DMMST-16-A_la_morgue_3.mp3\">https:\/\/chloedelaume.net\/wp-content\/uploads\/2023\/12\/DMMST-16-A_la_morgue_3.mp3<\/a><\/audio>\n<p>*<\/p>\n<p>17. Anatole Brumier<\/p>\n<audio class=\"wp-audio-shortcode\" id=\"audio-269-17\" preload=\"none\" style=\"width: 100%;\" controls=\"controls\"><source type=\"audio\/mpeg\" src=\"https:\/\/chloedelaume.net\/wp-content\/uploads\/2023\/12\/DMMST-17-Anatole_Brumier.mp3?_=17\" \/><a href=\"https:\/\/chloedelaume.net\/wp-content\/uploads\/2023\/12\/DMMST-17-Anatole_Brumier.mp3\">https:\/\/chloedelaume.net\/wp-content\/uploads\/2023\/12\/DMMST-17-Anatole_Brumier.mp3<\/a><\/audio>\n<p>*<\/p>\n<p>18. \u00e0 la morgue_4<\/p>\n<audio class=\"wp-audio-shortcode\" id=\"audio-269-18\" preload=\"none\" style=\"width: 100%;\" controls=\"controls\"><source type=\"audio\/mpeg\" src=\"https:\/\/chloedelaume.net\/wp-content\/uploads\/2023\/12\/DMMST-18-A_la_morgue_4.mp3?_=18\" \/><a href=\"https:\/\/chloedelaume.net\/wp-content\/uploads\/2023\/12\/DMMST-18-A_la_morgue_4.mp3\">https:\/\/chloedelaume.net\/wp-content\/uploads\/2023\/12\/DMMST-18-A_la_morgue_4.mp3<\/a><\/audio>\n<p>*<\/p>\n<p>19. Eponyme_ter<\/p>\n<audio class=\"wp-audio-shortcode\" id=\"audio-269-19\" preload=\"none\" style=\"width: 100%;\" controls=\"controls\"><source type=\"audio\/mpeg\" src=\"https:\/\/chloedelaume.net\/wp-content\/uploads\/2023\/12\/DMMST-19-Eponyme_ter.mp3?_=19\" \/><a href=\"https:\/\/chloedelaume.net\/wp-content\/uploads\/2023\/12\/DMMST-19-Eponyme_ter.mp3\">https:\/\/chloedelaume.net\/wp-content\/uploads\/2023\/12\/DMMST-19-Eponyme_ter.mp3<\/a><\/audio>\n<p>*<\/p>\n<p>20. Post Scriptum<\/p>\n<audio class=\"wp-audio-shortcode\" id=\"audio-269-20\" preload=\"none\" style=\"width: 100%;\" controls=\"controls\"><source type=\"audio\/mpeg\" src=\"https:\/\/chloedelaume.net\/wp-content\/uploads\/2023\/12\/DMMST-20-Post-scriptum.mp3?_=20\" \/><a href=\"https:\/\/chloedelaume.net\/wp-content\/uploads\/2023\/12\/DMMST-20-Post-scriptum.mp3\">https:\/\/chloedelaume.net\/wp-content\/uploads\/2023\/12\/DMMST-20-Post-scriptum.mp3<\/a><\/audio>\n<p style=\"text-align: center;\">*<\/p>\n<p style=\"text-align: justify;\"><strong>Extrait : Premier carnet\u00a0<\/strong><\/p>\n<p style=\"text-align: justify;\">Ce que je fais ici, c&rsquo;est rester sur cette tombe, B5 touch\u00e9e coul\u00e9e. Assise. Parfois debout, devant ou \u00e0 c\u00f4t\u00e9. Dedans il y a ma m\u00e8re, et le grand-p\u00e8re dessus. Par-dessus. Je pense au bois, souvent. Au bois du vieux cercueil, juin 1983, il doit s&rsquo;\u00eatre fendu sous le poids de l&rsquo;ob\u00e8se, de l&rsquo;ob\u00e8se alcoolique, mars 1992.<\/p>\n<p style=\"text-align: justify;\">Ebauche de pluie. Simulation d&rsquo;humus. Quand l&rsquo;eau est cordel\u00e9e, les trous en d\u00e9bordent-ils. Papi maman gorg\u00e9s. De la boue m\u00e8tres cube. Ce qu&rsquo;il se passe dedans rel\u00e8ve de l&rsquo;obsession. Est-ce que c&rsquo;est important m&rsquo;interroge Th\u00e9ophile, et je r\u00e9ponds que oui, que c&rsquo;est m\u00eame capital. Th\u00e9ophile me promet : nous irons \u00e0 la morgue. Mais m&rsquo;interdit tout songe tress\u00e9 d&rsquo;inhumation. On ne v\u00e9rifie pas \u00e0 quoi ressemblent les morts une fois qu&rsquo;ils sont rang\u00e9s. On ne v\u00e9rifie pas l&rsquo;apparition de la t\u00e2che verte au niveau des fosses iliaque, son extension qui finit par gagner progressivement toute la partie inf\u00e9rieure de l&rsquo;abdomen. On ne v\u00e9rifie pas la modification de la flore intestinale, la prolif\u00e9ration des myc\u00e8tes, les alt\u00e9rations progressives du substrat. On ne v\u00e9rifie pas si sous terre au bout de deux semaines apparaissent des mouches bleues. On ne v\u00e9rifie pas, on ne v\u00e9rifie rien. On doit tout oublier. Les larves et puis les vers, on ne les a pas vus donc ils n&rsquo;existent pas. La cirrhose de papi qui putr\u00e9fie ruisselante sur les os de maman, \u00e7a doit rester secret. La recette des meilleures soupes ne circule qu&rsquo;en famille.<\/p>\n<p style=\"text-align: justify;\">Je suis une fin de r\u00e8gne. Il reste une troisi\u00e8me place. La concession est ainsi faite, urgence et tierc\u00e9 impos\u00e9s. Je voulais la rejoindre, j&rsquo;explique \u00e0 Th\u00e9ophile, je voulais \u00eatre contre, d\u00e9jouer l&rsquo;ordre \u00e9tabli. Perp\u00e9tuer l&rsquo;inversion, \u00eatre fille et seconde. S\u00fbrement pour la toucher. Encore et malgr\u00e9 tout. Un dernier rapprochement, ultime et terminal, est-ce que vous comprenez, je dis \u00e0 Th\u00e9ophile, est-ce que vous comprenez m\u00eame si c&rsquo;est ridicule. Mon grand-p\u00e8re sur maman c&rsquo;est tellement d\u00e9go\u00fbtant, de l&rsquo;inceste impos\u00e9 en terreau post-mortem.<\/p>\n<p style=\"text-align: justify;\">Il est mort un 13 mars. J&rsquo;ai pleur\u00e9 de d\u00e9pit. La semaine pr\u00e9c\u00e9dente je m&rsquo;\u00e9tais encore rat\u00e9e, mais l\u00e0 c&rsquo;\u00e9tait trop tard, l&rsquo;immonde entre nous deux. Je voulais m&rsquo;effondrer dans les bras de ma m\u00e8re ulna radius thorax, r\u00e9sidus v\u00e9g\u00e9taux vasculaires. \u00c0 l&rsquo;enterrement je me souviens d&rsquo;une pulsion extr\u00eamement vivace avant que le cercueil ne rejoigne la tranch\u00e9e. Dans ma poche un couteau, mais je n&rsquo;ai pas os\u00e9. Me donner en spectacle me posait un probl\u00e8me, je redoutais aussi leur interventionnisme. Sein gauche marqu\u00e9 d&rsquo;une croix j&rsquo;abandonnais encore une option destin\u00e9e de crainte de terminer mes jours dans un asile.<br \/>\nIl reste une troisi\u00e8me place et ce n&rsquo;est pas la mienne, les branches ne s&rsquo;\u00e9laguent pas sans l&rsquo;accord du grand garde des g\u00e9n\u00e9alogies. Quand la hache reviendra elle m&rsquo;ignorera encore. Son manche me chuchotera : la for\u00eat est hant\u00e9e. Soudoyer le passeur est l&rsquo;unique solution. Je dois en finir avec \u00e7a, je dois en finir avec elle, je dois en finir avec toi. Je vis dans l&rsquo;ombre d&rsquo;un deuil qui refermerait Pandore.<\/p>\n<p style=\"text-align: justify;\">J&rsquo;\u00e9cris pour que tu meures. Puisque tu es vivante, encore tellement vivante que c&rsquo;en est ind\u00e9cent. Ce qu&rsquo;il faut \u00e0 pr\u00e9sent c&rsquo;est que tu lises ces lignes et qu&rsquo;enfin tu en cr\u00e8ves, que ton c\u0153ur se fissure que le granit implose ; tes art\u00e8res un brasier, le sang bout le sais-tu \u00e0 combien de degr\u00e9s, tes valves ravag\u00e9es incendie poitrinaire. C&rsquo;est \u00e0 \u00e7a que j&rsquo;aspire. \u00c0 ton exposition. Carbonis\u00e9e la chair abroge toute minauderie, la reine sera si nue qu&rsquo;on scrutera en son sein. Alors sera r\u00e9v\u00e9l\u00e9e la nature de l&rsquo;organe qui t&rsquo;a maintenue en vie. Tu ne pourras plus feindre, tes entrailles en haillons se feront seul apparat.<\/p>\n<p style=\"text-align: justify;\">Je n&rsquo;ai m\u00eame pas mal, tu sais. M\u00eame plus un tout petit peu. C&rsquo;est trop tard, tu comprends. J&rsquo;ai tant cicatris\u00e9 que la plaie n&rsquo;est plus mienne. Etrang\u00e8re, elle aussi. Parfaitement \u00e9trang\u00e8re. Etrang\u00e8re : qui est d&rsquo;une autre nation ; \u00ab La Gr\u00e8ce me reproche une m\u00e8re \u00e9trang\u00e8re (Racine) \u00bb.<\/p>\n<p style=\"text-align: justify;\">Je pr\u00eache pour le b\u00fbcher, non pour ta repentance. Je t&rsquo;exige \u00e0 pr\u00e9sent violent\u00e9e par des spasmes, des sanglots si acides qu&rsquo;ils en d\u00e9vorent sillons ta peau de capucine, ton \u00e2me braillant \u00e0 vif. Etrang\u00e8re : qui n&rsquo;appartient pas ou est consid\u00e9r\u00e9e comme n&rsquo;appartenant pas \u00e0 un groupe (familial, social). Voir : diff\u00e9rente, intruse, isol\u00e9e.<\/p>\n<p style=\"text-align: justify;\">Syllabes avant rupture ; soupeser l&rsquo;an\u00e9vrisme. \u00c0 toujours se soustraire \u00e0 la justice des hommes qu&rsquo;en sera-t-il de toi soumise \u00e0 celle des mots. Ces mots que tu ne peux qu&rsquo;ha\u00efr pour autant les renier, ces mots que tu ne redoutes pas, qui n&rsquo;ont aucun pouvoir, pour toi seule la phrase nuit et conspire \u00e0 te nuire. Tu ne sais rien de la glande camoufl\u00e9e sous la langue, tu ignores l&rsquo;autopsie mais redoutes le venin. Tu es l\u00e2che et inculte. Et si vieille, oui surtout, si vieille. Comme d\u00e9j\u00e0 morte.<\/p>\n<p style=\"text-align: justify;\">Etrang\u00e8re : qui n&rsquo;est pas propre ou naturelle \u00e0 quelqu&rsquo;un.<br \/>\nJ&rsquo;ordonne un livre de vengeance. Mes doigts tremblent, le papier transperc\u00e9 de secousses N\u00e9m\u00e9sis secr\u00e8tera bient\u00f4t une encre de c\u00e9cit\u00e9. Un roman Necronomicon, une mal\u00e9diction adress\u00e9e \u00e0 toi seule qui te fera souffrir au-del\u00e0 du d\u00e9j\u00e0 dit. Etrang\u00e8re : qui n&rsquo;est pas connue de quelqu&rsquo;un ; voir : inconnue.<br \/>\nFoudroy\u00e9e feux follets tu ne seras plus qu&rsquo;osselets rogn\u00e9s par les remords, ta conscience ne pourra plus jamais s&rsquo;endormir. Au cristallin douze araign\u00e9es. J&rsquo;implore un ch\u00e2timent qui soit \u00e0 la mesure de ce qui fut commis. Etrang\u00e8re : qui n&rsquo;est pas famili\u00e8re ; voir : \u00e9trange.<\/p>\n<p style=\"text-align: justify;\">Qu&rsquo;\u00e0 l&rsquo;instant o\u00f9 l&rsquo;ici s&rsquo;infiltre en ton regard, ta vie te gifle crue, un an\u00e9antissement lent et m\u00e9ticuleux, particule apr\u00e8s particule. Que ton cr\u00e2ne se remplisse des fruits blets du d\u00e9ni, qu&rsquo;ils y mac\u00e8rent cent nuits, que le jus soit filtr\u00e9 \u00e0 travers chaque synapse et que jamais du vrai tu ne mithridatises. Que les rats soient nombreux en ton creux int\u00e9rieur. Que chacun porte en lui la rage du d\u00e9samour. Incapable d&#8217;empathie, que pour chaque pens\u00e9e aigre ou rejet mis en acte une morsure te perfore. Une bouch\u00e9e par m\u00e9fait. Une vomissure par honte. Etrang\u00e8re \u00e0 : qui n&rsquo;a pas part \u00e0 quelque chose, qui se tient \u00e0 l&rsquo;\u00e9cart de quelque chose, n&rsquo;y a pas particip\u00e9, ne s&rsquo;en est pas m\u00eal\u00e9. Voir : ignorant, profane.<\/p>\n<p style=\"text-align: justify;\">Toi qui aimais \u00e0 mettre la t\u00eate dans un trou, que mille et une aiguilles te dardent les paupi\u00e8res, que la suffocation soit ardente, implacable. Etrang\u00e8re \u00e0 : \u00eatre incapable d&rsquo;\u00e9prouver ce sentiment ; voir : insensible. Que durant l&rsquo;agonie l&rsquo;addition soit d&rsquo;un sel poisseux et lacrymal, que tu implores en vain fant\u00f4mes, dieux, survivants. Etrang\u00e8re \u00e0 : qui ne fait pas partie de, qui n&rsquo;a aucun rapport avec ; voir : ext\u00e9rieure, ind\u00e9pendante.<\/p>\n<p style=\"text-align: justify;\">Que j&rsquo;assiste glorieuse \u00e0 tes suppliques boucl\u00e9es, souriante face \u00e0 tes cris, vorace en ta d\u00e9solation. Corps \u00e9tranger : toute chose qui se trouve de mani\u00e8re anormale, non naturelle dans l&rsquo;organisme. Tu seras \u00e0 genoux, les entrailles dans les paumes. Une masse ti\u00e8de et visqueuse, palpitante.<\/p>\n<p style=\"text-align: justify;\">Est-ce que \u00e7a vaut le coup, me demande Th\u00e9ophile, est-ce que \u00e7a vaut le coup et je ne r\u00e9ponds rien, je ne peux rien r\u00e9pondre. Au moment o\u00f9 le talion annon\u00e7ait la mesure, le voil\u00e0 qui s&rsquo;avorte dans un dernier caillot. Est-ce que \u00e7a vaut la peine, me demande Th\u00e9ophile, est-ce que \u00e7a vaut la peine, elle a \u00e9t\u00e9 si grande, la peine, pour vous, tellement profonde, \u00e0 quoi bon consigner, me demande Th\u00e9ophile qui insiste un peu trop.<\/p>\n<p style=\"text-align: justify;\">Je suis une fin septembre. Il n&rsquo;y a pas de cypr\u00e8s, ici juste des ch\u00eanes dont les feuilles rouillent un peu. C&rsquo;est la troisi\u00e8me semaine, je vais rentrer je crois. Attendre est inutile et puis l&rsquo;angine me guette. Ma gorge semble s&rsquo;endeuiller, le cr\u00eape se fait chaton, des poils des poils puis une boulette, je crache. Th\u00e9ophile a l&rsquo;\u0153il rond.<\/p>\n<p style=\"text-align: justify;\">Est-ce que \u00e7a n&rsquo;est pas trop, m&rsquo;interroge Th\u00e9ophile, un livre entier juste pour elle, pour elle qui \u00e0 quatre-vingt ans ne passera pas de rudes hivers. Est-ce que \u00e7a n&rsquo;est pas trop ; votre vie qui s&rsquo;\u00e9crit au royaume des vivants n&rsquo;a pas besoin d&rsquo;un meurtre ni d&rsquo;aucun pacte en marge. Comment lui dire, \u00e0 Th\u00e9ophile. Que je la sais s\u00e9nile mais que je veux sa peau, la confier au tanneur, piqueter le parchemin de crachats volubiles. Qu&rsquo;il m&rsquo;est insupportable de l&rsquo;imaginer seule, l\u00e9g\u00e8re et nostalgique, sauv\u00e9e par sa b\u00eatise, accroch\u00e9e tout en ongles \u00e0 sa version des faits. Je la hais beaucoup trop, je dis \u00e0 Th\u00e9ophile, ce n&rsquo;est pas de l&rsquo;obstination, j&rsquo;ai juste de bonnes raisons de lui imposer le pire. Le pire est d\u00e9j\u00e0 fait, me sourit Th\u00e9ophile car il sourit toujours. C&rsquo;est alors que l&rsquo;histoire s&rsquo;est mise \u00e0 commencer.<\/p>\n","protected":false},"excerpt":{"rendered":"<p>Fiction &amp; Cie (Le Seuil), janvier 2009.\u00a0 C&rsquo;est un cimeti\u00e8re. O\u00f9 Chlo\u00e9 tente d&rsquo;\u00e9crire un livre de vengeance, un livre qui pourrait tuer. Sa cible, c&rsquo;est la grand-m\u00e8re, femme d\u00e9nu\u00e9e d&#8217;empathie, qui lui a r\u00e9v\u00e9l\u00e9 par une tierce personne un &hellip; <a href=\"https:\/\/chloedelaume.net\/?page_id=269\">Continuer la lecture <span class=\"meta-nav\">&rarr;<\/span><\/a><\/p>\n","protected":false},"author":2,"featured_media":0,"parent":111,"menu_order":0,"comment_status":"closed","ping_status":"open","template":"","meta":{"jetpack_post_was_ever_published":false,"footnotes":""},"class_list":["post-269","page","type-page","status-publish","hentry"],"jetpack_sharing_enabled":true,"jetpack_shortlink":"https:\/\/wp.me\/P3Xt8S-4l","_links":{"self":[{"href":"https:\/\/chloedelaume.net\/index.php?rest_route=\/wp\/v2\/pages\/269","targetHints":{"allow":["GET"]}}],"collection":[{"href":"https:\/\/chloedelaume.net\/index.php?rest_route=\/wp\/v2\/pages"}],"about":[{"href":"https:\/\/chloedelaume.net\/index.php?rest_route=\/wp\/v2\/types\/page"}],"author":[{"embeddable":true,"href":"https:\/\/chloedelaume.net\/index.php?rest_route=\/wp\/v2\/users\/2"}],"replies":[{"embeddable":true,"href":"https:\/\/chloedelaume.net\/index.php?rest_route=%2Fwp%2Fv2%2Fcomments&post=269"}],"version-history":[{"count":18,"href":"https:\/\/chloedelaume.net\/index.php?rest_route=\/wp\/v2\/pages\/269\/revisions"}],"predecessor-version":[{"id":6341,"href":"https:\/\/chloedelaume.net\/index.php?rest_route=\/wp\/v2\/pages\/269\/revisions\/6341"}],"up":[{"embeddable":true,"href":"https:\/\/chloedelaume.net\/index.php?rest_route=\/wp\/v2\/pages\/111"}],"wp:attachment":[{"href":"https:\/\/chloedelaume.net\/index.php?rest_route=%2Fwp%2Fv2%2Fmedia&parent=269"}],"curies":[{"name":"wp","href":"https:\/\/api.w.org\/{rel}","templated":true}]}}