{"id":259,"date":"2012-12-12T01:30:24","date_gmt":"2012-12-12T00:30:24","guid":{"rendered":"http:\/\/wp.chloedelaume.r3zo.net\/?page_id=259"},"modified":"2014-11-06T23:32:22","modified_gmt":"2014-11-06T22:32:22","slug":"narcisse-ses-aiguilles","status":"publish","type":"page","link":"https:\/\/chloedelaume.net\/?page_id=259","title":{"rendered":"Narcisse &#038; ses aiguilles"},"content":{"rendered":"<p>L&rsquo;Une &amp; l&rsquo;Autre, n<span style=\"font-size: 14px;\">ovembre 2009.<\/span><\/p>\n<p>Nouvelle autofictive, qui retrace un \u00e9pisode maniaque \u00e0 base de stiletto.<\/p>\n<p><img loading=\"lazy\" decoding=\"async\" class=\"alignleft size-full wp-image-2159\" title=\"narcisse-et-ses-aiguilles\" src=\"http:\/\/wp.chloedelaume.r3zo.net\/wp-content\/uploads\/2012\/12\/narcisse-et-ses-aiguilles-chloe-delaume-9782357290211.gif\" alt=\"\" width=\"200\" height=\"368\" srcset=\"https:\/\/chloedelaume.net\/wp-content\/uploads\/2012\/12\/narcisse-et-ses-aiguilles-chloe-delaume-9782357290211.gif 200w, https:\/\/chloedelaume.net\/wp-content\/uploads\/2012\/12\/narcisse-et-ses-aiguilles-chloe-delaume-9782357290211-chloe-delaume-9782357290211-163x300.gif 163w\" sizes=\"auto, (max-width: 200px) 100vw, 200px\" \/><\/p>\n<p>&nbsp;<\/p>\n<p><strong>Premi\u00e8res pages<\/strong><\/p>\n<p style=\"text-align: justify;\">D\u00e9but ao\u00fbt c\u2019est fini. Nulle part, plus une trace d\u2019elle. Comme si elle n\u2019avait jamais exist\u00e9e. L\u2019horloge qui l\u2019escamote, sa saison tr\u00e9pass\u00e9e, c\u2019est une disparition. Totale, d\u00e9finitive. Il va falloir pour elle employer l\u2019imparfait et conjuguer le vide. Je ne peux m\u2019y r\u00e9soudre. Alors.<\/p>\n<p style=\"text-align: justify;\">D\u00e9but ao\u00fbt l\u2019air est moite et il m\u2019est reproch\u00e9 de souffrir davantage que s\u2019il \u00e9tait question de perdre un ami cher. Il m\u2019est d\u2019ailleurs reproch\u00e9 des choses \u00e9pouvantables, quoi de plus condamnable que la frivolit\u00e9.<\/p>\n<p style=\"text-align: justify;\">\u00a0Adjectifs en cascade au miroir de ma plainte\u00a0: futile, inconsistant, insignifiant, l\u00e9ger, superficiel, vain. C\u2019est ce qu\u2019ils pensent, tous, ce qu\u2019ils disent. M\u00eame le Petit Robert. Ils le r\u00e9p\u00e8tent tr\u00e8s fort en articulant bien, c\u2019est devenu m\u00e9canique, \u00e7a fait six mois maintenant\u00a0: <em>Chlo\u00e9, ce n\u2019est qu\u2019une paire d\u2019escarpins<\/em>. Ils le r\u00e9p\u00e8tent si fort que leurs voix s\u2019entrem\u00ealent, un chaos en haut-le-c\u0153ur, le coryph\u00e9e \u00e9ructe, les nerfs us\u00e9s jusqu\u2019\u00e0 la corde. Mais aucun d\u2019eux n\u2019arrive \u00e0 distinguer la nature de mon tue-t\u00eate int\u00e9rieur. Ils invoquaient le caprice, puis song\u00e8rent au blocage. A pr\u00e9sent ils s\u2019indignent. L\u2019\u00e9t\u00e9 se meurt et avec lui la patience de mon entourage. D\u2019ailleurs je ne me supporte plus. Reflet \u00e0 la psych\u00e9\u00a0: en ricochets, jusqu\u2019\u00e0 mon \u00e2me <em>futile, inconsistant, insignifiant, l\u00e9ger, superficiel, vain<\/em>. Lucide, je suis lucide\u00a0: <em>ce n\u2019est qu\u2019une paire d\u2019escarpins<\/em>.<\/p>\n<p style=\"text-align: justify;\">Ils me prescrivent l\u2019oubli\u00a0; je recherche la formule d\u2019amn\u00e9sie volontaire. Les grimoires restent aphones, la chimie impuissante. Parce que je me souviens, me souviendrai toujours. Pas n\u2019importe quelle paire, non, elle incarne un v\u0153u, un mouvement, une p\u00e9riode. Une p\u00e9riode de ma vie, juste une poign\u00e9e de mois. O\u00f9 je le sais maintenant, la mutation eut lieu. En attestent le bleu de mes sutures suintantes. Un piqu\u00e9 r\u00e9gulier, de petites trou\u00e9es, un fronc\u00e9 \u00e0 l\u2019\u00e9toffe tout autour de l\u2019\u00e9go. Une \u00e2me d\u00e9cousue n\u00e9cessite des aiguilles pour sa m\u00e9tamorphose. Alors tirer, tirer le fil. Point apr\u00e8s point. Pour voir. A quoi ressemble aujourd\u2019hui ce canevas narratif. Puisque.<\/p>\n<p style=\"text-align: justify;\">On dirait une histoire, une histoire tr\u00e8s banale, celle d\u2019une acquisition qui rel\u00e8ve du fantasme pour raisons budg\u00e9taires. Une histoire de pouffiasse, en somme. La p\u00e9tasse, elle, a les moyens. On dirait une histoire, quelconque et lamentable. Qui ne sait pas se g\u00e9rer et qui cherche un refuge, quelle qu\u2019en soit la nature, la mati\u00e8re et la forme. Combien de pages, combien de signes, est-ce que \u00e7a pourra \u00eatre assez.<\/p>\n<p style=\"text-align: justify;\">C\u2019est une histoire de deuil, un deuil particulier, celui d\u2019une possession qui n\u2019aura jamais lieu. Appliquer le renoncement\u00a0: la frustration vacille, la frustration s\u2019\u00e9teint. Il en reste parfois quelques traces charbonneuses dans un coin du cerveau. Du cerveau, pas du c\u0153ur. Pourquoi mes ventricules sont en plein brasero, \u00e7a encore, je demande. Le sang confit d\u2019envie, des grumeaux aux art\u00e8res.<\/p>\n<p><em>Splash Patent Paintdrip Pump\u00a0<\/em><em>Splash Patent Paintdrip Pump\u00a0<\/em><em>Splash Patent Paintdrip Pump <\/em>(ad lib.)\u00a0<img loading=\"lazy\" decoding=\"async\" class=\"size-thumbnail wp-image-2161 alignright\" title=\"Ceci est l'objet du blocage.\" src=\"http:\/\/wp.chloedelaume.r3zo.net\/wp-content\/uploads\/2012\/12\/sergio-rossi-150x150.jpg\" alt=\"\" width=\"150\" height=\"150\" \/><\/p>\n<p style=\"text-align: justify;\">C\u2019est \u00e0 peine une histoire, c\u2019est juste un \u00e9pisode. Honteux et psychotique, mais qu\u2019il faut consigner. Parce qu\u2019ainsi se pr\u00e9sente le pacte d\u2019\u00e9criture. <em>Fiction, d\u2019\u00e9v\u00e8nements et de faits strictement r\u00e9els<\/em>. Poursuivre de texte en texte la rigueur de la d\u00e9marche, et tant pis si mes pas parfois se font tr\u00e9buchements.<\/p>\n<p style=\"text-align: justify;\">Un article de mode, une paire de chaussures qui restent hors de port\u00e9e\u00a0; Tantale dans la vitrine, Cendrillon amput\u00e9e. Une paire de chaussures, un article de mode\u00a0: quoi de plus futile, n\u2019est-ce pas,<em> <\/em>futile inconsistant insignifiant l\u00e9ger superficiel et vain. \u00a0Pourtant je le ressens, d\u00e9sormais je le sais, d\u00e9but ao\u00fbt je le crie, qu\u2019importe ces regard empoiss\u00e9s de d\u00e9go\u00fbt\u00a0: il manquera quelque chose.\u00a0 Pas que dans mes placards. Dans la reconstruction de mon identit\u00e9. Et bah oui, carr\u00e9ment.<\/p>\n","protected":false},"excerpt":{"rendered":"<p>L&rsquo;Une &amp; l&rsquo;Autre, novembre 2009. Nouvelle autofictive, qui retrace un \u00e9pisode maniaque \u00e0 base de stiletto. &nbsp; Premi\u00e8res pages D\u00e9but ao\u00fbt c\u2019est fini. Nulle part, plus une trace d\u2019elle. Comme si elle n\u2019avait jamais exist\u00e9e. L\u2019horloge qui l\u2019escamote, sa saison &hellip; <a href=\"https:\/\/chloedelaume.net\/?page_id=259\">Continuer la lecture <span class=\"meta-nav\">&rarr;<\/span><\/a><\/p>\n","protected":false},"author":2,"featured_media":0,"parent":111,"menu_order":0,"comment_status":"closed","ping_status":"open","template":"","meta":{"jetpack_post_was_ever_published":false,"footnotes":""},"class_list":["post-259","page","type-page","status-publish","hentry"],"jetpack_sharing_enabled":true,"jetpack_shortlink":"https:\/\/wp.me\/P3Xt8S-4b","_links":{"self":[{"href":"https:\/\/chloedelaume.net\/index.php?rest_route=\/wp\/v2\/pages\/259","targetHints":{"allow":["GET"]}}],"collection":[{"href":"https:\/\/chloedelaume.net\/index.php?rest_route=\/wp\/v2\/pages"}],"about":[{"href":"https:\/\/chloedelaume.net\/index.php?rest_route=\/wp\/v2\/types\/page"}],"author":[{"embeddable":true,"href":"https:\/\/chloedelaume.net\/index.php?rest_route=\/wp\/v2\/users\/2"}],"replies":[{"embeddable":true,"href":"https:\/\/chloedelaume.net\/index.php?rest_route=%2Fwp%2Fv2%2Fcomments&post=259"}],"version-history":[{"count":9,"href":"https:\/\/chloedelaume.net\/index.php?rest_route=\/wp\/v2\/pages\/259\/revisions"}],"predecessor-version":[{"id":424,"href":"https:\/\/chloedelaume.net\/index.php?rest_route=\/wp\/v2\/pages\/259\/revisions\/424"}],"up":[{"embeddable":true,"href":"https:\/\/chloedelaume.net\/index.php?rest_route=\/wp\/v2\/pages\/111"}],"wp:attachment":[{"href":"https:\/\/chloedelaume.net\/index.php?rest_route=%2Fwp%2Fv2%2Fmedia&parent=259"}],"curies":[{"name":"wp","href":"https:\/\/api.w.org\/{rel}","templated":true}]}}