{"id":255,"date":"2012-12-12T01:27:27","date_gmt":"2012-12-12T00:27:27","guid":{"rendered":"http:\/\/wp.chloedelaume.r3zo.net\/?page_id=255"},"modified":"2013-09-17T19:06:26","modified_gmt":"2013-09-17T17:06:26","slug":"au-commencement-etait-ladverbe","status":"publish","type":"page","link":"https:\/\/chloedelaume.net\/?page_id=255","title":{"rendered":"Au commencement \u00e9tait l&rsquo;adverbe"},"content":{"rendered":"<p>Joca Seria, m<span style=\"font-size: 14px;\">ars 2010.<\/span><\/p>\n<p style=\"text-align: justify;\"><img loading=\"lazy\" decoding=\"async\" class=\"alignleft size-full wp-image-2165\" title=\"au-commencement-etait-l-adverbe\" src=\"http:\/\/wp.chloedelaume.r3zo.net\/wp-content\/uploads\/2012\/12\/au-commencement-etait-l-adverbe-chloe-delaume-9782848091402.gif\" alt=\"\" width=\"200\" height=\"269\" \/>Dyptique th\u00e9\u00e2tral proposant deux aventures de Clotilde M\u00e9lisse, \u00e9crivaine militante pratiquant l&rsquo;autofiction exp\u00e9rimentale et le terrorisme.<\/p>\n<p style=\"text-align: justify;\">Personnage jusqu&rsquo;ici aussi secondaire que r\u00e9current, Clotilde appara\u00eet en 2004 dans\u00a0<em>Certainement pas<\/em>, puis en 2007 dans\u00a0<em>La nuit je suis Buffy Summers,<\/em> ainsi<em>\u00a0<\/em>qu&rsquo;en 2009 dans le roman \u00a0<em>Dans ma maison sous terre.<\/em><\/p>\n<p style=\"text-align: justify;\"><strong><em>Le retour de Charlie Orphan<\/em><\/strong>\u00a0confronte Clotilde \u00e0 Charlie, un personnage de seconde zone qu&rsquo;elle a cr\u00e9\u00e9 dans un roman qu&rsquo;elle renie. Charlie veut \u00eatre un h\u00e9ros, et surtout mourir en h\u00e9ros : \u00e0 elle de trouver la solution, sous peine de c\u00e9phal\u00e9e aigu\u00eb.<\/p>\n<p style=\"text-align: justify;\"><strong><em>Au commencement \u00e9tait l&rsquo;adverbe<\/em><\/strong>\u00a0traite sous un autre angle la notion de responsabilit\u00e9 de l&rsquo;auteur face \u00e0 ses personnages. Clotilde s&rsquo;est \u00e9crite aux c\u00f4t\u00e9s d&rsquo;Ana\u00efs, avec qui elle vit une histoire d&rsquo;amour, durant tout un roman. A l&rsquo;or\u00e9e du dernier chapitre, elle va devoir se s\u00e9parer d&rsquo;elle en lui r\u00e9v\u00e9ler sa nature de personnage de fiction.<\/p>\n<p style=\"text-align: justify;\"><strong>Extraits\u00a0<\/strong><\/p>\n<p style=\"text-align: justify;\"><strong><em>Le retour de Charlie Orphan<\/em>,\u00a0<\/strong><strong>Sc\u00e8ne 3.<\/strong><\/p>\n<p>Clotilde, Charlie.<br \/>\n(On entend Clotilde taper sur le clavier de son ordinateur)<\/p>\n<p>Charlie<br \/>\nClotilde, Clotilde, pourquoi m&rsquo;as-tu abandonn\u00e9 ?<\/p>\n<p>Clotilde\u00a0<em>(s&rsquo;arr\u00eatant de taper)<\/em><br \/>\nJe ne suis pas compl\u00e8tement cingl\u00e9e, il y a bien quelqu&rsquo;un qui me parle \u00e0 l&rsquo;int\u00e9rieur. Ou alors les sympt\u00f4mes s&rsquo;aggravent.<\/p>\n<p>Charlie<br \/>\nClotilde, Clotilde, pourquoi m&rsquo;as-tu abandonn\u00e9 ?<\/p>\n<p>Clotilde<br \/>\nJe suis certifi\u00e9e bipolaire, pas schizo. En plus \u00e7a fait un mal de chien.<\/p>\n<p>Charlie<br \/>\nClotilde, Clotilde\u2026<\/p>\n<p>Clotilde<br \/>\nCa suffit. Qu&rsquo;est-ce qui parle ?<\/p>\n<p>Charlie<br \/>\nCharlie.<\/p>\n<p>Clotilde<br \/>\nC&rsquo;est bien ma veine. Du boulot par-dessus la t\u00eate, et dedans l&rsquo;apparition d&rsquo;un d\u00e9doublement de personnalit\u00e9. Un homme en plus. N&rsquo;importe quoi.<\/p>\n<p>Charlie<br \/>\nJe ne suis pas un sympt\u00f4me, je suis un personnage de fiction.<\/p>\n<p>Clotilde<br \/>\nDe mieux en mieux. Psychose pirandellienne, le corps m\u00e9dical va adorer.<\/p>\n<p>Charlie<br \/>\nVous m&rsquo;avez \u00e9crit dans La Derni\u00e8re H\u00e9lo\u00efse, je suis le petit ami.<\/p>\n<p>Clotilde<br \/>\nLe bell\u00e2tre cynique, je l&rsquo;ai appel\u00e9 Charlie ? J&rsquo;\u00e9tais vraiment pas inspir\u00e9e.<\/p>\n<p>Charlie<br \/>\nC&rsquo;est le moins qu&rsquo;on puisse dire.<\/p>\n<p>Clotilde<br \/>\nMon ex s&rsquo;appelait Charles, je suis pas all\u00e9e chercher bien loin, mais \u00e7a, \u00e0 la limite, \u00e7a ne vous regarde pas. D&rsquo;ailleurs rien ne vous regarde. Je ne sais m\u00eame pas pourquoi je r\u00e9ponds. Vous devez incarnez ma culpabilit\u00e9, je suis en phase de doute, c&rsquo;est une hallucination auditive, j&rsquo;ai des gouttes jaunes en cas d&rsquo;urgence, je ne vais pas me laisser envahir.<\/p>\n<p><em>(Elle se l\u00e8ve, fouille dans la salle de bains, cherche sa fiole)<\/em><\/p>\n<p>Clotilde<br \/>\nLe probl\u00e8me c&rsquo;est \u00e7a coupe le syst\u00e8me nerveux central, et que je vais \u00eatre dans le coton toute la journ\u00e9e.<\/p>\n<p>Charlie<br \/>\nNe les prenez pas, \u00e7a ne ma fera pas partir. J&rsquo;ai des choses \u00e0 vous dire, beaucoup de choses, vous devez m&rsquo;\u00e9couter.<\/p>\n<p>Clotilde<br \/>\nQu&rsquo;est-ce qui me prouve que vous \u00eates bien le Charlie de mon livre, et que je ne suis pas en train de yoyoter ? Parce que vous m&rsquo;excuserez, mais un personnage de fiction qui d\u00e9barque, c&rsquo;est pas monnaie courante. Une porte d&rsquo;entr\u00e9e dans un processus schizo\u00efde, une bouff\u00e9e d\u00e9lirante, m\u00eame si cliniquement ce n&rsquo;est pas compatible avec mon diagnostic, c&rsquo;est nettement plus cr\u00e9dible.<\/p>\n<p>Charlie<br \/>\nVous ne d\u00e9lirez pas, je peux vous l&rsquo;assurer.<\/p>\n<p>Clotilde<br \/>\nJe pr\u00e9f\u00e8rerai \u00e7a, parce que franchement, \u00e7a ne m&rsquo;amuserait pas des masses. C&rsquo;est d\u00e9j\u00e0 p\u00e9nible, tr\u00e8s p\u00e9nible, d&rsquo;\u00eatre bipolaire, une \u00e2me pleine de crevasses, c&rsquo;est tr\u00e8s dur \u00e0 g\u00e9rer.<\/p>\n<p>Charlie<br \/>\nMoi je n&rsquo;ai presque pas d&rsquo;\u00e2me, et je peux vous affirmer que c&rsquo;est bien plus douloureux.<\/p>\n<p>Clotilde<br \/>\nA propos de douleur, si vous pouviez cesser de cogner contre le lobe frontal gauche, \u00e7a m&rsquo;arrangerait assez.<\/p>\n<p>Charlie<br \/>\nJe me tiendrai tranquille si vous acceptez de discuter.<\/p>\n<p>Clotilde<br \/>\nDiscuter avec vous ? C&rsquo;est compl\u00e8tement d\u00e9ment. Je ne vois vraiment pas de quoi, en plus. Vous \u00eates le personnage secondaire d&rsquo;un bouquin dont j&rsquo;ai honte, je me souviens \u00e0 peine de vos caract\u00e9ristiques, \u00e0 part que vous incarniez le plus parfait des connards.<\/p>\n<p>Charlie<br \/>\nEt vous le vivriez comment, vous, si on vous avait \u00e9crit comme le plus parfait des connards ?<\/p>\n<p>Clotilde<br \/>\nLa question ne se pose pas, moi on ne m&rsquo;\u00e9crit pas.<\/p>\n<p>Charlie<br \/>\nQu&rsquo;est-ce que vous en savez ?<\/p>\n<p>Clotilde<br \/>\nJe suis une \u00e9crivain, pas un personnage de fiction.<\/p>\n<p>Charlie<br \/>\nVous pourriez \u00eatre \u00e9crite quand m\u00eame.<\/p>\n<p>Clotilde<br \/>\nJe ne suis pas croyante, je n&rsquo;ai foi qu&rsquo;en le libre arbitre.<\/p>\n<p>Charlie<br \/>\nMoi aussi, \u00e0 la base. Mais j&rsquo;ai un probl\u00e8me de d\u00e9miurge, alors \u00e7a perturbe le concept.<\/p>\n<p>Clotilde<br \/>\nJe vous l&rsquo;accorde.<\/p>\n<p>Charlie<br \/>\nAlors vous comprendrez que vienne plaider ma cause.<\/p>\n<p>Clotilde<br \/>\nJe ne suis pas certaine de saisir. Aussi je vous demanderais d&rsquo;avoir l&rsquo;obligeance de m&rsquo;exposer clairement ce que vous me voulez et surtout de cessez sur le champ de taper comme \u00e7a \u00e0 l&rsquo;int\u00e9rieur.<\/p>\n<p>Charlie<br \/>\nJe veux \u00eatre un h\u00e9ros.<\/p>\n<p>Clotilde<br \/>\nJe vous demande pardon ?<\/p>\n<p>Charlie<br \/>\nJe veux \u00eatre un h\u00e9ros. Etre un personnage principal.<\/p>\n<p>(&#8230;)<\/p>\n<p>&nbsp;<\/p>\n<p><strong><em>Au commencement \u00e9tait l&rsquo;adverbe<\/em>, sc\u00e8ne d&rsquo;ouverture.<\/strong><\/p>\n<p>Ana\u00efs<br \/>\nJe suis tellement contente que tu m&rsquo;ais amen\u00e9e ici. Ca faisait si longtemps que je n&rsquo;avais pas vu la mer. Je la pr\u00e9f\u00e8re l&rsquo;hiver, comme \u00e7a, quand elle est grise. On dit que c&rsquo;est \u00e0 cause des veuves, des veuves des marins, leurs larmes moussent en \u00e9cume et leur deuil se dilue. Les lendemains de temp\u00eate l&rsquo;eau est bien plus sal\u00e9e.<\/p>\n<p>Clotilde<br \/>\nUn oc\u00e9an ardoise, lisse, peut-\u00eatre bien trop. Il faudrait que le vent revienne, qu&rsquo;il ab\u00eeme un peu, qu&rsquo;il concasse la roche m\u00e9tamorphique ; fouetter l&rsquo;ardoise \u00e0 grands coups de craie. Ca aurait plus de gueule, tu ne crois pas ?<\/p>\n<p>Ana\u00efs<br \/>\nIl faudrait des craies de couleur.<\/p>\n<p>Clotilde<br \/>\nUn cr\u00e9puscule qui agonise lentement : violet.<\/p>\n<p>Le narrateur omniscient<br \/>\nLe soleil \u00e9tait bas et la lune le mangeait.<\/p>\n<p>Ana\u00efs<br \/>\nT&rsquo;as entendu ?<\/p>\n<p>Clotilde<br \/>\nOui.<\/p>\n<p>Ana\u00efs<br \/>\nC&rsquo;\u00e9tait qui ?<\/p>\n<p>Clotilde<br \/>\nQuelqu&rsquo;un que tu ne dois pas entendre. Viens.<\/p>\n<p>Ana\u00efs<br \/>\nMais\u2026<\/p>\n<p>Clotilde<br \/>\nLa brume engourdi tout, la nuit avance. Viens.<\/p>\n<p>Ana\u00efs<br \/>\nCa fiche un peu trouille.<\/p>\n<p>Clotilde<br \/>\nPersonne n&rsquo;aime la brume quand elle est \u00e0 ce point \u00e9paisse, c&rsquo;est impossible de se d\u00e9placer, c&rsquo;est comme si elle nous empoissait quand on la traverse, des micro-gla\u00e7ons en suspens, du givre qui s&rsquo;accroche aux tissus, de l&rsquo;humidit\u00e9 \u00e0 pleines chairs. Les os dans l&rsquo;\u00e9tau d&rsquo;un nuage.<\/p>\n<p>Ana\u00efs<br \/>\nOn n&rsquo;y voit rien.<\/p>\n<p>Clotilde<br \/>\nL\u00e0, y a un banc. Assieds-toi. Viens.<\/p>\n<p>Ana\u00efs<br \/>\nC&rsquo;est tellement dommage.<\/p>\n<p>Clotilde<br \/>\nTout \u00e7a va s&rsquo;estomper doucement, la brume va se fondre \u00e0 la mer, du brouillon sur l&rsquo;ardoise, du bouillonnement craie blanche et quelques effritements. D&rsquo;ici peu le ciel sera tr\u00e8s clair.<\/p>\n<p>Ana\u00efs<br \/>\nTu crois ?<\/p>\n<p>Clotilde<br \/>\nJe sais. Maintenant raconte-moi un souvenir.<\/p>\n<p>Ana\u00efs<br \/>\nJe veux bien, mais. C&rsquo;est pas facile. Parfois j&rsquo;ai l&rsquo;impression que ma m\u00e9moire n&rsquo;est pleine que de toi. Comme si avant, avant nous, il n&rsquo;y avait rien. Comme si j&rsquo;\u00e9tais n\u00e9e dans tes bras, pour tes bras.<\/p>\n<p>Clotilde<br \/>\nS&rsquo;il te pla\u00eet, Ana\u00efs, fait un effort.<\/p>\n<p>Ana\u00efs<br \/>\nJ&rsquo;ai d\u00e9j\u00e0 essay\u00e9 mais \u00e7a ne marche jamais, je sais que je n&rsquo;y arriverai pas. Ce n&rsquo;est pas de ma faute. Je dois \u00eatre faite comme \u00e7a. Il m&rsquo;arrive de douter d&rsquo;avoir \u00e9t\u00e9 au monde avant de te rencontrer.<\/p>\n<p>Clotilde<br \/>\nAlors invente.<\/p>\n<p>Ana\u00efs<br \/>\nPourquoi ?<\/p>\n<p>Clotilde<br \/>\nPour que je t&rsquo;imagine. Dis-toi que j&rsquo;en ai besoin.<\/p>\n<p><em>(Clotilde jette des galets dans l&rsquo;eau)<\/em><\/p>\n<p>Ana\u00efs<br \/>\nQuand j&rsquo;\u00e9tais petite, je pouvais passer des heures \u00e0 retourner les galets jusqu&rsquo;\u00e0 en trouver un en forme de c\u0153ur. Je l&#8217;emportais chez moi, le rin\u00e7ais \u00e0 l&rsquo;eau b\u00e9nite, le rangeais dans un coffre et je faisais un v\u0153u.<\/p>\n<p>Clotilde<br \/>\nUn v\u0153u de quel genre ?<\/p>\n<p>Ana\u00efs<br \/>\nUn v\u0153u de fille.<\/p>\n<p>Clotilde<br \/>\nEt il ne se r\u00e9alisait jamais.<\/p>\n<p>Ana\u00efs<br \/>\nNon.<\/p>\n<p>Clotilde<br \/>\nTu continuais quand m\u00eame ?<\/p>\n<p>Ana\u00efs<br \/>\nJe pensais qu&rsquo;il devait y avoir un nombre pr\u00e9cis \u00e0 atteindre pour que la magie puisse op\u00e9rer.<\/p>\n<p>Clotilde<br \/>\nTu l&rsquo;as arr\u00eat\u00e9e quand, ta collection de v\u0153ux ?<\/p>\n<p>Ana\u00efs<br \/>\nQuand le coffre ne fermait plus.<\/p>\n<p>Clotilde<br \/>\nTu mens.<\/p>\n<p>Ana\u00efs<br \/>\nJe ne peux pas mentir puisque j&rsquo;invente.<\/p>\n<p>Clotilde<br \/>\nC&rsquo;est juste. Mais ce n&rsquo;est pas coh\u00e9rent, \u00e7a ne te ressemble pas.<\/p>\n<p>Ana\u00efs<br \/>\nQu&rsquo;est-ce qui me ressemblerait ?<\/p>\n<p>Clotilde<br \/>\nJe ne sais pas. Je ne sais plus.<\/p>\n<p>Ana\u00efs<br \/>\nCa n&rsquo;a pas d&rsquo;importance.<\/p>\n<p>Clotilde<br \/>\nBien s\u00fbr que si. Je dois soigner les d\u00e9tails.<\/p>\n<p>Ana\u00efs<br \/>\nJ&rsquo;ai arr\u00eat\u00e9 les galets et les v\u0153ux en sortant de l&rsquo;enfance.<\/p>\n<p>Clotilde<br \/>\nC&rsquo;est tout ?<\/p>\n<p>Ana\u00efs<br \/>\nC&rsquo;est tout.<\/p>\n<p>Clotilde<br \/>\nLa pens\u00e9e magique cesse quand elle se heurte \u00e0 quelque chose, quand le r\u00e9el lui donne tort, quand la preuve est abrupte.<\/p>\n<p>Ana\u00efs<br \/>\nQuelqu&rsquo;un est mort, tu crois ?<\/p>\n<p>Clotilde<br \/>\nQuelqu&rsquo;un est mort, oui. Tes cailloux n&rsquo;ont rien pu y faire alors tu as jet\u00e9 le coffre \u00e0 mar\u00e9e haute. Il \u00e9tait lourd, tr\u00e8s lourd. Tu t&rsquo;es bris\u00e9e l&rsquo;\u00e9chine et tu avais huit ans.<\/p>\n<p>Ana\u00efs<br \/>\nJ&rsquo;ai eu beaucoup de peine ?<\/p>\n<p>Clotilde<br \/>\nOui, \u00e7a t&rsquo;en fait encore.<\/p>\n<p>Ana\u00efs<br \/>\nJ&rsquo;aime pas quand tu fais \u00e7a, tu m&rsquo;inocules en douce de nouveaux chagrins chaque jour. Mon c\u0153ur finira noir \u00e0 force d&rsquo;\u00eatre assombri.<\/p>\n<p>Clotilde<br \/>\nSans drame tu serais trop lisse, plus encore que l&rsquo;ardoise qui se fissure \u00e0 nos pieds, une \u00e2me lustr\u00e9e, soyeuse. Je te veux en crevasses, j&rsquo;ai besoin de tes failles, seules les douleurs enfouies savent donner du relief.<\/p>\n<p>Ana\u00efs<br \/>\nMais \u00e7a me fait souffrir, \u00e0 chaque fois davantage. Ca creuse en moi, Clotilde. J&rsquo;ai peur de m&rsquo;effondrer tant tu entailles mes fondations.<\/p>\n<p>Clotilde<br \/>\nN&rsquo;exag\u00e8re pas. Le deuil \u00e7a s&rsquo;apprivoise, c&rsquo;est comme la nostalgie.<\/p>\n<p>Ana\u00efs<br \/>\nJe crois que je pr\u00e9f\u00e8re que \u00e7a n&rsquo;existe pas.<\/p>\n<p>Clotilde<br \/>\nAlors n&rsquo;y penses plus, tant pis, je m&rsquo;arrangerai.<\/p>\n<p>Ana\u00efs<br \/>\nJe ne me sens pas tr\u00e8s bien.<\/p>\n<p>Clotilde<br \/>\nC&rsquo;est parce que tu refuses que j&rsquo;affine tes contours.<\/p>\n<p>Ana\u00efs<br \/>\nEmbrasse-moi.<\/p>\n<p>Clotilde<br \/>\nPas encore.<\/p>\n<p>Ana\u00efs<br \/>\nEmbrasse-moi avant qu&rsquo;il ne pleuve.<\/p>\n<p>Clotilde<br \/>\nIl ne pleuvra pas.<\/p>\n<p>Le narrateur omniscient<br \/>\nLe ciel virera au mauve, des z\u00e9brures argent\u00e9es, mais tout restera sec.<\/p>\n<p>(&#8230;)<\/p>\n","protected":false},"excerpt":{"rendered":"<p>Joca Seria, mars 2010. Dyptique th\u00e9\u00e2tral proposant deux aventures de Clotilde M\u00e9lisse, \u00e9crivaine militante pratiquant l&rsquo;autofiction exp\u00e9rimentale et le terrorisme. Personnage jusqu&rsquo;ici aussi secondaire que r\u00e9current, Clotilde appara\u00eet en 2004 dans\u00a0Certainement pas, puis en 2007 dans\u00a0La nuit je suis Buffy &hellip; <a href=\"https:\/\/chloedelaume.net\/?page_id=255\">Continuer la lecture <span class=\"meta-nav\">&rarr;<\/span><\/a><\/p>\n","protected":false},"author":2,"featured_media":0,"parent":111,"menu_order":0,"comment_status":"closed","ping_status":"open","template":"","meta":{"jetpack_post_was_ever_published":false,"footnotes":""},"class_list":["post-255","page","type-page","status-publish","hentry"],"jetpack_sharing_enabled":true,"jetpack_shortlink":"https:\/\/wp.me\/P3Xt8S-47","_links":{"self":[{"href":"https:\/\/chloedelaume.net\/index.php?rest_route=\/wp\/v2\/pages\/255","targetHints":{"allow":["GET"]}}],"collection":[{"href":"https:\/\/chloedelaume.net\/index.php?rest_route=\/wp\/v2\/pages"}],"about":[{"href":"https:\/\/chloedelaume.net\/index.php?rest_route=\/wp\/v2\/types\/page"}],"author":[{"embeddable":true,"href":"https:\/\/chloedelaume.net\/index.php?rest_route=\/wp\/v2\/users\/2"}],"replies":[{"embeddable":true,"href":"https:\/\/chloedelaume.net\/index.php?rest_route=%2Fwp%2Fv2%2Fcomments&post=255"}],"version-history":[{"count":9,"href":"https:\/\/chloedelaume.net\/index.php?rest_route=\/wp\/v2\/pages\/255\/revisions"}],"predecessor-version":[{"id":400,"href":"https:\/\/chloedelaume.net\/index.php?rest_route=\/wp\/v2\/pages\/255\/revisions\/400"}],"up":[{"embeddable":true,"href":"https:\/\/chloedelaume.net\/index.php?rest_route=\/wp\/v2\/pages\/111"}],"wp:attachment":[{"href":"https:\/\/chloedelaume.net\/index.php?rest_route=%2Fwp%2Fv2%2Fmedia&parent=255"}],"curies":[{"name":"wp","href":"https:\/\/api.w.org\/{rel}","templated":true}]}}