{"id":238,"date":"2012-11-07T18:38:54","date_gmt":"2012-11-07T17:38:54","guid":{"rendered":"http:\/\/wp.chloedelaume.r3zo.net\/?page_id=238"},"modified":"2013-09-17T19:33:59","modified_gmt":"2013-09-17T17:33:59","slug":"le-deuil-des-deux-syllabes","status":"publish","type":"page","link":"https:\/\/chloedelaume.net\/?page_id=238","title":{"rendered":"Le deuil des deux syllabes"},"content":{"rendered":"<h6>L&rsquo;Une &amp; l&rsquo;Autre, j<span style=\"font-size: 14px;\">anvier 2011<\/span><\/h6>\n<p>Nouvelle autofictive, qui met en sc\u00e8ne le deuil et l&rsquo;enterrement du mot maman.<\/p>\n<p>&nbsp;<\/p>\n<p><img loading=\"lazy\" decoding=\"async\" class=\"size-full wp-image-244 alignleft\" title=\"image_small\" src=\"http:\/\/wp.chloedelaume.r3zo.net\/wp-content\/uploads\/2012\/11\/image_small.jpg\" alt=\"\" width=\"82\" height=\"118\" \/><strong>Premi\u00e8res pages<\/strong><\/p>\n<p style=\"text-align: justify;\">Aujourd\u2019hui, j\u2019ai recommenc\u00e9.<\/p>\n<p style=\"text-align: justify;\">Je ne sais pas quoi en penser, je croyais que j\u2019\u00e9tais gu\u00e9rie, comme si c\u2019\u00e9tait une maladie, une simple maladie qui expire aux rem\u00e8des. Le temps en \u00e9tait un, en pleins d\u00e9li\u00e9s lisibles tout en haut de l\u2019ordonnance. Des tours d\u2019horloge par milligrammes, de la patience en g\u00e9lules et de l\u2019espoir en gouttes. Un c\u00e9ladon serein, vingt-cinq dans un verre d\u2019eau matin midi et soir. Le tournoiement des aiguilles se refl\u00e9tait au blanc de l\u2019\u0153il tandis que chaque gorg\u00e9e m\u2019ancrait dans un r\u00e9el glucos\u00e9 d\u2019optimisme.<\/p>\n<p style=\"text-align: justify;\">\u00a0J\u2019oublierai<\/p>\n<p style=\"text-align: justify;\">Tu oublieras<\/p>\n<p style=\"text-align: justify;\">Elle oubliera<\/p>\n<p style=\"text-align: justify;\">Nous oublierons<\/p>\n<p style=\"text-align: justify;\">Un jour.<\/p>\n<p style=\"text-align: justify;\">J\u2019ai suivi le traitement en patiente mod\u00e8le, avide que les sympt\u00f4mes s\u2019\u00e9vanouissent aux souillures de mes phrases corrompues. Chaque semaine pas de fourmi couloirs de l\u2019h\u00f4pital, arpents. J\u2019esp\u00e9rais que les blouses blanches me gratifient sourires clap clap bons points images. Images. Mais pas n\u2019importe lesquelles.<\/p>\n<p style=\"text-align: justify;\">\u00a0J\u2019oubliais<\/p>\n<p style=\"text-align: justify;\">Tu oubliais<\/p>\n<p style=\"text-align: justify;\">Elle oubliait<\/p>\n<p style=\"text-align: justify;\">Nous oubliions<\/p>\n<p style=\"text-align: justify;\">Le jour.<\/p>\n<p style=\"text-align: justify;\">Mon \u00e2me est un puzzle par del\u00e0 le miroir, j\u2019attends d\u2019\u00eatre saisie par un polaro\u00efd. Conscient et inconscient pellicule, n\u00e9gatif, l\u2019empreinte de mon dedans en photo captur\u00e9e. Me voir, enfin. Compl\u00e8te. Me regarder en face quitte \u00e0 y succomber. Me voir, enfin. Arr\u00eate. \u00c0 te voiler la face tu vas nous faire danser.<\/p>\n<p style=\"text-align: justify;\">J\u2019oublie<\/p>\n<p style=\"text-align: justify;\">Tu oublies<\/p>\n<p style=\"text-align: justify;\">Elle oublie<\/p>\n<p style=\"text-align: justify;\">Nous oublions<\/p>\n<p style=\"text-align: justify;\">Ce jour.<\/p>\n<p style=\"text-align: justify;\">Je me suis appliqu\u00e9e, des ann\u00e9es appliqu\u00e9e. Respect\u00e9 les dosages et la posologie\u00a0; obtenu le prix de bonne conduite, un Dictionnaire des Psychoses, une couronne de laurier, un bouquet de thym rose et un poster g\u00e9ant de Piera Aulagnier. Deux d\u00e9cennies et demie pour onze mois de r\u00e9pit\u00a0: bilan dela prescription. Sanscompter que. Deux d\u00e9cennie et demi moins les fois o\u00f9. Alors, maintenant.<\/p>\n<p style=\"text-align: justify;\">C\u00e9phal\u00e9e et col\u00e8re. Contre moi, \u00e7a va de soi, englu\u00e9e au nagu\u00e8re, un encha\u00eenement \u00e0 quoi je ne regrette rien. Ni elle, ni lui, ni eux. Les rhizomes de possibles sectionn\u00e9s en pleine pousse, les hypoth\u00e8ses multiples qui croissent et s\u2019agglutinent, non plus. J\u2019en suis s\u00fbre, oui, certaine. Pourtant.<\/p>\n<p style=\"text-align: justify;\">Aujourd\u2019hui j\u2019ai recommenc\u00e9 alors peut-\u00eatre que c\u2019est faux, tout \u00e7a, en fait. Je me mens \u00e0 moi-m\u00eame\u00a0: une possibilit\u00e9. Comment me faire confiance. Je suis de mes ennemis de loin la plus retorse et la plus tacticienne. Je redoute donc le pire. Je le croyais advenu\u00a0: comme souvent j\u2019avais tort. Il n\u2019est pas derri\u00e8re moi, il est juste dedans. C\u2019est pour \u00e7a que mon corps \u00e0 pr\u00e9sent est si lourd. Je suis pleine d\u2019un jus rance aux reflets vinaigr\u00e9s, les clapotis toxiques rythment une m\u00e9lodie vaine, asphyxie aux sir\u00e8nes, la graisse a tout bouch\u00e9.<\/p>\n<p style=\"text-align: justify;\">\u00a0Je suis un ciel de tra\u00eene<\/p>\n<p style=\"text-align: justify;\">La sueur au front occlus<\/p>\n<p style=\"text-align: justify;\">Une averse de sir\u00e8nes<\/p>\n<p style=\"text-align: justify;\">Emporte celle qui n\u2019est plus.<\/p>\n<p style=\"text-align: justify;\">Peut-\u00eatre que regretter, je ne fais que \u00e7a au fond, au tellement le fond de moi que je ne peux m\u2019en rendre compte\u00a0: il fait beaucoup trop sombre, je ne vois rien d\u2019ici. Descendre. Bien s\u00fbr. Descendre. Ca me fait un peu peur. Descendre oui bon d\u2019accord ne poussez pas descendre mais putain attendez j\u2019ai pas s\u00e9curis\u00e9 les harnais. Ceci n\u2019est pas un exercice descendre je r\u00e9p\u00e8te ceci n\u2019est pas je crois que n\u2019ai pas le choix il y a majorit\u00e9. Urgence.<\/p>\n<p style=\"text-align: justify;\">La corde \u00e0 main nue \u00e9gratigne. Le long des muqueuses j\u2019ex\u00e9cute, rappel. Le casque \u00e0 lampe frontale me p\u00e8se terriblement,\u00a0 une bosse se dessine au gr\u00e9 des soubresauts. Je poursuis tu poursuis ensemble nous poursuivrons. Plus bas, encore plus bas. Au tr\u00e9fonds de. Les psychoses sont plurielles, les sympt\u00f4mes singuliers, parfois la cicatrice masque l\u2019amputation. La mienne est large et laide, cela m\u2019\u00e9tait suffisant. Il semblerait qu\u2019encore un topaze liquoreux suinte aux fleurs boursouflures. Je suis lasse et je glisse au moelleux de l\u2019abc\u00e8s. Dans le c\u0153ur une fissure, ramper jusqu\u2019aux parois, atteindre la cavit\u00e9.<\/p>\n<p style=\"text-align: justify;\">La salle est vaste et moite. Dans la chair des tiroirs, \u00e9tag\u00e8res et dossiers. Les souvenirs sont stock\u00e9s 10.03.73-30.06.83. Couvertures cartonn\u00e9es, recouvertes de poussi\u00e8re, de sable, de sang caill\u00e9. Depuis plus personne n\u2019est entr\u00e9. Sortir. S\u2019assoir. Non, sortir.<\/p>\n<p style=\"text-align: justify;\">\u00a0Ma parole \u00e0 l\u2019air libre<\/p>\n<p style=\"text-align: justify;\">S\u2019oxyde et se fl\u00e9trit<\/p>\n<p style=\"text-align: justify;\">Sous l\u2019\u00e9piderme \u00e7a vibre<\/p>\n<p style=\"text-align: justify;\">Tellement nombreuse je suis.<\/p>\n<p style=\"text-align: justify;\">Aujourd\u2019hui j\u2019ai recommenc\u00e9. Respire. J\u2019ai dit\u00a0: \u00e7a plairait beaucoup \u00e0 ma m\u00e8re. Inspire fort. Le commer\u00e7ant a sourit. Bloque. Je passerai avec maman samedi j\u2019ai ajout\u00e9. Expire. Maintenant. Expire. Avec maman samedi. Expire. Maman. Expire. Avec maman samedi. Expire Inspire Avec maman. Maman. Maman.\u00a0 Maman. Maman maman maman quelqu\u2019un pourrait maman intervenir maman elle a verrouill\u00e9 maman les acc\u00e8s aux maman voies respiratoires maman et moi je ne maman connais pas maman la proc\u00e9dure d\u2019urgence.<\/p>\n<p style=\"text-align: justify;\">Ta plaie n\u2019est pas discr\u00e8te<\/p>\n<p style=\"text-align: justify;\">Quand tu appuie dessus<\/p>\n<p style=\"text-align: justify;\">Les cieux se d\u00e9chiqu\u00e8tent<\/p>\n<p style=\"text-align: justify;\">A fleur d\u2019iris la crue.<\/p>\n<p style=\"text-align: justify;\">Reprenons. S\u2019il vous pla\u00eet. Mesdames, Mesdemoiselles, au creux. Des coupables, des voix responsables. Une fabulation soutenue collective puisque formulation puisqu\u2019une affirmation clairement articul\u00e9e du corps le piratage y a-t-il eu mutinerie aux contr\u00e9es psychotiques les mythomanes sont rois.<\/p>\n<p style=\"text-align: justify;\">La question c\u2019est qui la premi\u00e8re la question c\u2019est qui la derni\u00e8re la question c\u2019est maman la question c\u2019est je la question c\u2019est maman la question c\u2019est je la question la question la question la question.<\/p>\n<p style=\"text-align: justify;\">(&#8230;)<\/p>\n","protected":false},"excerpt":{"rendered":"<p>L&rsquo;Une &amp; l&rsquo;Autre, janvier 2011 Nouvelle autofictive, qui met en sc\u00e8ne le deuil et l&rsquo;enterrement du mot maman. &nbsp; Premi\u00e8res pages Aujourd\u2019hui, j\u2019ai recommenc\u00e9. Je ne sais pas quoi en penser, je croyais que j\u2019\u00e9tais gu\u00e9rie, comme si c\u2019\u00e9tait une &hellip; <a href=\"https:\/\/chloedelaume.net\/?page_id=238\">Continuer la lecture <span class=\"meta-nav\">&rarr;<\/span><\/a><\/p>\n","protected":false},"author":2,"featured_media":0,"parent":111,"menu_order":0,"comment_status":"closed","ping_status":"open","template":"","meta":{"jetpack_post_was_ever_published":false,"footnotes":""},"class_list":["post-238","page","type-page","status-publish","hentry"],"jetpack_sharing_enabled":true,"jetpack_shortlink":"https:\/\/wp.me\/P3Xt8S-3Q","_links":{"self":[{"href":"https:\/\/chloedelaume.net\/index.php?rest_route=\/wp\/v2\/pages\/238","targetHints":{"allow":["GET"]}}],"collection":[{"href":"https:\/\/chloedelaume.net\/index.php?rest_route=\/wp\/v2\/pages"}],"about":[{"href":"https:\/\/chloedelaume.net\/index.php?rest_route=\/wp\/v2\/types\/page"}],"author":[{"embeddable":true,"href":"https:\/\/chloedelaume.net\/index.php?rest_route=\/wp\/v2\/users\/2"}],"replies":[{"embeddable":true,"href":"https:\/\/chloedelaume.net\/index.php?rest_route=%2Fwp%2Fv2%2Fcomments&post=238"}],"version-history":[{"count":6,"href":"https:\/\/chloedelaume.net\/index.php?rest_route=\/wp\/v2\/pages\/238\/revisions"}],"predecessor-version":[{"id":246,"href":"https:\/\/chloedelaume.net\/index.php?rest_route=\/wp\/v2\/pages\/238\/revisions\/246"}],"up":[{"embeddable":true,"href":"https:\/\/chloedelaume.net\/index.php?rest_route=\/wp\/v2\/pages\/111"}],"wp:attachment":[{"href":"https:\/\/chloedelaume.net\/index.php?rest_route=%2Fwp%2Fv2%2Fmedia&parent=238"}],"curies":[{"name":"wp","href":"https:\/\/api.w.org\/{rel}","templated":true}]}}