{"id":2,"date":"2012-10-01T14:45:33","date_gmt":"2012-10-01T14:45:33","guid":{"rendered":"http:\/\/wp.chloedelaume.r3zo.net\/?page_id=2"},"modified":"2026-02-24T05:55:58","modified_gmt":"2026-02-24T04:55:58","slug":"page-d-exemple","status":"publish","type":"page","link":"https:\/\/chloedelaume.net\/","title":{"rendered":""},"content":{"rendered":"<p style=\"text-align: justify;\"><img loading=\"lazy\" decoding=\"async\" class=\"size-medium wp-image-6434 alignleft\" src=\"https:\/\/chloedelaume.net\/wp-content\/uploads\/2025\/06\/202506-chloedelaume-nb-011-ab-200x300.jpg\" alt=\"\" width=\"200\" height=\"300\" srcset=\"https:\/\/chloedelaume.net\/wp-content\/uploads\/2025\/06\/202506-chloedelaume-nb-011-ab-200x300.jpg 200w, https:\/\/chloedelaume.net\/wp-content\/uploads\/2025\/06\/202506-chloedelaume-nb-011-ab-683x1024.jpg 683w, https:\/\/chloedelaume.net\/wp-content\/uploads\/2025\/06\/202506-chloedelaume-nb-011-ab-768x1152.jpg 768w, https:\/\/chloedelaume.net\/wp-content\/uploads\/2025\/06\/202506-chloedelaume-nb-011-ab-1024x1536.jpg 1024w, https:\/\/chloedelaume.net\/wp-content\/uploads\/2025\/06\/202506-chloedelaume-nb-011-ab-1365x2048.jpg 1365w, https:\/\/chloedelaume.net\/wp-content\/uploads\/2025\/06\/202506-chloedelaume-nb-011-ab-scaled.jpg 1707w\" sizes=\"auto, (max-width: 200px) 100vw, 200px\" \/>&#8212; Chlo\u00e9 Delaume est n\u00e9e en 1973. Elle pratique l&rsquo;\u00e9criture sous de multiples formes et supports depuis la fin des ann\u00e9es 90, o\u00f9 elle publiait dans des revues. Son premier ouvrage <em>Les Mouflettes d&rsquo;Atropos<\/em>, est sorti en 2000 aux \u00e9ditions farrago. Depuis, elle a \u00e9crit plus d&rsquo;une trentaine de livres : romans, textes exp\u00e9rimentaux, fragments po\u00e9tiques, th\u00e9\u00e2tre, essais, autofictions.<\/p>\n<p style=\"text-align: justify;\">Laur\u00e9ate du Prix D\u00e9cembre 2001 pour <em>Le Cri du Sablier<\/em>, elle a \u00e9t\u00e9 pensionnaire \u00e0 la Villa M\u00e9dicis en 2011-2012. En 2020, son roman\u00a0 <em>Le c\u0153ur\u00a0synth\u00e9tique<\/em>, paru au Seuil dans la collection Fiction &amp; Cie, a obtenu le Prix M\u00e9dicis. Son dernier livre, <em>Sans oublier qu&rsquo;en plus c&rsquo;est bien la fin du monde<\/em>, est un recueil po\u00e9tique publi\u00e9 en mars 2026 par Le Castor Astral.<\/p>\n<p>&#8212; Elle tient la newsletter <a href=\"https:\/\/remarques.kessel.media\/\" target=\"_blank\" rel=\"noopener\">Remarques &amp; Cie.<\/a><\/p>\n<p style=\"text-align: left;\">&#8212; Un dimanche par mois, elle propose la bulle po\u00e9tique <em>Chlo\u00e9 Delaume pr\u00e9sente<\/em> \u00e0 la Maison de la Po\u00e9sie de Paris. Elle y invite trois auteurices et lit des po\u00e8mes publi\u00e9s r\u00e9cemment.<\/p>\n<p style=\"text-align: justify;\">&#8212; Elle collabore r\u00e9guli\u00e8rement avec des artistes; vid\u00e9astes, designers, musiciennes et musiciens. <a href=\"https:\/\/www.chloedelaume.net\/?page_id=3041\" target=\"_blank\" rel=\"noopener noreferrer\">Performances<\/a>, <a href=\"https:\/\/www.chloedelaume.net\/?page_id=3100\" target=\"_blank\" rel=\"noopener noreferrer\">pi\u00e8ces sonores<\/a>, interventions,\u00a0<a href=\"http:\/\/www.chloedelaume.net\/?page_id=319\" target=\"_blank\" rel=\"noopener noreferrer\">objets<\/a>. Il lui arrive d&rsquo;\u00eatre <a href=\"https:\/\/chloedelaume.net\/?page_id=3100\" target=\"_blank\" rel=\"noopener noreferrer\">paroli\u00e8re<\/a> et de chanter de temps en temps. Son premier album, <a href=\"https:\/\/dokidoki.bandcamp.com\/album\/les-fabuleuses-m-saventures-dune-h-ro-ne-contemporaine\" target=\"_blank\" rel=\"noopener noreferrer\"><em>Les fabuleuses m\u00e9saventures d&rsquo;une h\u00e9ro\u00efne contemporaine<\/em><\/a>, est sorti chez Dokidoki en 2020. Le deuxi\u00e8me, <a href=\"https:\/\/dokidoki.bandcamp.com\/album\/sentiments-n-gatifs\" target=\"_blank\" rel=\"noopener\"><em>Sentiments n\u00e9gatifs<\/em><\/a>, a vu le jour en 2024 sur le m\u00eame label. En 2025, elle a co-r\u00e9alis\u00e9 avec Christophe Id\u00e9al <a href=\"https:\/\/www.youtube.com\/watch?v=zKz1KYGiJJY\" target=\"_blank\" rel=\"noopener\">le clip de sa chanson <em>Ouin Ouin boogie<\/em><\/a>, qui met en sc\u00e8ne les Phallers.<\/p>\n<p>&#8212; Elle est marraine de la <a href=\"https:\/\/www.villavalmont.com\/\" target=\"_blank\" rel=\"noopener\">Villa Valmont<\/a>, maison des \u00e9critures et des paysages.<\/p>\n<p>&#8212; Elle officie au comit\u00e9 de lecture des \u00e9ditions du Seuil, et est membre du jury du Prix D\u00e9cembre.<\/p>\n<p>&#8212; En cas de travail universitaire : <a href=\"https:\/\/chloedelaumecritique.com\/\">chloedelaumecritique<\/a>, cr\u00e9\u00e9 par Dawn Cornelio. &#8212;<\/p>\n<p><span style=\"font-size: 0.8em;\">(Photo : \u00a9Aude Boyer \/ Dessins : Fran\u00e7ois &amp; Oph\u00e9lie Alary)<\/span><\/p>\n","protected":false},"excerpt":{"rendered":"<p>&#8212; Chlo\u00e9 Delaume est n\u00e9e en 1973. Elle pratique l&rsquo;\u00e9criture sous de multiples formes et supports depuis la fin des ann\u00e9es 90, o\u00f9 elle publiait dans des revues. Son premier ouvrage Les Mouflettes d&rsquo;Atropos, est sorti en 2000 aux \u00e9ditions &hellip; <a href=\"https:\/\/chloedelaume.net\/\">Continuer la lecture <span class=\"meta-nav\">&rarr;<\/span><\/a><\/p>\n","protected":false},"author":2,"featured_media":0,"parent":0,"menu_order":1,"comment_status":"closed","ping_status":"open","template":"","meta":{"jetpack_post_was_ever_published":false,"footnotes":""},"class_list":["post-2","page","type-page","status-publish","hentry"],"jetpack_sharing_enabled":true,"jetpack_shortlink":"https:\/\/wp.me\/P3Xt8S-2","_links":{"self":[{"href":"https:\/\/chloedelaume.net\/index.php?rest_route=\/wp\/v2\/pages\/2","targetHints":{"allow":["GET"]}}],"collection":[{"href":"https:\/\/chloedelaume.net\/index.php?rest_route=\/wp\/v2\/pages"}],"about":[{"href":"https:\/\/chloedelaume.net\/index.php?rest_route=\/wp\/v2\/types\/page"}],"author":[{"embeddable":true,"href":"https:\/\/chloedelaume.net\/index.php?rest_route=\/wp\/v2\/users\/2"}],"replies":[{"embeddable":true,"href":"https:\/\/chloedelaume.net\/index.php?rest_route=%2Fwp%2Fv2%2Fcomments&post=2"}],"version-history":[{"count":186,"href":"https:\/\/chloedelaume.net\/index.php?rest_route=\/wp\/v2\/pages\/2\/revisions"}],"predecessor-version":[{"id":6559,"href":"https:\/\/chloedelaume.net\/index.php?rest_route=\/wp\/v2\/pages\/2\/revisions\/6559"}],"wp:attachment":[{"href":"https:\/\/chloedelaume.net\/index.php?rest_route=%2Fwp%2Fv2%2Fmedia&parent=2"}],"curies":[{"name":"wp","href":"https:\/\/api.w.org\/{rel}","templated":true}]}}